{"id":1038,"date":"2025-07-25T14:28:10","date_gmt":"2025-07-25T14:28:10","guid":{"rendered":"https:\/\/opusaris.com\/om-oss\/"},"modified":"2026-03-25T11:12:08","modified_gmt":"2026-03-25T11:12:08","slug":"om-oss","status":"publish","type":"page","link":"https:\/\/opusaris.com\/sv\/om-oss\/","title":{"rendered":"Om oss"},"content":{"rendered":"<p>[et_pb_section fb_built=&#8221;1&#8243; _builder_version=&#8221;4.27.4&#8243; _module_preset=&#8221;default&#8221; use_background_color_gradient=&#8221;on&#8221; background_color_gradient_direction=&#8221;58deg&#8221; background_color_gradient_stops=&#8221;gcid-58417ebb-1391-40ba-ae2f-2c799fdb5efa 33%|rgba(255,255,255,0) 66%&#8221; background_image=&#8221;https:\/\/opusaris.com\/wp-content\/uploads\/2025\/07\/OpusBridge.webp&#8221; background_blend=&#8221;overlay&#8221; custom_padding=&#8221;|||0px||&#8221; global_colors_info=&#8221;{%22gcid-58417ebb-1391-40ba-ae2f-2c799fdb5efa%22:%91%22background_color_gradient_stops%22%93}&#8221;][et_pb_row column_structure=&#8221;2_5,3_5&#8243; _builder_version=&#8221;4.27.4&#8243; _module_preset=&#8221;default&#8221; global_colors_info=&#8221;{}&#8221;][et_pb_column type=&#8221;2_5&#8243; _builder_version=&#8221;4.27.4&#8243; _module_preset=&#8221;default&#8221; global_colors_info=&#8221;{}&#8221;][et_pb_heading title=&#8221;Om OpusAris&#8221; _builder_version=&#8221;4.27.4&#8243; _module_preset=&#8221;default&#8221; global_colors_info=&#8221;{}&#8221;][\/et_pb_heading][et_pb_text _builder_version=&#8221;4.27.4&#8243; _module_preset=&#8221;default&#8221; global_colors_info=&#8221;{}&#8221;]<\/p>\n<p><strong>Opus Aris<\/strong><span>  \u00f6vers\u00e4tts till \u201cUtm\u00e4rkt arbete.\u201d F\u00f6r oss \u00e4r det mer \u00e4n ett namn \u2013 det \u00e4r ett kall. Vi n\u00e4rmar oss varje projekt med en anda av service och orubblig uppm\u00e4rksamhet p\u00e5 detaljer, vilket s\u00e4kerst\u00e4ller att arbetet vi levererar verkligen tillf\u00f6r v\u00e4rde. Genom att kombinera datadriven insikt med praktisk branschexpertis hj\u00e4lper vi IT-leverant\u00f6rer att v\u00e4xa, \u00f6ka f\u00f6rs\u00e4ljningen och utm\u00e4rka sig p\u00e5 marknaden \u2013 allt medan vi h\u00e5ller v\u00e5ra kunder i centrum och genuint bryr oss om deras framg\u00e5ng.   <\/span><\/p>\n<p>[\/et_pb_text][\/et_pb_column][et_pb_column type=&#8221;3_5&#8243; _builder_version=&#8221;4.27.4&#8243; _module_preset=&#8221;default&#8221; global_colors_info=&#8221;{}&#8221;][\/et_pb_column][\/et_pb_row][\/et_pb_section][et_pb_section fb_built=&#8221;1&#8243; _builder_version=&#8221;4.27.4&#8243; _module_preset=&#8221;default&#8221; global_colors_info=&#8221;{}&#8221;][et_pb_row column_structure=&#8221;1_2,1_2&#8243; _builder_version=&#8221;4.27.4&#8243; _module_preset=&#8221;default&#8221; global_colors_info=&#8221;{}&#8221;][et_pb_column type=&#8221;1_2&#8243; _builder_version=&#8221;4.27.4&#8243; _module_preset=&#8221;default&#8221; global_colors_info=&#8221;{}&#8221;][et_pb_text _builder_version=&#8221;4.27.4&#8243; _module_preset=&#8221;default&#8221; global_colors_info=&#8221;{}&#8221;]<\/p>\n<h4>OpusAris<\/h4>\n<h2>Hur jag h\u00e5ller OpusAris smidigt, fokuserat och kreativt<\/h2>\n<p>[\/et_pb_text][et_pb_divider _builder_version=&#8221;4.27.4&#8243; _module_preset=&#8221;default&#8221; width=&#8221;20%&#8221; global_colors_info=&#8221;{}&#8221;][\/et_pb_divider][et_pb_text _builder_version=&#8221;4.27.4&#8243; _module_preset=&#8221;default&#8221; global_colors_info=&#8221;{}&#8221;]<\/p>\n<p data-start=\"238\" data-end=\"632\" class=\"\">Jag har byggt OpusAris f\u00f6r att vara avsiktligt smidigt och samarbetsinriktat. Vi h\u00e5ller v\u00e5r k\u00e4rna tight, med erfarna projektledare anst\u00e4llda som tillf\u00f6r struktur, konsekvens och momentum till varje projekt. Runt det samlar jag team av frilansande kreat\u00f6rer skr\u00e4ddarsydda f\u00f6r varje uppdrag: designers, skribenter, utvecklare och till och med filmskapare. P\u00e5 detta s\u00e4tt tar vi alltid in r\u00e4tt kompetens f\u00f6r uppgiften.   <\/p>\n<p data-start=\"634\" data-end=\"901\" class=\"\">AI \u00e4r ocks\u00e5 en viktig del av v\u00e5rt arbetsfl\u00f6de. Vi anv\u00e4nder det f\u00f6r att f\u00f6rb\u00e4ttra kreativt resultat, p\u00e5skynda produktionen och f\u00f6rb\u00e4ttra precisionen i allt fr\u00e5n konceptutveckling till kampanjgenomf\u00f6rande. Det hj\u00e4lper oss att arbeta smartare och frig\u00f6r mer tid f\u00f6r verkligt t\u00e4nkande och kreativt v\u00e4rde.  <\/p>\n<p data-start=\"903\" data-end=\"1111\" class=\"\">Denna struktur g\u00f6r att vi kan r\u00f6ra oss snabbt, f\u00f6rbli flexibla och anpassa oss till vad varje kund beh\u00f6ver. Det inneb\u00e4r ocks\u00e5 att vi undviker on\u00f6diga omkostnader. V\u00e5r energi g\u00e5r till att g\u00f6ra ett bra jobb, inte till att uppr\u00e4tth\u00e5lla en stor struktur.  <\/p>\n<p data-start=\"1113\" data-end=\"1358\" class=\"\">Transparens \u00e4r viktigt f\u00f6r mig. Varje kund f\u00e5r tillg\u00e5ng till en anpassad projekt\u00f6versikt d\u00e4r de kan f\u00f6lja framsteg i realtid: tidslinjer, f\u00f6rfallodatum, leverabler, budgetar och faktiska utgifter. Det handlar om tydlighet, kontroll och delat momentum.  <\/p>\n<p data-start=\"1360\" data-end=\"1471\" class=\"\">Det \u00e4r s\u00e5 jag driver OpusAris. Slimmat, kreativt, lyh\u00f6rt och alltid fokuserat p\u00e5 vad som \u00e4r viktigast f\u00f6r v\u00e5ra kunder. <\/p>\n<p>[\/et_pb_text][\/et_pb_column][et_pb_column type=&#8221;1_2&#8243; _builder_version=&#8221;4.27.4&#8243; _module_preset=&#8221;default&#8221; global_colors_info=&#8221;{}&#8221;][et_pb_testimonial author=&#8221;Jan v. Christensen&#8221; job_title=&#8221;VD&#8221; company_name=&#8221;OpusAris AB&#8221; url=&#8221;https:\/\/load.se\/&#8221; portrait_url=&#8221;https:\/\/opusaris.com\/wp-content\/uploads\/2024\/12\/jvc0107.jpg&#8221; _builder_version=&#8221;4.27.4&#8243; _module_preset=&#8221;default&#8221; global_colors_info=&#8221;{}&#8221;]<\/p>\n<p>Jag har tillbringat min karri\u00e4r i den globala IT-branschen och arbetat med n\u00e5gra av v\u00e4rldens fr\u00e4msta leverant\u00f6rer f\u00f6r att marknadsf\u00f6ra avancerade l\u00f6sningar till partners och kunder v\u00e4rlden \u00f6ver. P\u00e5 OpusAris anv\u00e4nder jag min tekniska expertis och aff\u00e4rsinsikt f\u00f6r att hj\u00e4lpa IT-partners och leverant\u00f6rer att skapa effektiva, resultatdrivna marknadsf\u00f6rings- och s\u00e4ljinitiativ. Jag har lett framg\u00e5ngsrika leverant\u00f6rs\u00f6verskridande kampanjer, st\u00f6ttat partners inom olika branscher och arbetat med intressenter p\u00e5 alla niv\u00e5er \u2013 fr\u00e5n verksamhet till f\u00f6retagsledning. Genom OpusAris fungerar vi som en dedikerad marknadsf\u00f6ringsavdelning f\u00f6r v\u00e5ra kunder och hj\u00e4lper dem att konkurrera l\u00e5ngt \u00f6ver sin viktklass.   <\/p>\n<p>[\/et_pb_testimonial][\/et_pb_column][\/et_pb_row][et_pb_row _builder_version=&#8221;4.27.4&#8243; _module_preset=&#8221;default&#8221; global_colors_info=&#8221;{}&#8221;][et_pb_column type=&#8221;4_4&#8243; _builder_version=&#8221;4.27.4&#8243; _module_preset=&#8221;default&#8221; global_colors_info=&#8221;{}&#8221;][et_pb_divider _builder_version=&#8221;4.27.4&#8243; _module_preset=&#8221;default&#8221; global_colors_info=&#8221;{}&#8221;][\/et_pb_divider][\/et_pb_column][\/et_pb_row][et_pb_row column_structure=&#8221;3_5,2_5&#8243; _builder_version=&#8221;4.27.4&#8243; _module_preset=&#8221;default&#8221; global_colors_info=&#8221;{}&#8221;][et_pb_column type=&#8221;3_5&#8243; _builder_version=&#8221;4.27.4&#8243; _module_preset=&#8221;default&#8221; global_colors_info=&#8221;{}&#8221;][et_pb_text _builder_version=&#8221;4.27.4&#8243; _module_preset=&#8221;default&#8221; global_colors_info=&#8221;{}&#8221;]<\/p>\n<h6>HUR VI ARBETAR<\/h6>\n<h1>DMI-partner<\/h1>\n<p>Som officiell partner till Digital Marketing Institute (DMI) h\u00e5ller sig OpusAris i framkant n\u00e4r det g\u00e4ller b\u00e4sta praxis, utbildning och strategi inom digital marknadsf\u00f6ring. Detta partnerskap \u00e5terspeglar v\u00e5rt engagemang f\u00f6r att leverera h\u00f6gkvalitativa, datadrivna marknadsf\u00f6ringstj\u00e4nster grundade i globalt erk\u00e4nda standarder och kontinuerligt l\u00e4rande. <\/p>\n<p>[\/et_pb_text][et_pb_divider _builder_version=&#8221;4.27.4&#8243; _module_preset=&#8221;default&#8221; width=&#8221;30%&#8221; global_colors_info=&#8221;{}&#8221;][\/et_pb_divider][\/et_pb_column][et_pb_column type=&#8221;2_5&#8243; _builder_version=&#8221;4.27.4&#8243; _module_preset=&#8221;default&#8221; global_colors_info=&#8221;{}&#8221;][et_pb_image src=&#8221;https:\/\/opusaris.com\/wp-content\/uploads\/2025\/07\/DMI-partner-logo-300&#215;169.png&#8221; title_text=&#8221;DMI-partner-logo&#8221; _builder_version=&#8221;4.27.4&#8243; _module_preset=&#8221;default&#8221; hover_enabled=&#8221;0&#8243; global_colors_info=&#8221;{}&#8221; url=&#8221;https:\/\/my.digitalmarketinginstitute.com\/members\/jan-christensen&#8221; sticky_enabled=&#8221;0&#8243;][\/et_pb_image][\/et_pb_column][\/et_pb_row][\/et_pb_section]<\/p>\n","protected":false},"excerpt":{"rendered":"<p>Opus Aris \u00f6vers\u00e4tts till \u201cUtm\u00e4rkt arbete.\u201d F\u00f6r oss \u00e4r det mer \u00e4n ett namn \u2013 det \u00e4r ett kall. Vi n\u00e4rmar oss varje projekt med en anda av service och orubblig uppm\u00e4rksamhet p\u00e5 detaljer, vilket s\u00e4kerst\u00e4ller att arbetet vi levererar verkligen tillf\u00f6r v\u00e4rde. Genom att kombinera datadriven insikt med praktisk branschexpertis hj\u00e4lper vi IT-leverant\u00f6rer att [&hellip;]<\/p>\n","protected":false},"author":1,"featured_media":0,"parent":0,"menu_order":0,"comment_status":"closed","ping_status":"closed","template":"","meta":{"_et_pb_use_builder":"on","_et_pb_old_content":"","_et_gb_content_width":"","footnotes":""},"class_list":["post-1038","page","type-page","status-publish","hentry"],"_links":{"self":[{"href":"https:\/\/opusaris.com\/sv\/wp-json\/wp\/v2\/pages\/1038","targetHints":{"allow":["GET"]}}],"collection":[{"href":"https:\/\/opusaris.com\/sv\/wp-json\/wp\/v2\/pages"}],"about":[{"href":"https:\/\/opusaris.com\/sv\/wp-json\/wp\/v2\/types\/page"}],"author":[{"embeddable":true,"href":"https:\/\/opusaris.com\/sv\/wp-json\/wp\/v2\/users\/1"}],"replies":[{"embeddable":true,"href":"https:\/\/opusaris.com\/sv\/wp-json\/wp\/v2\/comments?post=1038"}],"version-history":[{"count":32,"href":"https:\/\/opusaris.com\/sv\/wp-json\/wp\/v2\/pages\/1038\/revisions"}],"predecessor-version":[{"id":2789,"href":"https:\/\/opusaris.com\/sv\/wp-json\/wp\/v2\/pages\/1038\/revisions\/2789"}],"wp:attachment":[{"href":"https:\/\/opusaris.com\/sv\/wp-json\/wp\/v2\/media?parent=1038"}],"curies":[{"name":"wp","href":"https:\/\/api.w.org\/{rel}","templated":true}]}}