{"id":1019,"date":"2025-07-25T08:07:40","date_gmt":"2025-07-25T08:07:40","guid":{"rendered":"https:\/\/opusaris.com\/vara-tjanster\/"},"modified":"2026-03-30T04:15:15","modified_gmt":"2026-03-30T04:15:15","slug":"vara-tjanster","status":"publish","type":"page","link":"https:\/\/opusaris.com\/sv\/vara-tjanster\/","title":{"rendered":"V\u00e5ra tj\u00e4nster"},"content":{"rendered":"<p>[et_pb_section fb_built=&#8221;1&#8243; _builder_version=&#8221;4.27.4&#8243; _module_preset=&#8221;default&#8221; global_colors_info=&#8221;{}&#8221;][et_pb_row column_structure=&#8221;3_5,2_5&#8243; _builder_version=&#8221;4.27.4&#8243; _module_preset=&#8221;default&#8221; global_colors_info=&#8221;{}&#8221;][et_pb_column type=&#8221;3_5&#8243; _builder_version=&#8221;4.27.4&#8243; _module_preset=&#8221;default&#8221; global_colors_info=&#8221;{}&#8221;][et_pb_text _builder_version=&#8221;4.27.4&#8243; _module_preset=&#8221;default&#8221; header_font_size=&#8221;42px&#8221; global_colors_info=&#8221;{}&#8221;]<\/p>\n<h1>V\u00e5ra tj\u00e4nster<\/h1>\n<p>Vi \u00e4r en fullservicebyr\u00e5 inom marknadsf\u00f6ring som hj\u00e4lper IT-leverant\u00f6rer att driva marknadsf\u00f6ring p\u00e5 f\u00f6retagsniv\u00e5. Vi fungerar som en integrerad marknadsavdelning och hanterar strategi, kampanjer, inneh\u00e5ll och kreativt arbete medan vi \u00e4r helt integrerade med ditt team. Se oss som din marknadsavdelning p\u00e5 beg\u00e4ran, som levererar resultat utan att \u00f6ka personalstyrkan.  <\/p>\n<p>[\/et_pb_text][et_pb_image src=&#8221;https:\/\/opusaris.com\/wp-content\/uploads\/2025\/07\/OpusOurService.jpg&#8221; title_text=&#8221;Tillv\u00e4xtstrategi aff\u00e4rstrendkoncept. Aff\u00e4rsmans hand p\u00e5 pilikon f\u00f6r investering. \u00d6ka f\u00f6rs\u00e4ljningsmarknadsf\u00f6ring, \u00f6ka framg\u00e5ngspotential, skjut raketen mot v\u00e4lst\u00e5nd. Konkurrenskraftig aff\u00e4rsm\u00e5lplan   &#8221; _builder_version=&#8221;4.27.4&#8243; _module_preset=&#8221;default&#8221; global_colors_info=&#8221;{}&#8221;][\/et_pb_image][\/et_pb_column][et_pb_column type=&#8221;2_5&#8243; _builder_version=&#8221;4.27.4&#8243; _module_preset=&#8221;default&#8221; global_colors_info=&#8221;{}&#8221;][et_pb_blurb title=&#8221;Marknadsstrategi f\u00f6r IT-leverant\u00f6rer&#8221; url=&#8221;#strategy&#8221; use_icon=&#8221;on&#8221; font_icon=&#8221;&#xe01c;||divi||400&#8243; icon_placement=&#8221;left&#8221; _builder_version=&#8221;4.27.4&#8243; _module_preset=&#8221;default&#8221; global_colors_info=&#8221;{}&#8221;]<\/p>\n<ul>\n<li data-start=\"1454\" data-end=\"1478\">\n<p data-start=\"1456\" data-end=\"1478\">Meddelandearkitektur<\/p>\n<\/li>\n<li data-start=\"1482\" data-end=\"1501\">\n<p data-start=\"1484\" data-end=\"1501\">Kampanjplanering<\/p>\n<\/li>\n<li data-start=\"1505\" data-end=\"1533\">\n<p data-start=\"1507\" data-end=\"1533\">GTM-samordning mellan leverant\u00f6rer<\/p>\n<\/li>\n<\/ul>\n<p>[\/et_pb_blurb][et_pb_blurb title=&#8221;Kampanjutveckling&#8221; url=&#8221;#campaign&#8221; use_icon=&#8221;on&#8221; font_icon=&#8221;&#xf0eb;||fa||400&#8243; icon_placement=&#8221;left&#8221; _builder_version=&#8221;4.27.4&#8243; _module_preset=&#8221;default&#8221; global_colors_info=&#8221;{}&#8221;]<\/p>\n<ul>\n<li data-start=\"1564\" data-end=\"1593\">\n<p data-start=\"1566\" data-end=\"1593\">Webbinarier och digitala event<\/p>\n<\/li>\n<li data-start=\"1597\" data-end=\"1626\">\n<p data-start=\"1599\" data-end=\"1626\">Video  visuellt ber\u00e4ttande<\/p>\n<\/li>\n<li data-start=\"1630\" data-end=\"1658\">\n<p data-start=\"1632\" data-end=\"1658\">Sociala medier  nyhetsbrev<\/p>\n<\/li>\n<\/ul>\n<p>[\/et_pb_blurb][et_pb_blurb title=&#8221;S\u00e4ljst\u00f6d&#8221; url=&#8221;#enablement&#8221; use_icon=&#8221;on&#8221; font_icon=&#8221;&#xf19c;||fa||900&#8243; icon_placement=&#8221;left&#8221; _builder_version=&#8221;4.27.4&#8243; _module_preset=&#8221;default&#8221; global_colors_info=&#8221;{}&#8221;]<\/p>\n<ul>\n<li data-start=\"1687\" data-end=\"1711\">\n<p data-start=\"1689\" data-end=\"1711\">Produktblad  presentationer<\/p>\n<\/li>\n<li data-start=\"1715\" data-end=\"1746\">\n<p data-start=\"1717\" data-end=\"1746\">Handb\u00f6cker och e-postsekvenser<\/p>\n<\/li>\n<li data-start=\"1750\" data-end=\"1785\">\n<p data-start=\"1752\" data-end=\"1785\">Utbildning och coachning f\u00f6r s\u00e4ljare<\/p>\n<\/li>\n<\/ul>\n<p>[\/et_pb_blurb][et_pb_blurb title=&#8221;Inneh\u00e5llsutveckling&#8221; url=&#8221;#content&#8221; use_icon=&#8221;on&#8221; font_icon=&#8221;&#x69;||divi||400&#8243; icon_placement=&#8221;left&#8221; _builder_version=&#8221;4.27.4&#8243; _module_preset=&#8221;default&#8221; global_colors_info=&#8221;{}&#8221;]<\/p>\n<ul>\n<li data-start=\"1817\" data-end=\"1837\">\n<p data-start=\"1819\" data-end=\"1837\">Thought leadership<\/p>\n<\/li>\n<li data-start=\"1841\" data-end=\"1878\">\n<p data-start=\"1843\" data-end=\"1878\">Break\/fix-demonstrationer (inspelade sessioner)<\/p>\n<\/li>\n<li data-start=\"1882\" data-end=\"1918\">\n<p data-start=\"1884\" data-end=\"1918\">Infografik  l\u00f6sningsf\u00f6rklaringar<\/p>\n<\/li>\n<\/ul>\n<p>[\/et_pb_blurb][\/et_pb_column][\/et_pb_row][et_pb_row column_structure=&#8221;2_3,1_3&#8243; _builder_version=&#8221;4.27.4&#8243; _module_preset=&#8221;default&#8221; global_colors_info=&#8221;{}&#8221;][et_pb_column type=&#8221;2_3&#8243; _builder_version=&#8221;4.27.4&#8243; _module_preset=&#8221;default&#8221; global_colors_info=&#8221;{}&#8221;][et_pb_divider _builder_version=&#8221;4.27.4&#8243; _module_preset=&#8221;default&#8221; global_colors_info=&#8221;{}&#8221;][\/et_pb_divider][\/et_pb_column][et_pb_column type=&#8221;1_3&#8243; _builder_version=&#8221;4.27.4&#8243; _module_preset=&#8221;default&#8221; global_colors_info=&#8221;{}&#8221;][\/et_pb_column][\/et_pb_row][et_pb_row column_structure=&#8221;2_3,1_3&#8243; _builder_version=&#8221;4.27.4&#8243; _module_preset=&#8221;default&#8221; global_colors_info=&#8221;{}&#8221;][et_pb_column type=&#8221;2_3&#8243; _builder_version=&#8221;4.27.4&#8243; _module_preset=&#8221;default&#8221; global_colors_info=&#8221;{}&#8221;][et_pb_text module_id=&#8221;strategy&#8221; _builder_version=&#8221;4.27.4&#8243; _module_preset=&#8221;default&#8221; header_4_font=&#8221;|600|||||||&#8221; global_colors_info=&#8221;{}&#8221;]<\/p>\n<h1>Strategisk marknadsf\u00f6ring f\u00f6r IT-leverant\u00f6rer<\/h1>\n<p>P\u00e5 OpusAris levererar vi marknadsf\u00f6ring p\u00e5 f\u00f6retagsniv\u00e5 skr\u00e4ddarsydd f\u00f6r IT-leverant\u00f6rer. Oavsett om du lanserar en l\u00f6sning eller expanderar till nya marknader, integrerar vi oss i din verksamhet som en f\u00f6rl\u00e4ngning av ditt eget marknadsf\u00f6ringsteam. <\/p>\n<p>Vi b\u00f6rjar med att f\u00f6rst\u00e5 dina produkter, positionering och befintliga marknadsf\u00f6ringsinsatser, ofta genom att arbeta direkt med leverant\u00f6rer som IBM f\u00f6r att anpassa v\u00e5r strategi till deras budskap och strategiska inriktning. Detta s\u00e4kerst\u00e4ller konsekvens, relevans och trov\u00e4rdighet fr\u00e5n dag ett. <\/p>\n<h2>V\u00e5ra tj\u00e4nster inkluderar:<\/h2>\n<h4 style=\"padding-left: 40px\">Marknadsstrategi<\/h4>\n<p style=\"padding-left: 40px\">Vi utformar tydliga, handlingsinriktade marknadsstrategier som st\u00f6djer dina aff\u00e4rsm\u00e5l, engagerar r\u00e4tt m\u00e5lgrupper och genererar verkliga resultat. Oavsett om du s\u00e4ljer infrastruktur, programvara eller tj\u00e4nster, utformar vi kampanjer som ger effekt. <\/p>\n<h4 style=\"padding-left: 40px\">Meddelandearkitektur<\/h4>\n<p style=\"padding-left: 40px\">Vi skapar strukturerade, konsekventa budskap som talar till dina m\u00e5lpersoner. V\u00e5ra meddelanderamverk f\u00f6renklar komplexa l\u00f6sningar och f\u00f6renar kommunikationen mellan f\u00f6rs\u00e4ljning och marknadsf\u00f6ring. <\/p>\n<h4 style=\"padding-left: 40px\">Kampanjplanering<\/h4>\n<p style=\"padding-left: 40px\">Fr\u00e5n webbinarier och e-post till fullst\u00e4ndiga flerkanalskampanjer hanterar vi allt. Vi kartl\u00e4gger varje detalj, samordnar med intressenter och ger liv \u00e5t ditt budskap med smart, m\u00e4tbar genomf\u00f6rande. <\/p>\n<h4 style=\"padding-left: 40px\">GTM-samordning mellan leverant\u00f6rer<\/h4>\n<p style=\"padding-left: 40px\">N\u00e4r dina l\u00f6sningar involverar partners eller f\u00f6rlitar sig p\u00e5 bredare ekosystem, s\u00e4kerst\u00e4ller vi att din go-to-market (GTM)-plan \u00e4r samordnad mellan leverant\u00f6rer. Vi samarbetar med f\u00f6rs\u00e4ljnings- och tekniska team f\u00f6r att bygga sammanh\u00e4ngande kampanjer som driver gemensam framg\u00e5ng. <\/p>\n<p>Vi designar inte bara planer \u2013 vi genomf\u00f6r och hanterar dem fr\u00e5n b\u00f6rjan till slut, och forts\u00e4tter att engagera oss f\u00f6r att kontinuerligt f\u00f6rb\u00e4ttra prestandan. Oavsett om du beh\u00f6ver strategisk v\u00e4gledning, inneh\u00e5llsproduktion eller projektledning fr\u00e5n b\u00f6rjan till slut, levererar OpusAris marknadsf\u00f6ring som fungerar p\u00e5 dina villkor. <\/p>\n<p>[\/et_pb_text][\/et_pb_column][et_pb_column type=&#8221;1_3&#8243; _builder_version=&#8221;4.27.4&#8243; _module_preset=&#8221;default&#8221; global_colors_info=&#8221;{}&#8221;][et_pb_image src=&#8221;https:\/\/opusaris.com\/wp-content\/uploads\/2025\/07\/OpusStrategy.jpg&#8221; title_text=&#8221;Schackpj\u00e4ser p\u00e5 br\u00e4de i bl\u00e5tt&#8221; _builder_version=&#8221;4.27.4&#8243; _module_preset=&#8221;default&#8221; global_colors_info=&#8221;{}&#8221;][\/et_pb_image][\/et_pb_column][\/et_pb_row][et_pb_row column_structure=&#8221;2_5,3_5&#8243; _builder_version=&#8221;4.27.4&#8243; _module_preset=&#8221;default&#8221; global_colors_info=&#8221;{}&#8221;][et_pb_column type=&#8221;2_5&#8243; _builder_version=&#8221;4.27.4&#8243; _module_preset=&#8221;default&#8221; global_colors_info=&#8221;{}&#8221;][et_pb_divider _builder_version=&#8221;4.27.4&#8243; _module_preset=&#8221;default&#8221; global_colors_info=&#8221;{}&#8221;][\/et_pb_divider][\/et_pb_column][et_pb_column type=&#8221;3_5&#8243; _builder_version=&#8221;4.27.4&#8243; _module_preset=&#8221;default&#8221; global_colors_info=&#8221;{}&#8221;][\/et_pb_column][\/et_pb_row][et_pb_row column_structure=&#8221;1_3,2_3&#8243; _builder_version=&#8221;4.27.4&#8243; _module_preset=&#8221;default&#8221; global_colors_info=&#8221;{}&#8221;][et_pb_column type=&#8221;1_3&#8243; _builder_version=&#8221;4.27.4&#8243; _module_preset=&#8221;default&#8221; global_colors_info=&#8221;{}&#8221;][et_pb_image src=&#8221;https:\/\/opusaris.com\/wp-content\/uploads\/2025\/07\/OpusContent.jpg&#8221; title_text=&#8221;Ung kvinnlig m\u00e4klare eller coach som pekar p\u00e5 ett av papperen med fl\u00f6desscheman&#8221; _builder_version=&#8221;4.27.4&#8243; _module_preset=&#8221;default&#8221; global_colors_info=&#8221;{}&#8221;][\/et_pb_image][\/et_pb_column][et_pb_column type=&#8221;2_3&#8243; _builder_version=&#8221;4.27.4&#8243; _module_preset=&#8221;default&#8221; global_colors_info=&#8221;{}&#8221;][et_pb_text module_id=&#8221;campaign&#8221; _builder_version=&#8221;4.27.4&#8243; _module_preset=&#8221;default&#8221; header_4_font=&#8221;|600|||||||&#8221; global_colors_info=&#8221;{}&#8221;]<\/p>\n<h1>Engagerande kampanjer som ger resultat<\/h1>\n<p data-start=\"188\" data-end=\"446\">Vi skapar och hanterar kampanjer som sk\u00e4r genom bruset \u2013 specifikt utformade f\u00f6r IT-partners och teknikfokuserade m\u00e5lgrupper. Oavsett om du bygger medvetenhet eller accelererar f\u00f6rs\u00e4ljning, skr\u00e4ddarsyr vi varje aktivitet efter dina m\u00e5l, m\u00e5lgrupper och leverant\u00f6rslandskap. <\/p>\n<p data-start=\"448\" data-end=\"593\">V\u00e5r strategi \u00e4r praktisk: vi arbetar med ditt team och dina leverant\u00f6rspartners f\u00f6r att s\u00e4kerst\u00e4lla konsekvent budskap, samordnad timing och s\u00f6ml\u00f6st genomf\u00f6rande.<\/p>\n<p data-start=\"595\" data-end=\"858\" style=\"padding-left: 40px\"><strong data-start=\"595\" data-end=\"624\">Webbinarier  digitala event<\/strong><br data-start=\"624\" data-end=\"627\">Vi planerar, marknadsf\u00f6r och genomf\u00f6r webbinarier fr\u00e5n b\u00f6rjan till slut \u2013 fr\u00e5n talarkoordinering och plattformsinst\u00e4llning till kreativ marknadsf\u00f6ring och uppf\u00f6ljning efter eventet. V\u00e5ra teknikfokuserade webbinarier \u00e4r utformade f\u00f6r att utbilda, engagera och generera pipeline. <\/p>\n<p data-start=\"860\" data-end=\"1124\" style=\"padding-left: 40px\"><strong data-start=\"860\" data-end=\"891\">Video  visuellt ber\u00e4ttande<\/strong><br data-start=\"891\" data-end=\"894\">Fr\u00e5n produktf\u00f6rklaringar till fallstudieanimationer och demovisningar omvandlar vi komplexa id\u00e9er till \u00f6vertygande visuellt inneh\u00e5ll. Vi arbetar med tekniska intressenter f\u00f6r att s\u00e4kerst\u00e4lla korrekthet samtidigt som vi h\u00e5ller inneh\u00e5llet engagerande och l\u00e4ttsm\u00e4lt. <\/p>\n<p data-start=\"1126\" data-end=\"1395\" style=\"padding-left: 40px\"><strong data-start=\"1126\" data-end=\"1156\">Sociala medier  nyhetsbrev<\/strong><br data-start=\"1156\" data-end=\"1159\">Vi hj\u00e4lper dig att h\u00e5lla kontakten med din m\u00e5lgrupp genom regelbundna uppdateringar, kurerat thought leadership och kampanjinneh\u00e5ll anpassat f\u00f6r LinkedIn, e-post eller andra kanaler. Vi skriver, designar och hanterar allt \u2013 fr\u00e5n planering till publicering. <\/p>\n<p data-start=\"1397\" data-end=\"1641\">Varje kampanj hanteras fullt ut av oss \u2013 fr\u00e5n initial koncept till uppf\u00f6ljningsrapportering \u2013 vilket s\u00e4kerst\u00e4ller att inget faller mellan stolarna och att varje detalj optimeras. Vi fungerar som ditt integrerade marknadsf\u00f6ringsteam och anpassar strategi med genomf\u00f6rande f\u00f6r att leverera tydlig, konsekvent effekt. <\/p>\n<p>[\/et_pb_text][\/et_pb_column][\/et_pb_row][et_pb_row column_structure=&#8221;2_5,3_5&#8243; _builder_version=&#8221;4.27.4&#8243; _module_preset=&#8221;default&#8221; global_colors_info=&#8221;{}&#8221;][et_pb_column type=&#8221;2_5&#8243; _builder_version=&#8221;4.27.4&#8243; _module_preset=&#8221;default&#8221; global_colors_info=&#8221;{}&#8221;][et_pb_divider _builder_version=&#8221;4.27.4&#8243; _module_preset=&#8221;default&#8221; global_colors_info=&#8221;{}&#8221;][\/et_pb_divider][\/et_pb_column][et_pb_column type=&#8221;3_5&#8243; _builder_version=&#8221;4.27.4&#8243; _module_preset=&#8221;default&#8221; global_colors_info=&#8221;{}&#8221;][\/et_pb_column][\/et_pb_row][et_pb_row column_structure=&#8221;2_3,1_3&#8243; _builder_version=&#8221;4.27.4&#8243; _module_preset=&#8221;default&#8221; global_colors_info=&#8221;{}&#8221;][et_pb_column type=&#8221;2_3&#8243; _builder_version=&#8221;4.27.4&#8243; _module_preset=&#8221;default&#8221; global_colors_info=&#8221;{}&#8221;][et_pb_text module_id=&#8221;enablement&#8221; _builder_version=&#8221;4.27.4&#8243; _module_preset=&#8221;default&#8221; header_4_font=&#8221;|600|||||||&#8221; global_colors_info=&#8221;{}&#8221;]<\/p>\n<h1>Utrusta s\u00e4lj- och tekniska team f\u00f6r att driva resultat<\/h1>\n<p data-start=\"212\" data-end=\"515\">P\u00e5 OpusAris st\u00f6djer vi hela kundresan \u2013 fr\u00e5n marknadsf\u00f6ringsmedvetenhet till f\u00f6rs\u00e4ljningskonvertering \u2013 genom att ge dina team verktygen, kunskapen och sj\u00e4lvf\u00f6rtroendet att lyckas. V\u00e5ra st\u00f6dtj\u00e4nster \u00e4r skr\u00e4ddarsydda f\u00f6r IT-partners och deras leverant\u00f6rer, och hj\u00e4lper b\u00e5de s\u00e4lj- och tekniska experter att engagera sig effektivt. <\/p>\n<p data-start=\"517\" data-end=\"678\">Vi arbetar n\u00e4ra \u00e4mnesexperter f\u00f6r att omvandla komplexa erbjudanden till tydligt, anv\u00e4ndbart material som \u00f6verensst\u00e4mmer med ditt budskap och go-to-market-strategi.<\/p>\n<p data-start=\"680\" data-end=\"977\" style=\"padding-left: 40px\"><strong data-start=\"680\" data-end=\"712\">Produktblad  s\u00e4ljpresentationer<\/strong><br data-start=\"712\" data-end=\"715\">Vi skapar rena, \u00f6vertygande material som g\u00f6r det enkelt att presentera tekniskt v\u00e4rde i kundorienterade format. Oavsett om det g\u00e4ller f\u00f6retagsinfrastruktur, programvara eller hybridl\u00f6sningar, anpassar vi inneh\u00e5llet f\u00f6r verklig anv\u00e4ndning i s\u00e4ljsamtal och partnerm\u00f6ten. <\/p>\n<p data-start=\"979\" data-end=\"1218\" style=\"padding-left: 40px\"><strong data-start=\"979\" data-end=\"1010\">Handb\u00f6cker  e-postsekvenser<\/strong><br data-start=\"1010\" data-end=\"1013\">V\u00e5ra handb\u00f6cker tillhandah\u00e5ller strukturerade budskap, personas, konkurrensinsikter, samtalsmanuskript och e-postmallar som hj\u00e4lper s\u00e4ljare att driva aff\u00e4rer fram\u00e5t \u2013 s\u00e4rskilt i scenarier med flera intressenter eller flera leverant\u00f6rer.<\/p>\n<p data-start=\"1220\" data-end=\"1512\" style=\"padding-left: 40px\"><strong data-start=\"1220\" data-end=\"1250\">S\u00e4lj-  teknisk utbildning<\/strong><br data-start=\"1250\" data-end=\"1253\">Vi levererar utbildningssessioner, workshops och on-demand-moduler f\u00f6r b\u00e5de kommersiella och tekniska team. Fr\u00e5n s\u00e4ljpositionering och inv\u00e4ndningshantering till tekniska genomg\u00e5ngar av koncept och principer, bygger vi den kunskap som beh\u00f6vs f\u00f6r att vinna f\u00f6rtroende och avsluta aff\u00e4rer. <\/p>\n<p data-start=\"1514\" data-end=\"1715\">Som din integrerade marknadsf\u00f6ringspartner s\u00e4kerst\u00e4ller vi att st\u00f6dmaterial och utbildning \u00f6verensst\u00e4mmer med din GTM, kampanjfl\u00f6de och produktf\u00e4rdplan \u2013 vilket g\u00f6r det enkelt f\u00f6r alla att h\u00e5lla sig till budskapet och p\u00e5 r\u00e4tt sp\u00e5r.<\/p>\n<p>[\/et_pb_text][\/et_pb_column][et_pb_column type=&#8221;1_3&#8243; _builder_version=&#8221;4.27.4&#8243; _module_preset=&#8221;default&#8221; global_colors_info=&#8221;{}&#8221;][et_pb_image src=&#8221;https:\/\/opusaris.com\/wp-content\/uploads\/2025\/07\/OpusTraining.jpg&#8221; title_text=&#8221;Ung manlig chef som presenterar f\u00f6r kollegor&#8221; _builder_version=&#8221;4.27.4&#8243; _module_preset=&#8221;default&#8221; global_colors_info=&#8221;{}&#8221;][\/et_pb_image][\/et_pb_column][\/et_pb_row][et_pb_row column_structure=&#8221;2_5,3_5&#8243; _builder_version=&#8221;4.27.4&#8243; _module_preset=&#8221;default&#8221; global_colors_info=&#8221;{}&#8221;][et_pb_column type=&#8221;2_5&#8243; _builder_version=&#8221;4.27.4&#8243; _module_preset=&#8221;default&#8221; global_colors_info=&#8221;{}&#8221;][et_pb_divider _builder_version=&#8221;4.27.4&#8243; _module_preset=&#8221;default&#8221; global_colors_info=&#8221;{}&#8221;][\/et_pb_divider][\/et_pb_column][et_pb_column type=&#8221;3_5&#8243; _builder_version=&#8221;4.27.4&#8243; _module_preset=&#8221;default&#8221; global_colors_info=&#8221;{}&#8221;][\/et_pb_column][\/et_pb_row][et_pb_row column_structure=&#8221;1_3,2_3&#8243; _builder_version=&#8221;4.27.4&#8243; _module_preset=&#8221;default&#8221; global_colors_info=&#8221;{}&#8221;][et_pb_column type=&#8221;1_3&#8243; _builder_version=&#8221;4.27.4&#8243; _module_preset=&#8221;default&#8221; global_colors_info=&#8221;{}&#8221;][et_pb_image src=&#8221;https:\/\/opusaris.com\/wp-content\/uploads\/2025\/07\/OpusCreation.jpg&#8221; title_text=&#8221;kamera&#8221; _builder_version=&#8221;4.27.4&#8243; _module_preset=&#8221;default&#8221; global_colors_info=&#8221;{}&#8221;][\/et_pb_image][\/et_pb_column][et_pb_column type=&#8221;2_3&#8243; _builder_version=&#8221;4.27.4&#8243; _module_preset=&#8221;default&#8221; global_colors_info=&#8221;{}&#8221;][et_pb_text module_id=&#8221;content&#8221; _builder_version=&#8221;4.27.4&#8243; _module_preset=&#8221;default&#8221; header_4_font=&#8221;|600|||||||&#8221; global_colors_info=&#8221;{}&#8221;]<\/p>\n<h1>Inneh\u00e5ll som informerar, engagerar och konverterar<\/h1>\n<p data-start=\"187\" data-end=\"425\">Vi skapar inneh\u00e5ll som talar till IT-beslutsfattare \u2013 och \u00f6verbryggar klyftan mellan tekniskt djup och aff\u00e4rsrelevans. Oavsett om du bygger medvetenhet eller m\u00f6jligg\u00f6r f\u00f6rs\u00e4ljning, \u00e4r v\u00e5rt inneh\u00e5ll utformat f\u00f6r att utbilda, differentiera och driva handling. <\/p>\n<p data-start=\"427\" data-end=\"589\">Genom att arbeta n\u00e4ra dina produkt- och marknadsf\u00f6ringsteam s\u00e4kerst\u00e4ller vi att varje del \u00f6verensst\u00e4mmer med din meddelanderamverk, leverant\u00f6rskrav och go-to-market-strategi.<\/p>\n<p data-start=\"591\" data-end=\"850\" style=\"padding-left: 40px\"><strong data-start=\"591\" data-end=\"613\">Thought leadership<\/strong><br data-start=\"613\" data-end=\"616\">Vi skapar insiktsfulla artiklar, guider och opinionsartiklar som positionerar ditt varum\u00e4rke som en expert inom sitt omr\u00e5de. V\u00e5rt inneh\u00e5ll hj\u00e4lper dig att leda samtal kring f\u00f6retags-IT-trender, transformationsstrategier och innovation mellan leverant\u00f6rer. <\/p>\n<p data-start=\"852\" data-end=\"1154\" style=\"padding-left: 40px\"><strong data-start=\"852\" data-end=\"891\">Break\/fix-demonstrationer (inspelade sessioner)<\/strong><br data-start=\"891\" data-end=\"894\">Vi skriver manus, spelar in och redigerar praktiska demonstrationer som visar probleml\u00f6sning i verkliga situationer \u2013 som att \u00e5tg\u00e4rda ett SAN-problem, \u00e5terst\u00e4lla s\u00e4kerhetskopior eller l\u00f6sa databaskorruption. Dessa videor bygger trov\u00e4rdighet och g\u00f6r komplexa tekniska funktioner tillg\u00e4ngliga och konkreta. <\/p>\n<p data-start=\"1156\" data-end=\"1437\" style=\"padding-left: 40px\"><strong data-start=\"1156\" data-end=\"1194\">Infografik  l\u00f6sningsf\u00f6rklaringar<\/strong><br data-start=\"1194\" data-end=\"1197\">Vi visualiserar dina l\u00f6sningar genom tydlig, engagerande grafik och f\u00f6rklaringar som f\u00f6renklar komplexitet \u2013 perfekt f\u00f6r f\u00f6rs\u00e4ljning, sociala medier och kampanjlandningssidor. Oavsett om det handlar om arkitektur, f\u00f6rdelar eller anv\u00e4ndningsfall, ger vi det liv visuellt. <\/p>\n<p data-start=\"1439\" data-end=\"1678\">Allt inneh\u00e5ll planeras, skapas och hanteras av OpusAris \u2013 fr\u00e5n koncept till leverans \u2013 s\u00e5 att du kan fokusera p\u00e5 genomf\u00f6rande. Som ditt integrerade marknadsf\u00f6ringsteam s\u00e4kerst\u00e4ller vi att ditt inneh\u00e5ll inte bara st\u00f6djer kampanjer, utan tillf\u00f6r l\u00e5ngsiktigt v\u00e4rde \u00f6ver alla kanaler. <\/p>\n<p>[\/et_pb_text][\/et_pb_column][\/et_pb_row][\/et_pb_section]<\/p>\n","protected":false},"excerpt":{"rendered":"<p>V\u00e5ra tj\u00e4nster Vi \u00e4r en fullservicebyr\u00e5 inom marknadsf\u00f6ring som hj\u00e4lper IT-leverant\u00f6rer att driva marknadsf\u00f6ring p\u00e5 f\u00f6retagsniv\u00e5. Vi fungerar som en integrerad marknadsavdelning och hanterar strategi, kampanjer, inneh\u00e5ll och kreativt arbete medan vi \u00e4r helt integrerade med ditt team. Se oss som din marknadsavdelning p\u00e5 beg\u00e4ran, som levererar resultat utan att \u00f6ka personalstyrkan. Meddelandearkitektur Kampanjplanering GTM-samordning [&hellip;]<\/p>\n","protected":false},"author":1,"featured_media":0,"parent":0,"menu_order":0,"comment_status":"closed","ping_status":"closed","template":"","meta":{"_et_pb_use_builder":"on","_et_pb_old_content":"","_et_gb_content_width":"","footnotes":""},"class_list":["post-1019","page","type-page","status-publish","hentry"],"_links":{"self":[{"href":"https:\/\/opusaris.com\/sv\/wp-json\/wp\/v2\/pages\/1019","targetHints":{"allow":["GET"]}}],"collection":[{"href":"https:\/\/opusaris.com\/sv\/wp-json\/wp\/v2\/pages"}],"about":[{"href":"https:\/\/opusaris.com\/sv\/wp-json\/wp\/v2\/types\/page"}],"author":[{"embeddable":true,"href":"https:\/\/opusaris.com\/sv\/wp-json\/wp\/v2\/users\/1"}],"replies":[{"embeddable":true,"href":"https:\/\/opusaris.com\/sv\/wp-json\/wp\/v2\/comments?post=1019"}],"version-history":[{"count":26,"href":"https:\/\/opusaris.com\/sv\/wp-json\/wp\/v2\/pages\/1019\/revisions"}],"predecessor-version":[{"id":2815,"href":"https:\/\/opusaris.com\/sv\/wp-json\/wp\/v2\/pages\/1019\/revisions\/2815"}],"wp:attachment":[{"href":"https:\/\/opusaris.com\/sv\/wp-json\/wp\/v2\/media?parent=1019"}],"curies":[{"name":"wp","href":"https:\/\/api.w.org\/{rel}","templated":true}]}}