{"id":1008,"date":"2025-07-25T10:13:20","date_gmt":"2025-07-25T10:13:20","guid":{"rendered":"https:\/\/opusaris.com\/load-system-ab\/"},"modified":"2026-02-12T10:42:09","modified_gmt":"2026-02-12T10:42:09","slug":"load-system-ab","status":"publish","type":"page","link":"https:\/\/opusaris.com\/sv\/load-system-ab\/","title":{"rendered":"Load system AB"},"content":{"rendered":"<p>[et_pb_section fb_built=&#8221;1&#8243; _builder_version=&#8221;4.27.4&#8243; _module_preset=&#8221;default&#8221; use_background_color_gradient=&#8221;on&#8221; background_color_gradient_direction=&#8221;58deg&#8221; background_color_gradient_stops=&#8221;gcid-58417ebb-1391-40ba-ae2f-2c799fdb5efa 33%|rgba(255,255,255,0) 66%&#8221; background_image=&#8221;https:\/\/opusaris.com\/wp-content\/uploads\/2025\/07\/StockholmSkyline.webp&#8221; background_blend=&#8221;overlay&#8221; global_colors_info=&#8221;{%22gcid-58417ebb-1391-40ba-ae2f-2c799fdb5efa%22:%91%22background_color_gradient_stops%22%93}&#8221;][et_pb_row column_structure=&#8221;2_5,3_5&#8243; _builder_version=&#8221;4.27.4&#8243; _module_preset=&#8221;default&#8221; global_colors_info=&#8221;{}&#8221;][et_pb_column type=&#8221;2_5&#8243; _builder_version=&#8221;4.27.4&#8243; _module_preset=&#8221;default&#8221; global_colors_info=&#8221;{}&#8221;][et_pb_heading title=&#8221;LOAD systems AB&#8221; _builder_version=&#8221;4.27.4&#8243; _module_preset=&#8221;default&#8221; global_colors_info=&#8221;{}&#8221;][\/et_pb_heading][et_pb_text _builder_version=&#8221;4.27.4&#8243; _module_preset=&#8221;default&#8221; global_colors_info=&#8221;{}&#8221;]<\/p>\n<p>LOAD levererar h\u00f6gkvalitativa IT-infrastrukturl\u00f6sningar, med specialisering inom automation, molntj\u00e4nster och drift utan driftstopp. De ger f\u00f6retag m\u00f6jlighet att anv\u00e4nda p\u00e5litliga, innovativa IT-strategier f\u00f6r kritisk systemprestanda. <\/p>\n<p>[\/et_pb_text][\/et_pb_column][et_pb_column type=&#8221;3_5&#8243; _builder_version=&#8221;4.27.4&#8243; _module_preset=&#8221;default&#8221; global_colors_info=&#8221;{}&#8221;][\/et_pb_column][\/et_pb_row][\/et_pb_section][et_pb_section fb_built=&#8221;1&#8243; _builder_version=&#8221;4.27.4&#8243; _module_preset=&#8221;default&#8221; global_colors_info=&#8221;{}&#8221;][et_pb_row column_structure=&#8221;1_2,1_2&#8243; _builder_version=&#8221;4.27.4&#8243; _module_preset=&#8221;default&#8221; global_colors_info=&#8221;{}&#8221;][et_pb_column type=&#8221;1_2&#8243; _builder_version=&#8221;4.27.4&#8243; _module_preset=&#8221;default&#8221; global_colors_info=&#8221;{}&#8221;][et_pb_text _builder_version=&#8221;4.27.4&#8243; _module_preset=&#8221;default&#8221; global_colors_info=&#8221;{}&#8221;]<\/p>\n<h4>INTRO<\/h4>\n<h3>LOAD systems utnyttjar OpusAris expertis f\u00f6r LinuxONE-framg\u00e5ng<\/h3>\n<p>[\/et_pb_text][et_pb_divider _builder_version=&#8221;4.27.4&#8243; _module_preset=&#8221;default&#8221; width=&#8221;20%&#8221; global_colors_info=&#8221;{}&#8221;][\/et_pb_divider][et_pb_text _builder_version=&#8221;4.27.4&#8243; _module_preset=&#8221;default&#8221; global_colors_info=&#8221;{}&#8221;]<\/p>\n<div>\n<p><span lang=\"EN-GB\">Att arbeta med Opus Aris p\u00e5 v\u00e5r IBM LinuxONE-kampanj har varit en absolut game-changer. Fr\u00e5n f\u00f6rsta b\u00f6rjan lyste deras expertis och kreativa vision igenom. De hj\u00e4lpte oss att utforma och genomf\u00f6ra en omni-channel-kampanj p\u00e5 LinkedIn som perfekt f\u00e5ngade mognaden och tillf\u00f6rlitligheten hos Linux som en f\u00f6retagsplattform f\u00f6r att k\u00f6ra kritiska applikationer.  <\/span><\/p>\n<p>Ett av de mest framtr\u00e4dande elementen var en serie AI-genererade videor som de skapade. De innovativa visualiseringarna gav liv \u00e5t kampanjen och illustrerade IBM LinuxONEs kapacitet p\u00e5 ett s\u00e4tt som var b\u00e5de engagerande och l\u00e4tt att f\u00f6rst\u00e5 f\u00f6r v\u00e5ra kunder. Det var en perfekt blandning av teknisk insikt och kreativt ber\u00e4ttande.  <\/p>\n<p>&nbsp;<\/p>\n<\/div>\n<div>\n<p>Ut\u00f6ver videon utformade OpusAris \u00e4ven mycket riktade direkta InMail-meddelanden och landningssidor som effektivt positionerade LinuxONE f\u00f6r v\u00e5r marknad. Deras f\u00f6rm\u00e5ga att kommunicera komplexa l\u00f6sningar p\u00e5 ett tydligt och \u00f6vertygande s\u00e4tt gjorde hela skillnaden och drev engagemang och intresse fr\u00e5n r\u00e4tt personer. <\/p>\n<p>&nbsp;<\/p>\n<\/div>\n<div>\n<p>Tack vare OpusAris kunde vi visa upp LinuxONE som den f\u00f6retagsplattform den verkligen \u00e4r. Deras strategiska tillv\u00e4gag\u00e5ngss\u00e4tt, kombinerat med deras djupa f\u00f6rst\u00e5else f\u00f6r IT-landskapet, gjorde dem till en ov\u00e4rderlig partner i denna kampanj. Vi kunde inte vara n\u00f6jdare med resultatet och kommer definitivt att arbeta med Opus Aris igen!  <\/p>\n<p><strong>Torbj\u00f6rn appehl<\/strong><br \/>VD LOAD systems AB<\/p>\n<\/div>\n<p>[\/et_pb_text][et_pb_image src=&#8221;https:\/\/opusaris.com\/wp-content\/uploads\/2025\/07\/load-logo-dark-300&#215;54.png&#8221; title_text=&#8221;load-logo-dark&#8221; _builder_version=&#8221;4.27.4&#8243; _module_preset=&#8221;default&#8221; global_colors_info=&#8221;{}&#8221;][\/et_pb_image][\/et_pb_column][et_pb_column type=&#8221;1_2&#8243; _builder_version=&#8221;4.27.4&#8243; _module_preset=&#8221;default&#8221; global_colors_info=&#8221;{}&#8221;][et_pb_testimonial author=&#8221;Torbj\u00f6rn appehl&#8221; job_title=&#8221;VD&#8221; company_name=&#8221;LOAD systems AB&#8221; url=&#8221;https:\/\/load.se\/&#8221; portrait_url=&#8221;https:\/\/opusaris.com\/wp-content\/uploads\/2025\/01\/torbjorn-appehl-1.jpg&#8221; _builder_version=&#8221;4.27.4&#8243; _module_preset=&#8221;default&#8221; global_colors_info=&#8221;{}&#8221;]<\/p>\n<p>Torbj\u00f6rn \u00e4r en erfaren IT-ledare specialiserad p\u00e5 IBM Power Systems och Storage. Med expertis inom f\u00f6rs\u00e4ljning och aff\u00e4rsutveckling driver han innovativa IT-l\u00f6sningar. <\/p>\n<p>[\/et_pb_testimonial][et_pb_video src=&#8221;https:\/\/opusaris.com\/wp-content\/uploads\/2025\/07\/LoadSomethingBig1.mp4&#8243; _builder_version=&#8221;4.27.4&#8243; _module_preset=&#8221;default&#8221; global_colors_info=&#8221;{}&#8221;][\/et_pb_video][\/et_pb_column][\/et_pb_row][\/et_pb_section]<\/p>\n","protected":false},"excerpt":{"rendered":"<p>LOAD levererar h\u00f6gkvalitativa IT-infrastrukturl\u00f6sningar, med specialisering inom automation, molntj\u00e4nster och drift utan driftstopp. De ger f\u00f6retag m\u00f6jlighet att anv\u00e4nda p\u00e5litliga, innovativa IT-strategier f\u00f6r kritisk systemprestanda. INTRO LOAD systems utnyttjar OpusAris expertis f\u00f6r LinuxONE-framg\u00e5ng Att arbeta med Opus Aris p\u00e5 v\u00e5r IBM LinuxONE-kampanj har varit en absolut game-changer. Fr\u00e5n f\u00f6rsta b\u00f6rjan lyste deras expertis och kreativa [&hellip;]<\/p>\n","protected":false},"author":1,"featured_media":0,"parent":0,"menu_order":0,"comment_status":"closed","ping_status":"closed","template":"","meta":{"_et_pb_use_builder":"on","_et_pb_old_content":"","_et_gb_content_width":"","footnotes":""},"class_list":["post-1008","page","type-page","status-publish","hentry"],"_links":{"self":[{"href":"https:\/\/opusaris.com\/sv\/wp-json\/wp\/v2\/pages\/1008","targetHints":{"allow":["GET"]}}],"collection":[{"href":"https:\/\/opusaris.com\/sv\/wp-json\/wp\/v2\/pages"}],"about":[{"href":"https:\/\/opusaris.com\/sv\/wp-json\/wp\/v2\/types\/page"}],"author":[{"embeddable":true,"href":"https:\/\/opusaris.com\/sv\/wp-json\/wp\/v2\/users\/1"}],"replies":[{"embeddable":true,"href":"https:\/\/opusaris.com\/sv\/wp-json\/wp\/v2\/comments?post=1008"}],"version-history":[{"count":17,"href":"https:\/\/opusaris.com\/sv\/wp-json\/wp\/v2\/pages\/1008\/revisions"}],"predecessor-version":[{"id":2632,"href":"https:\/\/opusaris.com\/sv\/wp-json\/wp\/v2\/pages\/1008\/revisions\/2632"}],"wp:attachment":[{"href":"https:\/\/opusaris.com\/sv\/wp-json\/wp\/v2\/media?parent=1008"}],"curies":[{"name":"wp","href":"https:\/\/api.w.org\/{rel}","templated":true}]}}