{"id":1118,"date":"2025-07-25T14:28:10","date_gmt":"2025-07-25T14:28:10","guid":{"rendered":"https:\/\/opusaris.com\/om-oss\/"},"modified":"2026-03-25T11:12:08","modified_gmt":"2026-03-25T11:12:08","slug":"om-oss","status":"publish","type":"page","link":"https:\/\/opusaris.com\/no\/om-oss\/","title":{"rendered":"Om oss"},"content":{"rendered":"<p>[et_pb_section fb_built=&raquo;1&#8243; _builder_version=&raquo;4.27.4&#8243; _module_preset=&raquo;default&raquo; use_background_color_gradient=&raquo;on&raquo; background_color_gradient_direction=&raquo;58deg&raquo; background_color_gradient_stops=&raquo;gcid-58417ebb-1391-40ba-ae2f-2c799fdb5efa 33%|rgba(255,255,255,0) 66%&raquo; background_image=&raquo;https:\/\/opusaris.com\/wp-content\/uploads\/2025\/07\/OpusBridge.webp&raquo; background_blend=&raquo;overlay&raquo; custom_padding=&raquo;|||0px||&raquo; global_colors_info=&raquo;{%22gcid-58417ebb-1391-40ba-ae2f-2c799fdb5efa%22:%91%22background_color_gradient_stops%22%93}&raquo;][et_pb_row column_structure=&raquo;2_5,3_5&#8243; _builder_version=&raquo;4.27.4&#8243; _module_preset=&raquo;default&raquo; global_colors_info=&raquo;{}&raquo;][et_pb_column type=&raquo;2_5&#8243; _builder_version=&raquo;4.27.4&#8243; _module_preset=&raquo;default&raquo; global_colors_info=&raquo;{}&raquo;][et_pb_heading title=&raquo;Om OpusAris&raquo; _builder_version=&raquo;4.27.4&#8243; _module_preset=&raquo;default&raquo; global_colors_info=&raquo;{}&raquo;][\/et_pb_heading][et_pb_text _builder_version=&raquo;4.27.4&#8243; _module_preset=&raquo;default&raquo; global_colors_info=&raquo;{}&raquo;]<\/p>\n<p><strong>Opus Aris<\/strong><span>  betyr \u00abFremragende arbeid.\u00bb For oss er det mer enn et navn \u2013 det er et kall. Vi tiln\u00e6rmer oss hvert prosjekt med en \u00e5nd av tjeneste og urokkelig oppmerksomhet p\u00e5 detaljer, og sikrer at arbeidet vi leverer virkelig tilf\u00f8rer verdi. Ved \u00e5 kombinere datadrevne innsikter med praktisk bransjeekspertise hjelper vi IT-leverand\u00f8rer med \u00e5 vokse, \u00f8ke salget og skille seg ut i markedet \u2013 alt mens vi holder v\u00e5re klienter i sentrum og genuint bryr oss om deres suksess.   <\/span><\/p>\n<p>[\/et_pb_text][\/et_pb_column][et_pb_column type=&raquo;3_5&#8243; _builder_version=&raquo;4.27.4&#8243; _module_preset=&raquo;default&raquo; global_colors_info=&raquo;{}&raquo;][\/et_pb_column][\/et_pb_row][\/et_pb_section][et_pb_section fb_built=&raquo;1&#8243; _builder_version=&raquo;4.27.4&#8243; _module_preset=&raquo;default&raquo; global_colors_info=&raquo;{}&raquo;][et_pb_row column_structure=&raquo;1_2,1_2&#8243; _builder_version=&raquo;4.27.4&#8243; _module_preset=&raquo;default&raquo; global_colors_info=&raquo;{}&raquo;][et_pb_column type=&raquo;1_2&#8243; _builder_version=&raquo;4.27.4&#8243; _module_preset=&raquo;default&raquo; global_colors_info=&raquo;{}&raquo;][et_pb_text _builder_version=&raquo;4.27.4&#8243; _module_preset=&raquo;default&raquo; global_colors_info=&raquo;{}&raquo;]<\/p>\n<h4>OpusAris<\/h4>\n<h2>Hvordan jeg holder OpusAris smidig, fokusert og kreativ<\/h2>\n<p>[\/et_pb_text][et_pb_divider _builder_version=&raquo;4.27.4&#8243; _module_preset=&raquo;default&raquo; width=&raquo;20%&raquo; global_colors_info=&raquo;{}&raquo;][\/et_pb_divider][et_pb_text _builder_version=&raquo;4.27.4&#8243; _module_preset=&raquo;default&raquo; global_colors_info=&raquo;{}&raquo;]<\/p>\n<p data-start=\"238\" data-end=\"632\" class=\"\">Jeg har bygget OpusAris for \u00e5 v\u00e6re bevisst smidig og samarbeidsvillig. Vi holder kjernen v\u00e5r tett, med erfarne prosjektledere ansatt som bringer struktur, konsistens og fremdrift til hvert prosjekt. Rundt det setter jeg sammen team av frilans kreative tilpasset hver oppgave: designere, forfattere, utviklere og til og med filmskapere. P\u00e5 denne m\u00e5ten bringer vi alltid inn de riktige ferdighetene for oppgaven som skal utf\u00f8res.   <\/p>\n<p data-start=\"634\" data-end=\"901\" class=\"\">AI er ogs\u00e5 en viktig del av v\u00e5r arbeidsflyt. Vi bruker det for \u00e5 forbedre kreativ produksjon, \u00f8ke produksjonshastigheten og forbedre presisjonen i alt fra konseptutvikling til kampanjeutf\u00f8relse. Det hjelper oss \u00e5 jobbe smartere og frigj\u00f8r mer tid til ekte tenkning og kreativ verdi.  <\/p>\n<p data-start=\"903\" data-end=\"1111\" class=\"\">Denne oppsetningen lar oss bevege oss raskt, forbli fleksible og tilpasse oss det hver klient trenger. Det betyr ogs\u00e5 at vi unng\u00e5r un\u00f8dvendige overheadkostnader. V\u00e5r energi g\u00e5r til \u00e5 gj\u00f8re godt arbeid, ikke til \u00e5 opprettholde en stor struktur.  <\/p>\n<p data-start=\"1113\" data-end=\"1358\" class=\"\">\u00c5penhet er essensielt for meg. Hver klient f\u00e5r tilgang til et tilpasset prosjektdashboard hvor de kan f\u00f8lge fremgangen i sanntid: tidslinjer, frister, leveranser, budsjetter og faktiske utgifter. Det handler om klarhet, kontroll og delt fremdrift.  <\/p>\n<p data-start=\"1360\" data-end=\"1471\" class=\"\">Dette er hvordan jeg driver OpusAris. Slank, kreativ, responsiv og alltid fokusert p\u00e5 det som betyr mest for v\u00e5re klienter. <\/p>\n<p>[\/et_pb_text][\/et_pb_column][et_pb_column type=&raquo;1_2&#8243; _builder_version=&raquo;4.27.4&#8243; _module_preset=&raquo;default&raquo; global_colors_info=&raquo;{}&raquo;][et_pb_testimonial author=&raquo;Jan v. Christensen&raquo; job_title=&raquo;Administrerende direkt\u00f8r&raquo; company_name=&raquo;OpusAris AB&raquo; url=&raquo;https:\/\/load.se\/&raquo; portrait_url=&raquo;https:\/\/opusaris.com\/wp-content\/uploads\/2024\/12\/jvc0107.jpg&raquo; _builder_version=&raquo;4.27.4&#8243; _module_preset=&raquo;default&raquo; global_colors_info=&raquo;{}&raquo;]<\/p>\n<p>Jeg har tilbrakt min karriere i den globale IT-bransjen, og jobbet med noen av verdens ledende leverand\u00f8rer for \u00e5 fremme avanserte l\u00f8sninger til partnere og kunder over hele verden. Hos OpusAris bruker jeg min tekniske ekspertise og forretningsinnsikt til \u00e5 hjelpe IT-partnere og leverand\u00f8rer med \u00e5 skape effektive, resultatorienterte markedsf\u00f8rings- og salgsinitiativ. Jeg har ledet vellykkede kampanjer p\u00e5 tvers av leverand\u00f8rer, st\u00f8ttet partnere p\u00e5 tvers av bransjer, og jobbet med interessenter p\u00e5 alle niv\u00e5er \u2013 fra drift til toppledelse. Gjennom OpusAris fungerer vi som en dedikert markedsf\u00f8ringsavdeling for v\u00e5re klienter, og hjelper dem \u00e5 konkurrere langt over sin vektklasse.   <\/p>\n<p>[\/et_pb_testimonial][\/et_pb_column][\/et_pb_row][et_pb_row _builder_version=&raquo;4.27.4&#8243; _module_preset=&raquo;default&raquo; global_colors_info=&raquo;{}&raquo;][et_pb_column type=&raquo;4_4&#8243; _builder_version=&raquo;4.27.4&#8243; _module_preset=&raquo;default&raquo; global_colors_info=&raquo;{}&raquo;][et_pb_divider _builder_version=&raquo;4.27.4&#8243; _module_preset=&raquo;default&raquo; global_colors_info=&raquo;{}&raquo;][\/et_pb_divider][\/et_pb_column][\/et_pb_row][et_pb_row column_structure=&raquo;3_5,2_5&#8243; _builder_version=&raquo;4.27.4&#8243; _module_preset=&raquo;default&raquo; global_colors_info=&raquo;{}&raquo;][et_pb_column type=&raquo;3_5&#8243; _builder_version=&raquo;4.27.4&#8243; _module_preset=&raquo;default&raquo; global_colors_info=&raquo;{}&raquo;][et_pb_text _builder_version=&raquo;4.27.4&#8243; _module_preset=&raquo;default&raquo; global_colors_info=&raquo;{}&raquo;]<\/p>\n<h6>HVORDAN VI JOBBER<\/h6>\n<h1>DMI-partner<\/h1>\n<p>Som en offisiell partner av Digital Marketing Institute (DMI), holder OpusAris seg i forkant av beste praksis, oppl\u00e6ring og strategi innen digital markedsf\u00f8ring. Dette partnerskapet gjenspeiler v\u00e5r forpliktelse til \u00e5 levere markedsf\u00f8ringstjenester av h\u00f8y kvalitet, drevet av data og forankret i globalt anerkjente standarder og kontinuerlig l\u00e6ring. <\/p>\n<p>[\/et_pb_text][et_pb_divider _builder_version=&raquo;4.27.4&#8243; _module_preset=&raquo;default&raquo; width=&raquo;30%&raquo; global_colors_info=&raquo;{}&raquo;][\/et_pb_divider][\/et_pb_column][et_pb_column type=&raquo;2_5&#8243; _builder_version=&raquo;4.27.4&#8243; _module_preset=&raquo;default&raquo; global_colors_info=&raquo;{}&raquo;][et_pb_image src=&raquo;https:\/\/opusaris.com\/wp-content\/uploads\/2025\/07\/DMI-partner-logo-300&#215;169.png&raquo; title_text=&raquo;DMI-partner-logo&raquo; _builder_version=&raquo;4.27.4&#8243; _module_preset=&raquo;default&raquo; hover_enabled=&raquo;0&#8243; global_colors_info=&raquo;{}&raquo; url=&raquo;https:\/\/my.digitalmarketinginstitute.com\/members\/jan-christensen&raquo; sticky_enabled=&raquo;0&#8243;][\/et_pb_image][\/et_pb_column][\/et_pb_row][\/et_pb_section]<\/p>\n","protected":false},"excerpt":{"rendered":"<p>Opus Aris betyr \u00abFremragende arbeid.\u00bb For oss er det mer enn et navn \u2013 det er et kall. Vi tiln\u00e6rmer oss hvert prosjekt med en \u00e5nd av tjeneste og urokkelig oppmerksomhet p\u00e5 detaljer, og sikrer at arbeidet vi leverer virkelig tilf\u00f8rer verdi. Ved \u00e5 kombinere datadrevne innsikter med praktisk bransjeekspertise hjelper vi IT-leverand\u00f8rer med \u00e5 [&hellip;]<\/p>\n","protected":false},"author":1,"featured_media":0,"parent":0,"menu_order":0,"comment_status":"closed","ping_status":"closed","template":"","meta":{"_et_pb_use_builder":"on","_et_pb_old_content":"","_et_gb_content_width":"","footnotes":""},"class_list":["post-1118","page","type-page","status-publish","hentry"],"_links":{"self":[{"href":"https:\/\/opusaris.com\/no\/wp-json\/wp\/v2\/pages\/1118","targetHints":{"allow":["GET"]}}],"collection":[{"href":"https:\/\/opusaris.com\/no\/wp-json\/wp\/v2\/pages"}],"about":[{"href":"https:\/\/opusaris.com\/no\/wp-json\/wp\/v2\/types\/page"}],"author":[{"embeddable":true,"href":"https:\/\/opusaris.com\/no\/wp-json\/wp\/v2\/users\/1"}],"replies":[{"embeddable":true,"href":"https:\/\/opusaris.com\/no\/wp-json\/wp\/v2\/comments?post=1118"}],"version-history":[{"count":29,"href":"https:\/\/opusaris.com\/no\/wp-json\/wp\/v2\/pages\/1118\/revisions"}],"predecessor-version":[{"id":2788,"href":"https:\/\/opusaris.com\/no\/wp-json\/wp\/v2\/pages\/1118\/revisions\/2788"}],"wp:attachment":[{"href":"https:\/\/opusaris.com\/no\/wp-json\/wp\/v2\/media?parent=1118"}],"curies":[{"name":"wp","href":"https:\/\/api.w.org\/{rel}","templated":true}]}}