{"id":1040,"date":"2025-07-25T11:03:04","date_gmt":"2025-07-25T11:03:04","guid":{"rendered":"https:\/\/opusaris.com\/obmondo\/"},"modified":"2026-01-26T22:42:10","modified_gmt":"2026-01-26T22:42:10","slug":"obmondo","status":"publish","type":"page","link":"https:\/\/opusaris.com\/no\/obmondo\/","title":{"rendered":"Obmondo"},"content":{"rendered":"<p>[et_pb_section fb_built=&raquo;1&#8243; _builder_version=&raquo;4.27.4&#8243; _module_preset=&raquo;default&raquo; use_background_color_gradient=&raquo;on&raquo; background_color_gradient_direction=&raquo;58deg&raquo; background_color_gradient_stops=&raquo;gcid-58417ebb-1391-40ba-ae2f-2c799fdb5efa 33%|rgba(255,255,255,0) 66%&raquo; background_image=&raquo;https:\/\/opusaris.com\/wp-content\/uploads\/2025\/07\/Nyhavn.webp&raquo; background_blend=&raquo;overlay&raquo; hover_enabled=&raquo;0&#8243; global_colors_info=&raquo;{%22gcid-58417ebb-1391-40ba-ae2f-2c799fdb5efa%22:%91%22background_color_gradient_stops%22%93}&raquo; theme_builder_area=&raquo;post_content&raquo; title_text=&raquo;Nyhavn&raquo; sticky_enabled=&raquo;0&#8243;][et_pb_row column_structure=&raquo;2_5,3_5&#8243; _builder_version=&raquo;4.27.4&#8243; _module_preset=&raquo;default&raquo; global_colors_info=&raquo;{}&raquo; theme_builder_area=&raquo;post_content&raquo;][et_pb_column type=&raquo;2_5&#8243; _builder_version=&raquo;4.27.4&#8243; _module_preset=&raquo;default&raquo; global_colors_info=&raquo;{}&raquo; theme_builder_area=&raquo;post_content&raquo;][et_pb_heading title=&raquo;Obmondo Danmark&raquo; _builder_version=&raquo;4.27.4&#8243; _module_preset=&raquo;default&raquo; hover_enabled=&raquo;0&#8243; global_colors_info=&raquo;{}&raquo; theme_builder_area=&raquo;post_content&raquo; sticky_enabled=&raquo;0&#8243;][\/et_pb_heading][et_pb_text _builder_version=&raquo;4.27.4&#8243; _module_preset=&raquo;default&raquo; hover_enabled=&raquo;0&#8243; global_colors_info=&raquo;{}&raquo; theme_builder_area=&raquo;post_content&raquo; sticky_enabled=&raquo;0&#8243;]<\/p>\n<p>Obmondo, et DevOps-selskap basert i Danmark, har etablert et sterkt omd\u00f8mme for \u00e5 levere banebrytende teknologil\u00f8sninger. Deres bemerkelsesverdig organiske vekst har v\u00e6rt drevet av deres tekniske ekspertise og dype fokus p\u00e5 \u00e5pen kildekode-innovasjon og -utvikling. Selskapet sto imidlertid overfor en betydelig utfordring: \u00e5 g\u00e5 fra rent organisk vekst til \u00e5 skalere en h\u00f8ytytende salgsmotor.  <\/p>\n<p>[\/et_pb_text][\/et_pb_column][et_pb_column type=&raquo;3_5&#8243; _builder_version=&raquo;4.27.4&#8243; _module_preset=&raquo;default&raquo; global_colors_info=&raquo;{}&raquo; theme_builder_area=&raquo;post_content&raquo;][\/et_pb_column][\/et_pb_row][\/et_pb_section][et_pb_section fb_built=&raquo;1&#8243; _builder_version=&raquo;4.27.4&#8243; _module_preset=&raquo;default&raquo; global_colors_info=&raquo;{}&raquo; theme_builder_area=&raquo;post_content&raquo;][et_pb_row column_structure=&raquo;1_2,1_2&#8243; _builder_version=&raquo;4.27.4&#8243; _module_preset=&raquo;default&raquo; global_colors_info=&raquo;{}&raquo; theme_builder_area=&raquo;post_content&raquo;][et_pb_column type=&raquo;1_2&#8243; _builder_version=&raquo;4.27.4&#8243; _module_preset=&raquo;default&raquo; global_colors_info=&raquo;{}&raquo; theme_builder_area=&raquo;post_content&raquo;][et_pb_text _builder_version=&raquo;4.27.4&#8243; _module_preset=&raquo;default&raquo; hover_enabled=&raquo;0&#8243; global_colors_info=&raquo;{}&raquo; theme_builder_area=&raquo;post_content&raquo; sticky_enabled=&raquo;0&#8243;]<\/p>\n<h4>INTRO<\/h4>\n<h3>Obmondos samarbeid med OpusAris markerer et avgj\u00f8rende \u00f8yeblikk i selskapets vekstreise<\/h3>\n<p>[\/et_pb_text][et_pb_divider _builder_version=&raquo;4.27.4&#8243; _module_preset=&raquo;default&raquo; width=&raquo;20%&raquo; global_colors_info=&raquo;{}&raquo; theme_builder_area=&raquo;post_content&raquo;][\/et_pb_divider][et_pb_text _builder_version=&raquo;4.27.4&#8243; _module_preset=&raquo;default&raquo; hover_enabled=&raquo;0&#8243; global_colors_info=&raquo;{}&raquo; theme_builder_area=&raquo;post_content&raquo; sticky_enabled=&raquo;0&#8243;]<\/p>\n<p>Som en teknologisentrert organisasjon fant Obmondo det vanskelig \u00e5 tiltrekke seg og motivere en resultatorientert salgsstyrke. Deres eksisterende salgsstruktur manglet insentivene og klarheten som kreves for \u00e5 fremme en konkurransedyktig, h\u00f8ytytende salgskultur. Denne utfordringen begrenset deres evne til \u00e5 konsekvent bringe nye forretningsmuligheter til bordet og opprettholde vekstmomentum.  <\/p>\n<h3>Utfordringen<\/h3>\n<ul>\n<li style=\"list-style-type: none\">\n<ul>\n<li>Utvikle en salgsmodell som er i tr\u00e5d med Obmondos ambisi\u00f8se vekstm\u00e5l.<\/li>\n<li>Skape en struktur som tiltrekker og motiverer \u00abjaktende\u00bb salgsprofiler.<\/li>\n<li>Balansere den \u00f8konomiske b\u00e6rekraften i insentivsplanen med behovet for \u00e5 tilby konkurransedyktig inntjeningspotensial for toppytere.<\/li>\n<\/ul>\n<\/li>\n<\/ul>\n<h3>L\u00f8sningen<\/h3>\n<p>Obmondo samarbeidet med OpusAris for \u00e5 utforme en konkurransedyktig, skalerbar salgsinsentivmodell. OpusAris gjennomf\u00f8rte en grundig evaluering av Obmondos marked, vekstm\u00e5l og salgsdynamikk for \u00e5 utarbeide en skreddersydd strategi tilpasset selskapets behov. Fokuset for l\u00f8sningen var todelt:  <\/p>\n<ol>\n<li style=\"list-style-type: none\">\n<ol>\n<li>Attraktivt inntjeningspotensial: Modellen sikrer at toppytende salgspersonell kan tjene en utmerket l\u00f8nn, noe som gj\u00f8r Obmondo til et m\u00e5l for talent av h\u00f8y kaliber.<\/li>\n<li>Prestasjonsbaserte insentiver: Ved \u00e5 knytte kompensasjon til klare salgsm\u00e5l og forretningsm\u00e5l, motiverer modellen salgsrepresentanter til \u00e5 levere konsistente resultater.<\/li>\n<\/ol>\n<\/li>\n<\/ol>\n<h3>N\u00f8kkelresultater<\/h3>\n<ul>\n<li style=\"list-style-type: none\">\n<ul>\n<li>Tiltrekning av topptalenter: Den konkurransedyktige insentivstrukturen tiltrakk erfarne salgspersonell med bevist suksess i vekstfokuserte roller.<\/li>\n<li>Forbedret salgsytelse: Den jaktorientererte insentivplanen skaper en salgskultur drevet av ansvarlighet og ambisjon.<\/li>\n<li>B\u00e6rekraftig forretningsvekst: Med en funksjonell salgsmotor begynte Obmondo \u00e5 se en jevn tilstr\u00f8mning av nye forretningsmuligheter, som kompletterer deres eksisterende organiske vekststrategi.<\/li>\n<\/ul>\n<\/li>\n<\/ul>\n<h3>Konklusjon<\/h3>\n<p>Obmondos samarbeid med OpusAris markerer et avgj\u00f8rende \u00f8yeblikk i selskapets vekstreise. Den skreddersydde salgsmodellen har gitt dem det konkurransefortrinnet som trengs for \u00e5 trives i et stadig mer krevende marked. Denne saken understreker verdien av \u00e5 kombinere teknisk innovasjon med strategisk salgsaktivering for vedvarende forretningssuksess.  <\/p>\n<p>[\/et_pb_text][\/et_pb_column][et_pb_column type=&raquo;1_2&#8243; _builder_version=&raquo;4.27.4&#8243; _module_preset=&raquo;default&raquo; global_colors_info=&raquo;{}&raquo; theme_builder_area=&raquo;post_content&raquo;][et_pb_image src=&raquo;https:\/\/opusaris.com\/wp-content\/uploads\/2025\/03\/logo-without-tagline-300&#215;65.png&raquo; title_text=&raquo;logo-uten-slagord&raquo; _builder_version=&raquo;4.27.4&#8243; _module_preset=&raquo;default&raquo; hover_enabled=&raquo;0&#8243; global_colors_info=&raquo;{}&raquo; theme_builder_area=&raquo;post_content&raquo; sticky_enabled=&raquo;0&#8243;][\/et_pb_image][et_pb_testimonial author=&raquo;Klavs klavsen&raquo; job_title=&raquo;Administrerende direkt\u00f8r&raquo; company_name=&raquo;Obmondo Danmark&raquo; url=&raquo;https:\/\/load.se\/&raquo; portrait_url=&raquo;https:\/\/opusaris.com\/wp-content\/uploads\/2025\/03\/KlavsKlavsenSQ.png&raquo; _builder_version=&raquo;4.27.4&#8243; _module_preset=&raquo;default&raquo; hover_enabled=&raquo;0&#8243; global_colors_info=&raquo;{}&raquo; theme_builder_area=&raquo;post_content&raquo; title_text=&raquo;KlavsKlavsenSQ&raquo; sticky_enabled=&raquo;0&#8243;]<\/p>\n<p><span>Vi visste at \u00e5 bygge en sterk salgsmotor var avgj\u00f8rende for v\u00e5r neste vekstfase, men vi manglet ekspertisen for \u00e5 f\u00e5 det til. OpusAris hjalp oss med \u00e5 skape en modell som ikke bare tiltrakk de riktige talentene, men ogs\u00e5 ga v\u00e5rt team muligheten til \u00e5 prestere. Resultatene har v\u00e6rt transformerende.  <\/span><\/p>\n<p>[\/et_pb_testimonial][\/et_pb_column][\/et_pb_row][\/et_pb_section]<\/p>\n","protected":false},"excerpt":{"rendered":"<p>Obmondo, et DevOps-selskap basert i Danmark, har etablert et sterkt omd\u00f8mme for \u00e5 levere banebrytende teknologil\u00f8sninger. Deres bemerkelsesverdig organiske vekst har v\u00e6rt drevet av deres tekniske ekspertise og dype fokus p\u00e5 \u00e5pen kildekode-innovasjon og -utvikling. Selskapet sto imidlertid overfor en betydelig utfordring: \u00e5 g\u00e5 fra rent organisk vekst til \u00e5 skalere en h\u00f8ytytende salgsmotor. INTRO [&hellip;]<\/p>\n","protected":false},"author":1,"featured_media":0,"parent":0,"menu_order":0,"comment_status":"closed","ping_status":"closed","template":"","meta":{"_et_pb_use_builder":"on","_et_pb_old_content":"","_et_gb_content_width":"","footnotes":""},"class_list":["post-1040","page","type-page","status-publish","hentry"],"_links":{"self":[{"href":"https:\/\/opusaris.com\/no\/wp-json\/wp\/v2\/pages\/1040","targetHints":{"allow":["GET"]}}],"collection":[{"href":"https:\/\/opusaris.com\/no\/wp-json\/wp\/v2\/pages"}],"about":[{"href":"https:\/\/opusaris.com\/no\/wp-json\/wp\/v2\/types\/page"}],"author":[{"embeddable":true,"href":"https:\/\/opusaris.com\/no\/wp-json\/wp\/v2\/users\/1"}],"replies":[{"embeddable":true,"href":"https:\/\/opusaris.com\/no\/wp-json\/wp\/v2\/comments?post=1040"}],"version-history":[{"count":11,"href":"https:\/\/opusaris.com\/no\/wp-json\/wp\/v2\/pages\/1040\/revisions"}],"predecessor-version":[{"id":2566,"href":"https:\/\/opusaris.com\/no\/wp-json\/wp\/v2\/pages\/1040\/revisions\/2566"}],"wp:attachment":[{"href":"https:\/\/opusaris.com\/no\/wp-json\/wp\/v2\/media?parent=1040"}],"curies":[{"name":"wp","href":"https:\/\/api.w.org\/{rel}","templated":true}]}}