{"id":1029,"date":"2025-07-25T12:36:10","date_gmt":"2025-07-25T12:36:10","guid":{"rendered":"https:\/\/opusaris.com\/kontakt\/"},"modified":"2026-02-07T15:42:11","modified_gmt":"2026-02-07T15:42:11","slug":"kontakt","status":"publish","type":"page","link":"https:\/\/opusaris.com\/no\/kontakt\/","title":{"rendered":"Kontakt"},"content":{"rendered":"<p>[et_pb_section fb_built=&raquo;1&#8243; _builder_version=&raquo;4.27.4&#8243; _module_preset=&raquo;default&raquo; use_background_color_gradient=&raquo;on&raquo; background_color_gradient_direction=&raquo;58deg&raquo; background_color_gradient_stops=&raquo;gcid-58417ebb-1391-40ba-ae2f-2c799fdb5efa 33%|rgba(255,255,255,0) 66%&raquo; background_image=&raquo;https:\/\/opusaris.com\/wp-content\/uploads\/2025\/07\/OpusContact.webp&raquo; background_blend=&raquo;overlay&raquo; global_colors_info=&raquo;{%22gcid-58417ebb-1391-40ba-ae2f-2c799fdb5efa%22:%91%22background_color_gradient_stops%22%93}&raquo;][et_pb_row column_structure=&raquo;2_5,3_5&#8243; _builder_version=&raquo;4.27.4&#8243; _module_preset=&raquo;default&raquo; global_colors_info=&raquo;{}&raquo;][et_pb_column type=&raquo;2_5&#8243; _builder_version=&raquo;4.27.4&#8243; _module_preset=&raquo;default&raquo; global_colors_info=&raquo;{}&raquo;][et_pb_heading title=&raquo;Kontakt oss&raquo; _builder_version=&raquo;4.27.4&#8243; _module_preset=&raquo;default&raquo; global_colors_info=&raquo;{}&raquo;][\/et_pb_heading][\/et_pb_column][et_pb_column type=&raquo;3_5&#8243; _builder_version=&raquo;4.27.4&#8243; _module_preset=&raquo;default&raquo; global_colors_info=&raquo;{}&raquo;][\/et_pb_column][\/et_pb_row][\/et_pb_section][et_pb_section fb_built=&raquo;1&#8243; _builder_version=&raquo;4.27.4&#8243; _module_preset=&raquo;default&raquo; global_colors_info=&raquo;{}&raquo;][et_pb_row column_structure=&raquo;2_3,1_3&#8243; _builder_version=&raquo;4.27.4&#8243; _module_preset=&raquo;default&raquo; global_colors_info=&raquo;{}&raquo;][et_pb_column type=&raquo;2_3&#8243; _builder_version=&raquo;4.27.4&#8243; _module_preset=&raquo;default&raquo; global_colors_info=&raquo;{}&raquo;][et_pb_text _builder_version=&raquo;4.27.4&#8243; _module_preset=&raquo;default&raquo; global_colors_info=&raquo;{}&raquo;]<\/p>\n<h1>La oss skape noe fantastisk sammen!<\/h1>\n<p>Har du dristige ideer for markedsf\u00f8ringen din? Eller vet du bare at ting m\u00e5 endres, men er usikker p\u00e5 hvor du skal begynne? Vi vil gjerne h\u00f8re om det. Hos OpusAris gj\u00f8r vi ambisjoner om til handling \u2013 med strategi, kreativitet og masse teknisk kunnskap.   <\/p>\n<p>Fortell oss hvor du vil. Vi hjelper deg dit \u2013 med smartere kampanjer, skarpere innsikt og m\u00e5lbare resultater. <\/p>\n<p>Klar for \u00e5 gj\u00f8re markedsf\u00f8ringen din betydningsfull? La oss snakke sammen. <\/p>\n<p>[\/et_pb_text][\/et_pb_column][et_pb_column type=&raquo;1_3&#8243; _builder_version=&raquo;4.27.4&#8243; _module_preset=&raquo;default&raquo; global_colors_info=&raquo;{}&raquo;][et_pb_blurb title=&raquo;OpusAris AB&raquo; use_icon=&raquo;on&raquo; font_icon=&raquo;&#xe01d;||divi||400&#8243; icon_placement=&raquo;left&raquo; _builder_version=&raquo;4.27.4&#8243; _module_preset=&raquo;default&raquo; global_colors_info=&raquo;{}&raquo;]<\/p>\n<p>S:t Johannesgatan 2<br \/>211 36 Malm\u00f6<br \/>Sverige<\/p>\n<p>[\/et_pb_blurb][et_pb_blurb title=&raquo;+46 (0)40 628 81 00&#8243; use_icon=&raquo;on&raquo; font_icon=&raquo;&#xe090;||divi||400&#8243; icon_placement=&raquo;left&raquo; _builder_version=&raquo;4.27.4&#8243; _module_preset=&raquo;default&raquo; global_colors_info=&raquo;{}&raquo;][\/et_pb_blurb][et_pb_blurb title=&raquo;info@opusaris.com&raquo; use_icon=&raquo;on&raquo; font_icon=&raquo;&#xf1fa;||fa||900&#8243; icon_placement=&raquo;left&raquo; _builder_version=&raquo;4.27.4&#8243; _module_preset=&raquo;default&raquo; global_colors_info=&raquo;{}&raquo;][\/et_pb_blurb][\/et_pb_column][\/et_pb_row][\/et_pb_section][et_pb_section fb_built=&raquo;1&#8243; use_custom_gutter=&raquo;on&raquo; gutter_width=&raquo;1&#8243; specialty=&raquo;on&raquo; background_color_1=&raquo;gcid-primary-color&raquo; padding_top_1=&raquo;80px&raquo; padding_right_1=&raquo;6vw&raquo; padding_bottom_1=&raquo;80px&raquo; padding_left_1=&raquo;6vw&raquo; padding_top_bottom_link_1=&raquo;true&raquo; padding_left_right_link_1=&raquo;true&raquo; padding_1_tablet=&raquo;|10%||10%||true&raquo; padding_1_phone=&raquo;&raquo; padding_1_last_edited=&raquo;on|phone&raquo; admin_label=&raquo;Footer Section&raquo; module_class=&raquo; et_pb_specialty_fullwidth&raquo; _builder_version=&raquo;4.27.4&#8243; inner_width=&raquo;100%&raquo; inner_width_tablet=&raquo;100%&raquo; inner_width_phone=&raquo;100%&raquo; inner_width_last_edited=&raquo;on|desktop&raquo; inner_max_width=&raquo;100%&raquo; inner_max_width_tablet=&raquo;100%&raquo; inner_max_width_phone=&raquo;100%&raquo; inner_max_width_last_edited=&raquo;on|desktop&raquo; custom_padding=&raquo;0px||0px||true&raquo; make_fullwidth=&raquo;on&raquo; global_colors_info=&raquo;{%22gcid-primary-color%22:%91%22background_color_1%22%93}&raquo;][et_pb_column type=&raquo;1_2&#8243; _builder_version=&raquo;4.16&#8243; background_color=&raquo;#ffb400&#8243; custom_padding=&raquo;|||&raquo; global_colors_info=&raquo;{}&raquo; padding_tablet=&raquo;|10%||10%||true&raquo; padding_last_edited=&raquo;on|phone&raquo; custom_padding__hover=&raquo;|||&raquo; padding_phone=&raquo;|10%||10%||true&raquo;][et_pb_text _builder_version=&raquo;4.27.4&#8243; text_font=&raquo;|300|||||||&raquo; header_font=&raquo;|300|||||||&raquo; header_2_font=&raquo;|300|||||||&raquo; header_2_font_size=&raquo;42px&raquo; header_2_line_height=&raquo;1.2em&raquo; background_layout=&raquo;dark&raquo; custom_margin=&raquo;|||&raquo; custom_padding=&raquo;|||&raquo; header_2_font_size_tablet=&raquo;&raquo; header_2_font_size_phone=&raquo;36px&raquo; header_2_font_size_last_edited=&raquo;on|phone&raquo; locked=&raquo;off&raquo; global_colors_info=&raquo;{}&raquo;]<\/p>\n<h2>Kontakt oss<\/h2>\n<p>[\/et_pb_text][et_pb_divider color=&raquo;#FFFFFF&raquo; divider_position=&raquo;center&raquo; divider_weight=&raquo;2px&raquo; _builder_version=&raquo;4.27.4&#8243; max_width=&raquo;50px&raquo; locked=&raquo;off&raquo; global_colors_info=&raquo;{}&raquo;][\/et_pb_divider][et_pb_contact_form captcha=&raquo;off&raquo; email=&raquo;info@opusaris.com&raquo; submit_button_text=&raquo;Send melding&raquo; module_id=&raquo;et_pb_contact_form_0&#8243; _builder_version=&raquo;4.27.4&#8243; form_field_background_color=&raquo;#ffffff&raquo; title_font=&raquo;||||||||&raquo; form_field_font=&raquo;||||||||&raquo; form_field_font_size=&raquo;14px&raquo; form_field_line_height=&raquo;1.8em&raquo; custom_button=&raquo;on&raquo; button_text_size=&raquo;14px&raquo; button_text_color=&raquo;#ffffff&raquo; button_border_width=&raquo;1px&raquo; button_border_radius=&raquo;0px&raquo; button_letter_spacing=&raquo;4px&raquo; button_font=&raquo;Rubik|700||on|||||&raquo; button_icon=&raquo;&#x24;||divi||400&#8243; custom_margin=&raquo;30px||30px||true&raquo; custom_margin_last_edited=&raquo;off|desktop&raquo; form_background_color=&raquo;#ffffff&raquo; locked=&raquo;off&raquo; global_colors_info=&raquo;{}&raquo;][et_pb_contact_field field_id=&raquo;Name&raquo; field_title=&raquo;Navn&raquo; _builder_version=&raquo;4.16&#8243; global_colors_info=&raquo;{}&raquo; button_text_size__hover_enabled=&raquo;off&raquo; button_one_text_size__hover_enabled=&raquo;off&raquo; button_two_text_size__hover_enabled=&raquo;off&raquo; button_text_color__hover_enabled=&raquo;off&raquo; button_one_text_color__hover_enabled=&raquo;off&raquo; button_two_text_color__hover_enabled=&raquo;off&raquo; button_border_width__hover_enabled=&raquo;off&raquo; button_one_border_width__hover_enabled=&raquo;off&raquo; button_two_border_width__hover_enabled=&raquo;off&raquo; button_border_color__hover_enabled=&raquo;off&raquo; button_one_border_color__hover_enabled=&raquo;off&raquo; button_two_border_color__hover_enabled=&raquo;off&raquo; button_border_radius__hover_enabled=&raquo;off&raquo; button_one_border_radius__hover_enabled=&raquo;off&raquo; button_two_border_radius__hover_enabled=&raquo;off&raquo; button_letter_spacing__hover_enabled=&raquo;off&raquo; button_one_letter_spacing__hover_enabled=&raquo;off&raquo; button_two_letter_spacing__hover_enabled=&raquo;off&raquo; button_bg_color__hover_enabled=&raquo;off&raquo; button_one_bg_color__hover_enabled=&raquo;off&raquo; button_two_bg_color__hover_enabled=&raquo;off&raquo;][\/et_pb_contact_field][et_pb_contact_field field_id=&raquo;Email&raquo; field_title=&raquo;E-postadresse&raquo; field_type=&raquo;email&raquo; _builder_version=&raquo;4.16&#8243; global_colors_info=&raquo;{}&raquo; button_text_size__hover_enabled=&raquo;off&raquo; button_one_text_size__hover_enabled=&raquo;off&raquo; button_two_text_size__hover_enabled=&raquo;off&raquo; button_text_color__hover_enabled=&raquo;off&raquo; button_one_text_color__hover_enabled=&raquo;off&raquo; button_two_text_color__hover_enabled=&raquo;off&raquo; button_border_width__hover_enabled=&raquo;off&raquo; button_one_border_width__hover_enabled=&raquo;off&raquo; button_two_border_width__hover_enabled=&raquo;off&raquo; button_border_color__hover_enabled=&raquo;off&raquo; button_one_border_color__hover_enabled=&raquo;off&raquo; button_two_border_color__hover_enabled=&raquo;off&raquo; button_border_radius__hover_enabled=&raquo;off&raquo; button_one_border_radius__hover_enabled=&raquo;off&raquo; button_two_border_radius__hover_enabled=&raquo;off&raquo; button_letter_spacing__hover_enabled=&raquo;off&raquo; button_one_letter_spacing__hover_enabled=&raquo;off&raquo; button_two_letter_spacing__hover_enabled=&raquo;off&raquo; button_bg_color__hover_enabled=&raquo;off&raquo; button_one_bg_color__hover_enabled=&raquo;off&raquo; button_two_bg_color__hover_enabled=&raquo;off&raquo;][\/et_pb_contact_field][et_pb_contact_field field_id=&raquo;Message&raquo; field_title=&raquo;Melding&raquo; field_type=&raquo;text&raquo; fullwidth_field=&raquo;on&raquo; _builder_version=&raquo;4.16&#8243; global_colors_info=&raquo;{}&raquo; button_text_size__hover_enabled=&raquo;off&raquo; button_one_text_size__hover_enabled=&raquo;off&raquo; button_two_text_size__hover_enabled=&raquo;off&raquo; button_text_color__hover_enabled=&raquo;off&raquo; button_one_text_color__hover_enabled=&raquo;off&raquo; button_two_text_color__hover_enabled=&raquo;off&raquo; button_border_width__hover_enabled=&raquo;off&raquo; button_one_border_width__hover_enabled=&raquo;off&raquo; button_two_border_width__hover_enabled=&raquo;off&raquo; button_border_color__hover_enabled=&raquo;off&raquo; button_one_border_color__hover_enabled=&raquo;off&raquo; button_two_border_color__hover_enabled=&raquo;off&raquo; button_border_radius__hover_enabled=&raquo;off&raquo; button_one_border_radius__hover_enabled=&raquo;off&raquo; button_two_border_radius__hover_enabled=&raquo;off&raquo; button_letter_spacing__hover_enabled=&raquo;off&raquo; button_one_letter_spacing__hover_enabled=&raquo;off&raquo; button_two_letter_spacing__hover_enabled=&raquo;off&raquo; button_bg_color__hover_enabled=&raquo;off&raquo; button_one_bg_color__hover_enabled=&raquo;off&raquo; button_two_bg_color__hover_enabled=&raquo;off&raquo;][\/et_pb_contact_field][\/et_pb_contact_form][\/et_pb_column][et_pb_column type=&raquo;1_2&#8243; specialty_columns=&raquo;2&#8243; _builder_version=&raquo;4.16&#8243; custom_padding=&raquo;|||&raquo; global_colors_info=&raquo;{}&raquo; custom_padding__hover=&raquo;|||&raquo;][et_pb_row_inner custom_padding_last_edited=&raquo;on|desktop&raquo; _builder_version=&raquo;4.16&#8243; custom_padding=&raquo;80px|6vw|80px|6vw|true|true&raquo; custom_padding_tablet=&raquo;|3vw||3vw||true&raquo; custom_padding_phone=&raquo;&raquo; global_colors_info=&raquo;{}&raquo;][et_pb_column_inner saved_specialty_column_type=&raquo;1_2&#8243; _builder_version=&raquo;4.16&#8243; custom_padding=&raquo;|||&raquo; global_colors_info=&raquo;{}&raquo; custom_padding__hover=&raquo;|||&raquo;][et_pb_accordion _builder_version=&raquo;4.27.4&#8243; _module_preset=&raquo;default&raquo; hover_enabled=&raquo;0&#8243; global_colors_info=&raquo;{}&raquo; sticky_enabled=&raquo;0&#8243;][et_pb_accordion_item title=&raquo;Hvor lang tid tar det \u00e5 f\u00e5 svar?&raquo; open=&raquo;on&raquo; _builder_version=&raquo;4.27.4&#8243; _module_preset=&raquo;default&raquo; global_colors_info=&raquo;{}&raquo;]<\/p>\n<p>Vi streber etter \u00e5 svare p\u00e5 alle henvendelser innen 1\u20132 virkedager. I travle perioder kan det ta litt lengre tid, men vi gj\u00f8r alltid v\u00e5rt beste for \u00e5 svare deg raskt. <\/p>\n<p>[\/et_pb_accordion_item][et_pb_accordion_item title=&raquo;Kan jeg booke et m\u00f8te direkte?&raquo; _builder_version=&raquo;4.27.4&#8243; _module_preset=&raquo;default&raquo; hover_enabled=&raquo;0&#8243; global_colors_info=&raquo;{}&raquo; open=&raquo;off&raquo; sticky_enabled=&raquo;0&#8243;]<\/p>\n<p>Ja! Hvis du \u00f8nsker \u00e5 planlegge en samtale eller et m\u00f8te, bare gi oss beskjed i meldingen din eller bruk bookinglenken v\u00e5r. Vi vil bekrefte et tidspunkt som passer for deg.  <\/p>\n<p><a href=\"https:\/\/outlook.office.com\/bookwithme\/user\/76d88d9a00e64eff8d31617ec54d1f28@opusaris.com?anonymous&amp;ismsaljsauthenabled&amp;ep=pcard\">Book tid med OpusAris<\/a><\/p>\n<p>[\/et_pb_accordion_item][et_pb_accordion_item title=&raquo;Hvem skal jeg kontakte med generelle sp\u00f8rsm\u00e5l eller foresp\u00f8rsler?&raquo; _builder_version=&raquo;4.27.4&#8243; _module_preset=&raquo;default&raquo; global_colors_info=&raquo;{}&raquo; open=&raquo;off&raquo;]<\/p>\n<p>Bare bruk kontaktskjemaet eller send oss en e-post direkte. Meldingen din vil bli videresendt til riktig person i teamet v\u00e5rt, og vi vil f\u00f8lge opp snart. <\/p>\n<p>[\/et_pb_accordion_item][et_pb_accordion_item title=&raquo;Tilbyr dere konsultasjoner eller tilpassede pristilbud?&raquo; _builder_version=&raquo;4.27.4&#8243; _module_preset=&raquo;default&raquo; global_colors_info=&raquo;{}&raquo; open=&raquo;off&raquo;]<\/p>\n<p>Absolutt. Hvis du ser etter en skreddersydd l\u00f8sning eller bare vil utforske hva vi kan gj\u00f8re for deg, ta kontakt, s\u00e5 ordner vi gjerne en gratis konsultasjon. <\/p>\n<p>[\/et_pb_accordion_item][\/et_pb_accordion][\/et_pb_column_inner][\/et_pb_row_inner][\/et_pb_column][\/et_pb_section]<\/p>\n","protected":false},"excerpt":{"rendered":"<p>La oss skape noe fantastisk sammen! Har du dristige ideer for markedsf\u00f8ringen din? Eller vet du bare at ting m\u00e5 endres, men er usikker p\u00e5 hvor du skal begynne? Vi vil gjerne h\u00f8re om det. Hos OpusAris gj\u00f8r vi ambisjoner om til handling \u2013 med strategi, kreativitet og masse teknisk kunnskap. Fortell oss hvor du [&hellip;]<\/p>\n","protected":false},"author":1,"featured_media":0,"parent":0,"menu_order":0,"comment_status":"closed","ping_status":"closed","template":"","meta":{"_et_pb_use_builder":"on","_et_pb_old_content":"","_et_gb_content_width":"","footnotes":""},"class_list":["post-1029","page","type-page","status-publish","hentry"],"_links":{"self":[{"href":"https:\/\/opusaris.com\/no\/wp-json\/wp\/v2\/pages\/1029","targetHints":{"allow":["GET"]}}],"collection":[{"href":"https:\/\/opusaris.com\/no\/wp-json\/wp\/v2\/pages"}],"about":[{"href":"https:\/\/opusaris.com\/no\/wp-json\/wp\/v2\/types\/page"}],"author":[{"embeddable":true,"href":"https:\/\/opusaris.com\/no\/wp-json\/wp\/v2\/users\/1"}],"replies":[{"embeddable":true,"href":"https:\/\/opusaris.com\/no\/wp-json\/wp\/v2\/comments?post=1029"}],"version-history":[{"count":18,"href":"https:\/\/opusaris.com\/no\/wp-json\/wp\/v2\/pages\/1029\/revisions"}],"predecessor-version":[{"id":2607,"href":"https:\/\/opusaris.com\/no\/wp-json\/wp\/v2\/pages\/1029\/revisions\/2607"}],"wp:attachment":[{"href":"https:\/\/opusaris.com\/no\/wp-json\/wp\/v2\/media?parent=1029"}],"curies":[{"name":"wp","href":"https:\/\/api.w.org\/{rel}","templated":true}]}}