{"id":1023,"date":"2025-07-25T08:07:40","date_gmt":"2025-07-25T08:07:40","guid":{"rendered":"https:\/\/opusaris.com\/vare-tjenester\/"},"modified":"2026-03-30T04:15:14","modified_gmt":"2026-03-30T04:15:14","slug":"vare-tjenester","status":"publish","type":"page","link":"https:\/\/opusaris.com\/no\/vare-tjenester\/","title":{"rendered":"V\u00e5re tjenester"},"content":{"rendered":"<p>[et_pb_section fb_built=&raquo;1&#8243; _builder_version=&raquo;4.27.4&#8243; _module_preset=&raquo;default&raquo; global_colors_info=&raquo;{}&raquo;][et_pb_row column_structure=&raquo;3_5,2_5&#8243; _builder_version=&raquo;4.27.4&#8243; _module_preset=&raquo;default&raquo; global_colors_info=&raquo;{}&raquo;][et_pb_column type=&raquo;3_5&#8243; _builder_version=&raquo;4.27.4&#8243; _module_preset=&raquo;default&raquo; global_colors_info=&raquo;{}&raquo;][et_pb_text _builder_version=&raquo;4.27.4&#8243; _module_preset=&raquo;default&raquo; header_font_size=&raquo;42px&raquo; global_colors_info=&raquo;{}&raquo;]<\/p>\n<h1>V\u00e5re tjenester<\/h1>\n<p>Vi er et fullservice markedsf\u00f8ringsbyr\u00e5 som hjelper IT-leverand\u00f8rer med \u00e5 drive markedsf\u00f8ring p\u00e5 bedriftsniv\u00e5. Vi fungerer som en integrert markedsf\u00f8ringsavdeling og h\u00e5ndterer strategi, kampanjer, innhold og kreativt arbeid, samtidig som vi er fullt integrert med ditt team. Tenk p\u00e5 oss som din markedsf\u00f8ringsavdeling p\u00e5 foresp\u00f8rsel, som leverer resultater uten \u00e5 \u00f8ke bemanningen.  <\/p>\n<p>[\/et_pb_text][et_pb_image src=&raquo;https:\/\/opusaris.com\/wp-content\/uploads\/2025\/07\/OpusOurService.jpg&raquo; title_text=&raquo;Konsept for vekststrategi og forretningstrender. Forretningsmanns h\u00e5nd p\u00e5 pil-ikon for investering. \u00d8k salgsmarkedsf\u00f8ring, \u00f8k suksesspotensialet, skyt rakett mot velstand. Konkurransedyktig forretningsplanm\u00e5l   &raquo; _builder_version=&raquo;4.27.4&#8243; _module_preset=&raquo;default&raquo; global_colors_info=&raquo;{}&raquo;][\/et_pb_image][\/et_pb_column][et_pb_column type=&raquo;2_5&#8243; _builder_version=&raquo;4.27.4&#8243; _module_preset=&raquo;default&raquo; global_colors_info=&raquo;{}&raquo;][et_pb_blurb title=&raquo;Markedsf\u00f8ringsstrategi for IT-leverand\u00f8rer&raquo; url=&raquo;#strategy&raquo; use_icon=&raquo;on&raquo; font_icon=&raquo;&#xe01c;||divi||400&#8243; icon_placement=&raquo;left&raquo; _builder_version=&raquo;4.27.4&#8243; _module_preset=&raquo;default&raquo; global_colors_info=&raquo;{}&raquo;]<\/p>\n<ul>\n<li data-start=\"1454\" data-end=\"1478\">\n<p data-start=\"1456\" data-end=\"1478\">Meldingsarkitektur<\/p>\n<\/li>\n<li data-start=\"1482\" data-end=\"1501\">\n<p data-start=\"1484\" data-end=\"1501\">Kampanjeplanlegging<\/p>\n<\/li>\n<li data-start=\"1505\" data-end=\"1533\">\n<p data-start=\"1507\" data-end=\"1533\">GTM-tilpasning p\u00e5 tvers av leverand\u00f8rer<\/p>\n<\/li>\n<\/ul>\n<p>[\/et_pb_blurb][et_pb_blurb title=&raquo;Kampanjeutvikling&raquo; url=&raquo;#campaign&raquo; use_icon=&raquo;on&raquo; font_icon=&raquo;&#xf0eb;||fa||400&#8243; icon_placement=&raquo;left&raquo; _builder_version=&raquo;4.27.4&#8243; _module_preset=&raquo;default&raquo; global_colors_info=&raquo;{}&raquo;]<\/p>\n<ul>\n<li data-start=\"1564\" data-end=\"1593\">\n<p data-start=\"1566\" data-end=\"1593\">Webinarer og digitale arrangementer<\/p>\n<\/li>\n<li data-start=\"1597\" data-end=\"1626\">\n<p data-start=\"1599\" data-end=\"1626\">Video og visuell historiefortelling<\/p>\n<\/li>\n<li data-start=\"1630\" data-end=\"1658\">\n<p data-start=\"1632\" data-end=\"1658\">Sosiale medier og nyhetsbrev<\/p>\n<\/li>\n<\/ul>\n<p>[\/et_pb_blurb][et_pb_blurb title=&raquo;Salgsst\u00f8tte&raquo; url=&raquo;#enablement&raquo; use_icon=&raquo;on&raquo; font_icon=&raquo;&#xf19c;||fa||900&#8243; icon_placement=&raquo;left&raquo; _builder_version=&raquo;4.27.4&#8243; _module_preset=&raquo;default&raquo; global_colors_info=&raquo;{}&raquo;]<\/p>\n<ul>\n<li data-start=\"1687\" data-end=\"1711\">\n<p data-start=\"1689\" data-end=\"1711\">Produktark og presentasjoner<\/p>\n<\/li>\n<li data-start=\"1715\" data-end=\"1746\">\n<p data-start=\"1717\" data-end=\"1746\">Spilleb\u00f8ker og e-postsekvenser<\/p>\n<\/li>\n<li data-start=\"1750\" data-end=\"1785\">\n<p data-start=\"1752\" data-end=\"1785\">Oppl\u00e6ring og coaching for selgere<\/p>\n<\/li>\n<\/ul>\n<p>[\/et_pb_blurb][et_pb_blurb title=&raquo;Innholdsutvikling&raquo; url=&raquo;#content&raquo; use_icon=&raquo;on&raquo; font_icon=&raquo;&#x69;||divi||400&#8243; icon_placement=&raquo;left&raquo; _builder_version=&raquo;4.27.4&#8243; _module_preset=&raquo;default&raquo; global_colors_info=&raquo;{}&raquo;]<\/p>\n<ul>\n<li data-start=\"1817\" data-end=\"1837\">\n<p data-start=\"1819\" data-end=\"1837\">Tankelederskap<\/p>\n<\/li>\n<li data-start=\"1841\" data-end=\"1878\">\n<p data-start=\"1843\" data-end=\"1878\">Feils\u00f8king og reparasjonsdemoer (innspilte \u00f8kter)<\/p>\n<\/li>\n<li data-start=\"1882\" data-end=\"1918\">\n<p data-start=\"1884\" data-end=\"1918\">Infografikk og l\u00f8sningsforklaringer<\/p>\n<\/li>\n<\/ul>\n<p>[\/et_pb_blurb][\/et_pb_column][\/et_pb_row][et_pb_row column_structure=&raquo;2_3,1_3&#8243; _builder_version=&raquo;4.27.4&#8243; _module_preset=&raquo;default&raquo; global_colors_info=&raquo;{}&raquo;][et_pb_column type=&raquo;2_3&#8243; _builder_version=&raquo;4.27.4&#8243; _module_preset=&raquo;default&raquo; global_colors_info=&raquo;{}&raquo;][et_pb_divider _builder_version=&raquo;4.27.4&#8243; _module_preset=&raquo;default&raquo; global_colors_info=&raquo;{}&raquo;][\/et_pb_divider][\/et_pb_column][et_pb_column type=&raquo;1_3&#8243; _builder_version=&raquo;4.27.4&#8243; _module_preset=&raquo;default&raquo; global_colors_info=&raquo;{}&raquo;][\/et_pb_column][\/et_pb_row][et_pb_row column_structure=&raquo;2_3,1_3&#8243; _builder_version=&raquo;4.27.4&#8243; _module_preset=&raquo;default&raquo; global_colors_info=&raquo;{}&raquo;][et_pb_column type=&raquo;2_3&#8243; _builder_version=&raquo;4.27.4&#8243; _module_preset=&raquo;default&raquo; global_colors_info=&raquo;{}&raquo;][et_pb_text module_id=&raquo;strategy&raquo; _builder_version=&raquo;4.27.4&#8243; _module_preset=&raquo;default&raquo; header_4_font=&raquo;|600|||||||&raquo; global_colors_info=&raquo;{}&raquo;]<\/p>\n<h1>Strategisk markedsf\u00f8ring for IT-leverand\u00f8rer<\/h1>\n<p>Hos OpusAris leverer vi markedsf\u00f8ring p\u00e5 bedriftsniv\u00e5 skreddersydd for IT-leverand\u00f8rer. Enten du lanserer en l\u00f8sning eller ekspanderer til nye markeder, integrerer vi oss i din virksomhet som en forlengelse av ditt eget markedsf\u00f8ringsteam. <\/p>\n<p>Vi begynner med \u00e5 forst\u00e5 dine produkter, posisjonering og eksisterende markedsf\u00f8ringstiltak, ofte i direkte samarbeid med leverand\u00f8rer som IBM for \u00e5 tilpasse v\u00e5r tiln\u00e6rming til deres budskap og strategiske retning. Dette sikrer konsistens, relevans og troverdighet fra dag \u00e9n. <\/p>\n<h2>V\u00e5re tjenester inkluderer:<\/h2>\n<h4 style=\"padding-left: 40px\">Markedsf\u00f8ringsstrategi<\/h4>\n<p style=\"padding-left: 40px\">Vi utformer klare, handlingsorienterte markedsf\u00f8ringsstrategier som st\u00f8tter dine forretningsm\u00e5l, engasjerer de riktige m\u00e5lgruppene og genererer reelle resultater. Enten du selger infrastruktur, programvare eller tjenester, former vi kampanjer som gir resultater. <\/p>\n<h4 style=\"padding-left: 40px\">Meldingsarkitektur<\/h4>\n<p style=\"padding-left: 40px\">Vi utformer strukturerte, konsistente budskap som taler til dine m\u00e5lpersoner. V\u00e5re meldingsrammeverk forenkler komplekse l\u00f8sninger og forener kommunikasjon p\u00e5 tvers av salg og markedsf\u00f8ring. <\/p>\n<h4 style=\"padding-left: 40px\">Kampanjeplanlegging<\/h4>\n<p style=\"padding-left: 40px\">Fra webinarer og e-poster til fullstendige flerkanalskampanjer, h\u00e5ndterer vi alt. Vi planlegger hver detalj, samkj\u00f8rer med interessenter og bringer budskapet ditt til live med smart, m\u00e5lbar gjennomf\u00f8ring. <\/p>\n<h4 style=\"padding-left: 40px\">GTM-tilpasning p\u00e5 tvers av leverand\u00f8rer<\/h4>\n<p style=\"padding-left: 40px\">N\u00e5r dine l\u00f8sninger involverer partnere eller er avhengige av bredere \u00f8kosystemer, s\u00f8rger vi for at din go-to-market (GTM) plan er samkj\u00f8rt p\u00e5 tvers av leverand\u00f8rer. Vi samarbeider med salgs- og tekniske team for \u00e5 bygge sammenhengende kampanjer som driver felles suksess. <\/p>\n<p>Vi designer ikke bare planer \u2013 vi gjennomf\u00f8rer og styrer dem fra start til slutt, og forblir engasjert for \u00e5 kontinuerlig forbedre ytelsen. Enten du trenger strategisk veiledning, innholdsutf\u00f8relse eller ende-til-ende prosjektledelse, leverer OpusAris markedsf\u00f8ring som fungerer p\u00e5 dine premisser. <\/p>\n<p>[\/et_pb_text][\/et_pb_column][et_pb_column type=&raquo;1_3&#8243; _builder_version=&raquo;4.27.4&#8243; _module_preset=&raquo;default&raquo; global_colors_info=&raquo;{}&raquo;][et_pb_image src=&raquo;https:\/\/opusaris.com\/wp-content\/uploads\/2025\/07\/OpusStrategy.jpg&raquo; title_text=&raquo;Sjakkbrikker p\u00e5 brett i bl\u00e5toner&raquo; _builder_version=&raquo;4.27.4&#8243; _module_preset=&raquo;default&raquo; global_colors_info=&raquo;{}&raquo;][\/et_pb_image][\/et_pb_column][\/et_pb_row][et_pb_row column_structure=&raquo;2_5,3_5&#8243; _builder_version=&raquo;4.27.4&#8243; _module_preset=&raquo;default&raquo; global_colors_info=&raquo;{}&raquo;][et_pb_column type=&raquo;2_5&#8243; _builder_version=&raquo;4.27.4&#8243; _module_preset=&raquo;default&raquo; global_colors_info=&raquo;{}&raquo;][et_pb_divider _builder_version=&raquo;4.27.4&#8243; _module_preset=&raquo;default&raquo; global_colors_info=&raquo;{}&raquo;][\/et_pb_divider][\/et_pb_column][et_pb_column type=&raquo;3_5&#8243; _builder_version=&raquo;4.27.4&#8243; _module_preset=&raquo;default&raquo; global_colors_info=&raquo;{}&raquo;][\/et_pb_column][\/et_pb_row][et_pb_row column_structure=&raquo;1_3,2_3&#8243; _builder_version=&raquo;4.27.4&#8243; _module_preset=&raquo;default&raquo; global_colors_info=&raquo;{}&raquo;][et_pb_column type=&raquo;1_3&#8243; _builder_version=&raquo;4.27.4&#8243; _module_preset=&raquo;default&raquo; global_colors_info=&raquo;{}&raquo;][et_pb_image src=&raquo;https:\/\/opusaris.com\/wp-content\/uploads\/2025\/07\/OpusContent.jpg&raquo; title_text=&raquo;Ung kvinnelig megler eller coach som peker p\u00e5 et av papirene med flytdiagrammer&raquo; _builder_version=&raquo;4.27.4&#8243; _module_preset=&raquo;default&raquo; global_colors_info=&raquo;{}&raquo;][\/et_pb_image][\/et_pb_column][et_pb_column type=&raquo;2_3&#8243; _builder_version=&raquo;4.27.4&#8243; _module_preset=&raquo;default&raquo; global_colors_info=&raquo;{}&raquo;][et_pb_text module_id=&raquo;campaign&raquo; _builder_version=&raquo;4.27.4&#8243; _module_preset=&raquo;default&raquo; header_4_font=&raquo;|600|||||||&raquo; global_colors_info=&raquo;{}&raquo;]<\/p>\n<h1>Engasjerende kampanjer som gir resultater<\/h1>\n<p data-start=\"188\" data-end=\"446\">Vi skaper og administrerer kampanjer som skiller seg ut \u2013 spesielt designet for IT-partnere og teknologifokuserte m\u00e5lgrupper. Enten du bygger bevissthet eller akselererer salg, skreddersyr vi hver aktivitet til dine m\u00e5l, m\u00e5lgrupper og leverand\u00f8rlandskap. <\/p>\n<p data-start=\"448\" data-end=\"593\">V\u00e5r tiln\u00e6rming er praktisk: vi jobber med ditt team og dine leverand\u00f8rpartnere for \u00e5 sikre konsistent budskap, samkj\u00f8rt timing og s\u00f8ml\u00f8s gjennomf\u00f8ring.<\/p>\n<p data-start=\"595\" data-end=\"858\" style=\"padding-left: 40px\"><strong data-start=\"595\" data-end=\"624\">Webinarer og digitale arrangementer<\/strong><br data-start=\"624\" data-end=\"627\">Vi planlegger, promoterer og gjennomf\u00f8rer helhetlige webinaropplevelser \u2013 fra koordinering av foredragsholdere og plattformoppsett til kreativ promotering og oppf\u00f8lging etter arrangementet. V\u00e5re teknologifokuserte webinarer er designet for \u00e5 utdanne, engasjere og generere salgsmuligheter. <\/p>\n<p data-start=\"860\" data-end=\"1124\" style=\"padding-left: 40px\"><strong data-start=\"860\" data-end=\"891\">Video og visuell historiefortelling<\/strong><br data-start=\"891\" data-end=\"894\">Fra produktforklaringer til animerte casestudier og demogjennomganger, vi omdanner komplekse ideer til engasjerende visuelt innhold. Vi samarbeider med tekniske interessenter for \u00e5 sikre n\u00f8yaktighet samtidig som vi holder ting engasjerende og lett \u00e5 ford\u00f8ye. <\/p>\n<p data-start=\"1126\" data-end=\"1395\" style=\"padding-left: 40px\"><strong data-start=\"1126\" data-end=\"1156\">Sosiale medier og nyhetsbrev<\/strong><br data-start=\"1156\" data-end=\"1159\">Vi hjelper deg med \u00e5 holde kontakten med m\u00e5lgruppen din gjennom regelmessige oppdateringer, kuratert tankelederskap og kampanjeinnhold skreddersydd for LinkedIn, e-post eller andre kanaler. Vi skriver, designer og administrerer alt \u2013 fra planlegging til publisering. <\/p>\n<p data-start=\"1397\" data-end=\"1641\">Hver kampanje styres fullt ut av oss \u2013 fra innledende konsept til oppf\u00f8lgingsrapportering \u2013 for \u00e5 sikre at ingenting glipper og at hver detalj er optimalisert. Vi fungerer som ditt integrerte markedsf\u00f8ringsteam, og samkj\u00f8rer strategi med gjennomf\u00f8ring for \u00e5 levere klar, konsistent effekt. <\/p>\n<p>[\/et_pb_text][\/et_pb_column][\/et_pb_row][et_pb_row column_structure=&raquo;2_5,3_5&#8243; _builder_version=&raquo;4.27.4&#8243; _module_preset=&raquo;default&raquo; global_colors_info=&raquo;{}&raquo;][et_pb_column type=&raquo;2_5&#8243; _builder_version=&raquo;4.27.4&#8243; _module_preset=&raquo;default&raquo; global_colors_info=&raquo;{}&raquo;][et_pb_divider _builder_version=&raquo;4.27.4&#8243; _module_preset=&raquo;default&raquo; global_colors_info=&raquo;{}&raquo;][\/et_pb_divider][\/et_pb_column][et_pb_column type=&raquo;3_5&#8243; _builder_version=&raquo;4.27.4&#8243; _module_preset=&raquo;default&raquo; global_colors_info=&raquo;{}&raquo;][\/et_pb_column][\/et_pb_row][et_pb_row column_structure=&raquo;2_3,1_3&#8243; _builder_version=&raquo;4.27.4&#8243; _module_preset=&raquo;default&raquo; global_colors_info=&raquo;{}&raquo;][et_pb_column type=&raquo;2_3&#8243; _builder_version=&raquo;4.27.4&#8243; _module_preset=&raquo;default&raquo; global_colors_info=&raquo;{}&raquo;][et_pb_text module_id=&raquo;enablement&raquo; _builder_version=&raquo;4.27.4&#8243; _module_preset=&raquo;default&raquo; header_4_font=&raquo;|600|||||||&raquo; global_colors_info=&raquo;{}&raquo;]<\/p>\n<h1>Utruste salgs- og tekniske team for \u00e5 drive resultater<\/h1>\n<p data-start=\"212\" data-end=\"515\">Hos OpusAris st\u00f8tter vi hele kundens reise \u2013 fra markedsf\u00f8ringsbevissthet til salgskonvertering \u2013 ved \u00e5 gi teamene dine verkt\u00f8yene, kunnskapen og selvtilliten de trenger for \u00e5 lykkes. V\u00e5re st\u00f8ttetjenester er skreddersydd for IT-partnere og deres leverand\u00f8rer, og hjelper b\u00e5de salgs- og tekniske fagfolk med \u00e5 engasjere seg effektivt. <\/p>\n<p data-start=\"517\" data-end=\"678\">Vi jobber tett med fageksperter for \u00e5 omdanne komplekse tilbud til klart, brukbart materiale som er i tr\u00e5d med ditt budskap og go-to-market-strategi.<\/p>\n<p data-start=\"680\" data-end=\"977\" style=\"padding-left: 40px\"><strong data-start=\"680\" data-end=\"712\">Produktark og salgspresentasjoner<\/strong><br data-start=\"712\" data-end=\"715\">Vi lager rene, overbevisende ressurser som gj\u00f8r det enkelt \u00e5 presentere teknisk verdi i kundeorienterte formater. Enten det er for bedriftsinfrastruktur, programvare eller hybridl\u00f8sninger, tilpasser vi innholdet for reell bruk i salgssamtaler og partnerm\u00f8ter. <\/p>\n<p data-start=\"979\" data-end=\"1218\" style=\"padding-left: 40px\"><strong data-start=\"979\" data-end=\"1010\">Spilleb\u00f8ker og e-postsekvenser<\/strong><br data-start=\"1010\" data-end=\"1013\">V\u00e5re spilleb\u00f8ker gir strukturerte budskap, personas, konkurranseinnsikt, samtalemanus og e-postmaler som hjelper selgere med \u00e5 drive avtaler fremover \u2013 spesielt i scenarier med flere interessenter eller p\u00e5 tvers av leverand\u00f8rer.<\/p>\n<p data-start=\"1220\" data-end=\"1512\" style=\"padding-left: 40px\"><strong data-start=\"1220\" data-end=\"1250\">Salgs- og teknisk oppl\u00e6ring<\/strong><br data-start=\"1250\" data-end=\"1253\">Vi leverer oppl\u00e6rings\u00f8kter, workshops og on-demand moduler for b\u00e5de kommersielle og tekniske team. Fra salgsposisjonering og innvendingsh\u00e5ndtering til tekniske gjennomganger av konsepter og prinsipper, bygger vi kunnskapen som trengs for \u00e5 vinne tillit og lukke avtaler. <\/p>\n<p data-start=\"1514\" data-end=\"1715\">Som din integrerte markedsf\u00f8ringspartner s\u00f8rger vi for at st\u00f8ttematerialer og oppl\u00e6ring er i tr\u00e5d med din GTM, kampanjeflyt og produktveikart \u2013 noe som gj\u00f8r det enkelt for alle \u00e5 holde seg til budskapet og p\u00e5 sporet.<\/p>\n<p>[\/et_pb_text][\/et_pb_column][et_pb_column type=&raquo;1_3&#8243; _builder_version=&raquo;4.27.4&#8243; _module_preset=&raquo;default&raquo; global_colors_info=&raquo;{}&raquo;][et_pb_image src=&raquo;https:\/\/opusaris.com\/wp-content\/uploads\/2025\/07\/OpusTraining.jpg&raquo; title_text=&raquo;Ung, mannlig leder som holder presentasjon for kolleger&raquo; _builder_version=&raquo;4.27.4&#8243; _module_preset=&raquo;default&raquo; global_colors_info=&raquo;{}&raquo;][\/et_pb_image][\/et_pb_column][\/et_pb_row][et_pb_row column_structure=&raquo;2_5,3_5&#8243; _builder_version=&raquo;4.27.4&#8243; _module_preset=&raquo;default&raquo; global_colors_info=&raquo;{}&raquo;][et_pb_column type=&raquo;2_5&#8243; _builder_version=&raquo;4.27.4&#8243; _module_preset=&raquo;default&raquo; global_colors_info=&raquo;{}&raquo;][et_pb_divider _builder_version=&raquo;4.27.4&#8243; _module_preset=&raquo;default&raquo; global_colors_info=&raquo;{}&raquo;][\/et_pb_divider][\/et_pb_column][et_pb_column type=&raquo;3_5&#8243; _builder_version=&raquo;4.27.4&#8243; _module_preset=&raquo;default&raquo; global_colors_info=&raquo;{}&raquo;][\/et_pb_column][\/et_pb_row][et_pb_row column_structure=&raquo;1_3,2_3&#8243; _builder_version=&raquo;4.27.4&#8243; _module_preset=&raquo;default&raquo; global_colors_info=&raquo;{}&raquo;][et_pb_column type=&raquo;1_3&#8243; _builder_version=&raquo;4.27.4&#8243; _module_preset=&raquo;default&raquo; global_colors_info=&raquo;{}&raquo;][et_pb_image src=&raquo;https:\/\/opusaris.com\/wp-content\/uploads\/2025\/07\/OpusCreation.jpg&raquo; title_text=&raquo;kamera&raquo; _builder_version=&raquo;4.27.4&#8243; _module_preset=&raquo;default&raquo; global_colors_info=&raquo;{}&raquo;][\/et_pb_image][\/et_pb_column][et_pb_column type=&raquo;2_3&#8243; _builder_version=&raquo;4.27.4&#8243; _module_preset=&raquo;default&raquo; global_colors_info=&raquo;{}&raquo;][et_pb_text module_id=&raquo;content&raquo; _builder_version=&raquo;4.27.4&#8243; _module_preset=&raquo;default&raquo; header_4_font=&raquo;|600|||||||&raquo; global_colors_info=&raquo;{}&raquo;]<\/p>\n<h1>Innhold som informerer, engasjerer og konverterer<\/h1>\n<p data-start=\"187\" data-end=\"425\">Vi skaper innhold som taler til IT-beslutningstakere \u2013 og bygger bro mellom teknisk dybde og forretningsmessig relevans. Enten du bygger bevissthet eller muliggj\u00f8r salg, er v\u00e5rt innhold designet for \u00e5 utdanne, differensiere og drive handling. <\/p>\n<p data-start=\"427\" data-end=\"589\">I tett samarbeid med dine produkt- og markedsf\u00f8ringsteam s\u00f8rger vi for at hvert stykke er i tr\u00e5d med din meldingsramme, leverand\u00f8rkrav og go-to-market-strategi.<\/p>\n<p data-start=\"591\" data-end=\"850\" style=\"padding-left: 40px\"><strong data-start=\"591\" data-end=\"613\">Tankelederskap<\/strong><br data-start=\"613\" data-end=\"616\">Vi utformer innsiktsfulle artikler, guider og meningsartikler som posisjonerer ditt merke som en ekspert p\u00e5 sitt felt. V\u00e5rt innhold hjelper deg med \u00e5 lede samtaler rundt bedrifts-IT-trender, transformasjonsstrategier og innovasjon p\u00e5 tvers av leverand\u00f8rer. <\/p>\n<p data-start=\"852\" data-end=\"1154\" style=\"padding-left: 40px\"><strong data-start=\"852\" data-end=\"891\">Feils\u00f8king og reparasjonsdemoer (innspilte \u00f8kter)<\/strong><br data-start=\"891\" data-end=\"894\">Vi skriver manus, spiller inn og redigerer praktiske demoer som viser probleml\u00f8sning i den virkelige verden \u2013 som \u00e5 fikse et SAN-problem, gjenopprette sikkerhetskopier eller l\u00f8se databasekorrupsjon. Disse videoene bygger troverdighet og gj\u00f8r komplekse tekniske muligheter tilgjengelige og h\u00e5ndgripelige. <\/p>\n<p data-start=\"1156\" data-end=\"1437\" style=\"padding-left: 40px\"><strong data-start=\"1156\" data-end=\"1194\">Infografikk og l\u00f8sningsforklaringer<\/strong><br data-start=\"1194\" data-end=\"1197\">Vi visualiserer dine l\u00f8sninger gjennom klare, engasjerende grafikker og forklaringer som forenkler kompleksitet \u2013 ideelt for salg, sosiale medier og kampanjelandingssider. Enten det er arkitektur, fordeler eller brukstilfeller, bringer vi det til live visuelt. <\/p>\n<p data-start=\"1439\" data-end=\"1678\">Alt innhold planlegges, skapes og administreres av OpusAris \u2013 fra konsept til levering \u2013 slik at du kan fokusere p\u00e5 gjennomf\u00f8ring. Som ditt integrerte markedsf\u00f8ringsteam s\u00f8rger vi for at innholdet ditt ikke bare st\u00f8tter kampanjer, men ogs\u00e5 tilf\u00f8rer langsiktig verdi p\u00e5 tvers av kanaler. <\/p>\n<p>[\/et_pb_text][\/et_pb_column][\/et_pb_row][\/et_pb_section]<\/p>\n","protected":false},"excerpt":{"rendered":"<p>V\u00e5re tjenester Vi er et fullservice markedsf\u00f8ringsbyr\u00e5 som hjelper IT-leverand\u00f8rer med \u00e5 drive markedsf\u00f8ring p\u00e5 bedriftsniv\u00e5. Vi fungerer som en integrert markedsf\u00f8ringsavdeling og h\u00e5ndterer strategi, kampanjer, innhold og kreativt arbeid, samtidig som vi er fullt integrert med ditt team. Tenk p\u00e5 oss som din markedsf\u00f8ringsavdeling p\u00e5 foresp\u00f8rsel, som leverer resultater uten \u00e5 \u00f8ke bemanningen. Meldingsarkitektur [&hellip;]<\/p>\n","protected":false},"author":1,"featured_media":0,"parent":0,"menu_order":0,"comment_status":"closed","ping_status":"closed","template":"","meta":{"_et_pb_use_builder":"on","_et_pb_old_content":"","_et_gb_content_width":"","footnotes":""},"class_list":["post-1023","page","type-page","status-publish","hentry"],"_links":{"self":[{"href":"https:\/\/opusaris.com\/no\/wp-json\/wp\/v2\/pages\/1023","targetHints":{"allow":["GET"]}}],"collection":[{"href":"https:\/\/opusaris.com\/no\/wp-json\/wp\/v2\/pages"}],"about":[{"href":"https:\/\/opusaris.com\/no\/wp-json\/wp\/v2\/types\/page"}],"author":[{"embeddable":true,"href":"https:\/\/opusaris.com\/no\/wp-json\/wp\/v2\/users\/1"}],"replies":[{"embeddable":true,"href":"https:\/\/opusaris.com\/no\/wp-json\/wp\/v2\/comments?post=1023"}],"version-history":[{"count":26,"href":"https:\/\/opusaris.com\/no\/wp-json\/wp\/v2\/pages\/1023\/revisions"}],"predecessor-version":[{"id":2814,"href":"https:\/\/opusaris.com\/no\/wp-json\/wp\/v2\/pages\/1023\/revisions\/2814"}],"wp:attachment":[{"href":"https:\/\/opusaris.com\/no\/wp-json\/wp\/v2\/media?parent=1023"}],"curies":[{"name":"wp","href":"https:\/\/api.w.org\/{rel}","templated":true}]}}