{"id":1002,"date":"2025-07-25T10:13:20","date_gmt":"2025-07-25T10:13:20","guid":{"rendered":"https:\/\/opusaris.com\/load-system-ab\/"},"modified":"2026-02-12T10:42:09","modified_gmt":"2026-02-12T10:42:09","slug":"load-system-ab","status":"publish","type":"page","link":"https:\/\/opusaris.com\/no\/load-system-ab\/","title":{"rendered":"Load system AB"},"content":{"rendered":"<p>[et_pb_section fb_built=&raquo;1&#8243; _builder_version=&raquo;4.27.4&#8243; _module_preset=&raquo;default&raquo; use_background_color_gradient=&raquo;on&raquo; background_color_gradient_direction=&raquo;58deg&raquo; background_color_gradient_stops=&raquo;gcid-58417ebb-1391-40ba-ae2f-2c799fdb5efa 33%|rgba(255,255,255,0) 66%&raquo; background_image=&raquo;https:\/\/opusaris.com\/wp-content\/uploads\/2025\/07\/StockholmSkyline.webp&raquo; background_blend=&raquo;overlay&raquo; global_colors_info=&raquo;{%22gcid-58417ebb-1391-40ba-ae2f-2c799fdb5efa%22:%91%22background_color_gradient_stops%22%93}&raquo;][et_pb_row column_structure=&raquo;2_5,3_5&#8243; _builder_version=&raquo;4.27.4&#8243; _module_preset=&raquo;default&raquo; global_colors_info=&raquo;{}&raquo;][et_pb_column type=&raquo;2_5&#8243; _builder_version=&raquo;4.27.4&#8243; _module_preset=&raquo;default&raquo; global_colors_info=&raquo;{}&raquo;][et_pb_heading title=&raquo;LOAD systems AB&raquo; _builder_version=&raquo;4.27.4&#8243; _module_preset=&raquo;default&raquo; global_colors_info=&raquo;{}&raquo;][\/et_pb_heading][et_pb_text _builder_version=&raquo;4.27.4&#8243; _module_preset=&raquo;default&raquo; global_colors_info=&raquo;{}&raquo;]<\/p>\n<p>LOAD leverer h\u00f8yteknologiske IT-infrastrukturl\u00f8sninger, med spesialisering innen automatisering, skytjenester og drift uten nedetid. De gir bedrifter muligheten til \u00e5 implementere p\u00e5litelige, innovative IT-strategier for kritisk systemytelse. <\/p>\n<p>[\/et_pb_text][\/et_pb_column][et_pb_column type=&raquo;3_5&#8243; _builder_version=&raquo;4.27.4&#8243; _module_preset=&raquo;default&raquo; global_colors_info=&raquo;{}&raquo;][\/et_pb_column][\/et_pb_row][\/et_pb_section][et_pb_section fb_built=&raquo;1&#8243; _builder_version=&raquo;4.27.4&#8243; _module_preset=&raquo;default&raquo; global_colors_info=&raquo;{}&raquo;][et_pb_row column_structure=&raquo;1_2,1_2&#8243; _builder_version=&raquo;4.27.4&#8243; _module_preset=&raquo;default&raquo; global_colors_info=&raquo;{}&raquo;][et_pb_column type=&raquo;1_2&#8243; _builder_version=&raquo;4.27.4&#8243; _module_preset=&raquo;default&raquo; global_colors_info=&raquo;{}&raquo;][et_pb_text _builder_version=&raquo;4.27.4&#8243; _module_preset=&raquo;default&raquo; global_colors_info=&raquo;{}&raquo;]<\/p>\n<h4>INTRO<\/h4>\n<h3>LOAD systems utnytter OpusAris&#8217; ekspertise for LinuxONE-suksess<\/h3>\n<p>[\/et_pb_text][et_pb_divider _builder_version=&raquo;4.27.4&#8243; _module_preset=&raquo;default&raquo; width=&raquo;20%&raquo; global_colors_info=&raquo;{}&raquo;][\/et_pb_divider][et_pb_text _builder_version=&raquo;4.27.4&#8243; _module_preset=&raquo;default&raquo; global_colors_info=&raquo;{}&raquo;]<\/p>\n<div>\n<p><span lang=\"EN-GB\">\u00c5 jobbe med Opus Aris p\u00e5 v\u00e5r IBM LinuxONE-kampanje har v\u00e6rt en absolutt game-changer. Fra begynnelsen av skinte deres ekspertise og kreative visjon gjennom. De hjalp oss med \u00e5 designe og gjennomf\u00f8re en omnikanal-kampanje p\u00e5 LinkedIn som perfekt fanget modenheten og p\u00e5liteligheten til Linux som en enterprise-plattform for \u00e5 kj\u00f8re kritiske applikasjoner.  <\/span><\/p>\n<p>Et av de fremtredende elementene var en serie AI-genererte videoer de laget. De innovative visualiseringene brakte kampanjen til live, og illustrerte mulighetene til IBM LinuxONE p\u00e5 en m\u00e5te som var b\u00e5de engasjerende og lett \u00e5 forst\u00e5 for v\u00e5re kunder. Det var en perfekt blanding av teknisk innsikt og kreativ historiefortelling.  <\/p>\n<p>&nbsp;<\/p>\n<\/div>\n<div>\n<p>Utover videoen utformet OpusAris ogs\u00e5 sv\u00e6rt m\u00e5lrettede direkte InMail-meldinger og landingssider som effektivt posisjonerte LinuxONE for v\u00e5rt marked. Deres evne til \u00e5 kommunisere komplekse l\u00f8sninger p\u00e5 en klar og overbevisende m\u00e5te gjorde hele forskjellen, og drev engasjement og interesse fra de rette personene. <\/p>\n<p>&nbsp;<\/p>\n<\/div>\n<div>\n<p>Takket v\u00e6re OpusAris kunne vi vise frem LinuxONE som den enterprise-plattformen den virkelig er. Deres strategiske tiln\u00e6rming, kombinert med deres dype forst\u00e5else av IT-landskapet, gjorde dem til en uvurderlig partner i denne kampanjen. Vi kunne ikke v\u00e6rt mer forn\u00f8yde med resultatet og vil definitivt jobbe med Opus Aris igjen!  <\/p>\n<p><strong>Torbj\u00f6rn appehl<\/strong><br \/>Administrerende direkt\u00f8r LOAD systems AB<\/p>\n<\/div>\n<p>[\/et_pb_text][et_pb_image src=&raquo;https:\/\/opusaris.com\/wp-content\/uploads\/2025\/07\/load-logo-dark-300&#215;54.png&raquo; title_text=&raquo;last-logo-m\u00f8rk&raquo; _builder_version=&raquo;4.27.4&#8243; _module_preset=&raquo;default&raquo; global_colors_info=&raquo;{}&raquo;][\/et_pb_image][\/et_pb_column][et_pb_column type=&raquo;1_2&#8243; _builder_version=&raquo;4.27.4&#8243; _module_preset=&raquo;default&raquo; global_colors_info=&raquo;{}&raquo;][et_pb_testimonial author=&raquo;Torbj\u00f6rn Appehl&raquo; job_title=&raquo;Administrerende direkt\u00f8r&raquo; company_name=&raquo;LOAD systems AB&raquo; url=&raquo;https:\/\/load.se\/&raquo; portrait_url=&raquo;https:\/\/opusaris.com\/wp-content\/uploads\/2025\/01\/torbjorn-appehl-1.jpg&raquo; _builder_version=&raquo;4.27.4&#8243; _module_preset=&raquo;default&raquo; global_colors_info=&raquo;{}&raquo;]<\/p>\n<p>Torbj\u00f6rn er en erfaren IT-leder som spesialiserer seg p\u00e5 IBM Power Systems og Storage. Med ekspertise innen salg og forretningsutvikling, driver han innovative IT-l\u00f8sninger. <\/p>\n<p>[\/et_pb_testimonial][et_pb_video src=&raquo;https:\/\/opusaris.com\/wp-content\/uploads\/2025\/07\/LoadSomethingBig1.mp4&#8243; _builder_version=&raquo;4.27.4&#8243; _module_preset=&raquo;default&raquo; global_colors_info=&raquo;{}&raquo;][\/et_pb_video][\/et_pb_column][\/et_pb_row][\/et_pb_section]<\/p>\n","protected":false},"excerpt":{"rendered":"<p>LOAD leverer h\u00f8yteknologiske IT-infrastrukturl\u00f8sninger, med spesialisering innen automatisering, skytjenester og drift uten nedetid. De gir bedrifter muligheten til \u00e5 implementere p\u00e5litelige, innovative IT-strategier for kritisk systemytelse. INTRO LOAD systems utnytter OpusAris&#8217; ekspertise for LinuxONE-suksess \u00c5 jobbe med Opus Aris p\u00e5 v\u00e5r IBM LinuxONE-kampanje har v\u00e6rt en absolutt game-changer. Fra begynnelsen av skinte deres ekspertise og [&hellip;]<\/p>\n","protected":false},"author":1,"featured_media":0,"parent":0,"menu_order":0,"comment_status":"closed","ping_status":"closed","template":"","meta":{"_et_pb_use_builder":"on","_et_pb_old_content":"","_et_gb_content_width":"","footnotes":""},"class_list":["post-1002","page","type-page","status-publish","hentry"],"_links":{"self":[{"href":"https:\/\/opusaris.com\/no\/wp-json\/wp\/v2\/pages\/1002","targetHints":{"allow":["GET"]}}],"collection":[{"href":"https:\/\/opusaris.com\/no\/wp-json\/wp\/v2\/pages"}],"about":[{"href":"https:\/\/opusaris.com\/no\/wp-json\/wp\/v2\/types\/page"}],"author":[{"embeddable":true,"href":"https:\/\/opusaris.com\/no\/wp-json\/wp\/v2\/users\/1"}],"replies":[{"embeddable":true,"href":"https:\/\/opusaris.com\/no\/wp-json\/wp\/v2\/comments?post=1002"}],"version-history":[{"count":17,"href":"https:\/\/opusaris.com\/no\/wp-json\/wp\/v2\/pages\/1002\/revisions"}],"predecessor-version":[{"id":2631,"href":"https:\/\/opusaris.com\/no\/wp-json\/wp\/v2\/pages\/1002\/revisions\/2631"}],"wp:attachment":[{"href":"https:\/\/opusaris.com\/no\/wp-json\/wp\/v2\/media?parent=1002"}],"curies":[{"name":"wp","href":"https:\/\/api.w.org\/{rel}","templated":true}]}}