{"id":898,"date":"2025-07-25T08:07:40","date_gmt":"2025-07-25T08:07:40","guid":{"rendered":"https:\/\/opusaris.com\/nuestros-servicios-2\/"},"modified":"2026-03-30T04:15:14","modified_gmt":"2026-03-30T04:15:14","slug":"nuestros-servicios-2","status":"publish","type":"page","link":"https:\/\/opusaris.com\/es\/nuestros-servicios-2\/","title":{"rendered":"Nuestros servicios"},"content":{"rendered":"<p>[et_pb_section fb_built=\u00bb1&#8243; _builder_version=\u00bb4.27.4&#8243; _module_preset=\u00bbdefault\u00bb global_colors_info=\u00bb{}\u00bb][et_pb_row column_structure=\u00bb3_5,2_5&#8243; _builder_version=\u00bb4.27.4&#8243; _module_preset=\u00bbdefault\u00bb global_colors_info=\u00bb{}\u00bb][et_pb_column type=\u00bb3_5&#8243; _builder_version=\u00bb4.27.4&#8243; _module_preset=\u00bbdefault\u00bb global_colors_info=\u00bb{}\u00bb][et_pb_text _builder_version=\u00bb4.27.4&#8243; _module_preset=\u00bbdefault\u00bb header_font_size=\u00bb42px\u00bb global_colors_info=\u00bb{}\u00bb]<\/p>\n<h1>Nuestros servicios<\/h1>\n<p>Somos una agencia de marketing de servicio completo que ayuda a los proveedores de TI a llevar a cabo un marketing de nivel empresarial. Actuando como un departamento de marketing integrado, gestionamos la estrategia, las campa\u00f1as, los contenidos y la creatividad mientras estamos plenamente integrados con tu equipo. Piensa en nosotros como tu departamento de marketing a la carta, que ofrece resultados sin a\u00f1adir personal.  <\/p>\n<p>[\/et_pb_text][et_pb_image src=\u00bbhttps:\/\/opusaris.com\/wp-content\/uploads\/2025\/07\/OpusOurService.jpg\u00bb title_text=\u00bbConcepto de tendencia empresarial de estrategia de crecimiento. Hombre de negocios mano sobre flecha icono de inversi\u00f3n. Aumentar el marketing de ventas, aumentar el potencial de \u00e9xito, disparar el cohete hacia la riqueza. Plan de objetivos empresariales competitivos   \u00bb _builder_version=\u00bb4.27.4&#8243; _module_preset=\u00bbdefault\u00bb global_colors_info=\u00bb{}\u00bb][\/et_pb_image][\/et_pb_column][et_pb_column type=\u00bb2_5&#8243; _builder_version=\u00bb4.27.4&#8243; _module_preset=\u00bbdefault\u00bb global_colors_info=\u00bb{}\u00bb][et_pb_blurb title=\u00bbEstrategia de marketing para proveedores inform\u00e1ticos\u00bb url=\u00bb#strategy\u00bb use_icon=\u00bbon\u00bb font_icon=\u00bb&#xe01c;||divi||400&#8243; icon_placement=\u00bbleft\u00bb _builder_version=\u00bb4.27.4&#8243; _module_preset=\u00bbdefault\u00bb global_colors_info=\u00bb{}\u00bb]<\/p>\n<ul>\n<li data-start=\"1454\" data-end=\"1478\">\n<p data-start=\"1456\" data-end=\"1478\">Arquitectura de mensajer\u00eda<\/p>\n<\/li>\n<li data-start=\"1482\" data-end=\"1501\">\n<p data-start=\"1484\" data-end=\"1501\">Planificaci\u00f3n de campa\u00f1as<\/p>\n<\/li>\n<li data-start=\"1505\" data-end=\"1533\">\n<p data-start=\"1507\" data-end=\"1533\">Alineaci\u00f3n GTM entre proveedores<\/p>\n<\/li>\n<\/ul>\n<p>[\/et_pb_blurb][et_pb_blurb title=\u00bbDesarrollo de campa\u00f1as\u00bb url=\u00bb#campaign\u00bb use_icon=\u00bbon\u00bb font_icon=\u00bb&#xf0eb;||fa||400&#8243; icon_placement=\u00bbleft\u00bb _builder_version=\u00bb4.27.4&#8243; _module_preset=\u00bbdefault\u00bb global_colors_info=\u00bb{}\u00bb]<\/p>\n<ul>\n<li data-start=\"1564\" data-end=\"1593\">\n<p data-start=\"1566\" data-end=\"1593\">Seminarios web y eventos digitales<\/p>\n<\/li>\n<li data-start=\"1597\" data-end=\"1626\">\n<p data-start=\"1599\" data-end=\"1626\">V\u00eddeo y narraci\u00f3n visual<\/p>\n<\/li>\n<li data-start=\"1630\" data-end=\"1658\">\n<p data-start=\"1632\" data-end=\"1658\">Redes sociales y boletines<\/p>\n<\/li>\n<\/ul>\n<p>[\/et_pb_blurb][et_pb_blurb title=\u00bbActivaci\u00f3n de ventas\u00bb url=\u00bb#enablement\u00bb use_icon=\u00bbon\u00bb font_icon=\u00bb&#xf19c;||fa||900&#8243; icon_placement=\u00bbleft\u00bb _builder_version=\u00bb4.27.4&#8243; _module_preset=\u00bbdefault\u00bb global_colors_info=\u00bb{}\u00bb]<\/p>\n<ul>\n<li data-start=\"1687\" data-end=\"1711\">\n<p data-start=\"1689\" data-end=\"1711\">Fichas de productos y cubiertas<\/p>\n<\/li>\n<li data-start=\"1715\" data-end=\"1746\">\n<p data-start=\"1717\" data-end=\"1746\">Gu\u00edas y secuencias de correo electr\u00f3nico<\/p>\n<\/li>\n<li data-start=\"1750\" data-end=\"1785\">\n<p data-start=\"1752\" data-end=\"1785\">Formaci\u00f3n y entrenamiento para vendedores<\/p>\n<\/li>\n<\/ul>\n<p>[\/et_pb_blurb][et_pb_blurb title=\u00bbDesarrollo de contenidos\u00bb url=\u00bb#content\u00bb use_icon=\u00bbon\u00bb font_icon=\u00bb&#x69;||divi||400&#8243; icon_placement=\u00bbleft\u00bb _builder_version=\u00bb4.27.4&#8243; _module_preset=\u00bbdefault\u00bb global_colors_info=\u00bb{}\u00bb]<\/p>\n<ul>\n<li data-start=\"1817\" data-end=\"1837\">\n<p data-start=\"1819\" data-end=\"1837\">Liderazgo intelectual<\/p>\n<\/li>\n<li data-start=\"1841\" data-end=\"1878\">\n<p data-start=\"1843\" data-end=\"1878\">Demostraciones de rotura\/reparaci\u00f3n (sesiones grabadas)<\/p>\n<\/li>\n<li data-start=\"1882\" data-end=\"1918\">\n<p data-start=\"1884\" data-end=\"1918\">Infograf\u00edas y soluciones explicativas<\/p>\n<\/li>\n<\/ul>\n<p>[\/et_pb_blurb][\/et_pb_column][\/et_pb_row][et_pb_row column_structure=\u00bb2_3,1_3&#8243; _builder_version=\u00bb4.27.4&#8243; _module_preset=\u00bbdefault\u00bb global_colors_info=\u00bb{}\u00bb][et_pb_column type=\u00bb2_3&#8243; _builder_version=\u00bb4.27.4&#8243; _module_preset=\u00bbdefault\u00bb global_colors_info=\u00bb{}\u00bb][et_pb_divider _builder_version=\u00bb4.27.4&#8243; _module_preset=\u00bbdefault\u00bb global_colors_info=\u00bb{}\u00bb][\/et_pb_divider][\/et_pb_column][et_pb_column type=\u00bb1_3&#8243; _builder_version=\u00bb4.27.4&#8243; _module_preset=\u00bbdefault\u00bb global_colors_info=\u00bb{}\u00bb][\/et_pb_column][\/et_pb_row][et_pb_row column_structure=\u00bb2_3,1_3&#8243; _builder_version=\u00bb4.27.4&#8243; _module_preset=\u00bbdefault\u00bb global_colors_info=\u00bb{}\u00bb][et_pb_column type=\u00bb2_3&#8243; _builder_version=\u00bb4.27.4&#8243; _module_preset=\u00bbdefault\u00bb global_colors_info=\u00bb{}\u00bb][et_pb_text module_id=\u00bbstrategy\u00bb _builder_version=\u00bb4.27.4&#8243; _module_preset=\u00bbdefault\u00bb header_4_font=\u00bb|600|||||||\u00bb global_colors_info=\u00bb{}\u00bb]<\/p>\n<h1>Marketing estrat\u00e9gico para proveedores de TI<\/h1>\n<p>En OpusAris, ofrecemos marketing empresarial a la medida de los proveedores de TI. Tanto si lanzas una soluci\u00f3n como si te expandes a nuevos mercados, nos integramos en tu negocio como una extensi\u00f3n de tu propio equipo de marketing. <\/p>\n<p>Empezamos por comprender tus productos, tu posicionamiento y los esfuerzos de marketing existentes, a menudo trabajando directamente con proveedores como IBM para alinear nuestro enfoque con sus mensajes y su direcci\u00f3n estrat\u00e9gica. Esto garantiza coherencia, relevancia y credibilidad desde el primer d\u00eda. <\/p>\n<h2>Nuestros servicios incluyen:<\/h2>\n<h4 style=\"padding-left: 40px\">Estrategia de marketing<\/h4>\n<p style=\"padding-left: 40px\">Dise\u00f1amos estrategias de marketing claras y viables que respaldan tus objetivos empresariales, captan al p\u00fablico adecuado y generan resultados reales. Tanto si vendes infraestructura, software o servicios, dise\u00f1amos campa\u00f1as que mueven la aguja. <\/p>\n<h4 style=\"padding-left: 40px\">Arquitectura de mensajer\u00eda<\/h4>\n<p style=\"padding-left: 40px\">Creamos mensajes estructurados y coherentes que se dirigen a tus personas objetivo. Nuestros marcos de mensajer\u00eda simplifican las soluciones complejas y unifican la comunicaci\u00f3n entre ventas y marketing. <\/p>\n<h4 style=\"padding-left: 40px\">Planificaci\u00f3n de campa\u00f1as<\/h4>\n<p style=\"padding-left: 40px\">Desde seminarios web y correos electr\u00f3nicos hasta campa\u00f1as multicanal completas, nos encargamos de todo. Planificamos cada detalle, nos alineamos con las partes interesadas y damos vida a tu mensaje con una ejecuci\u00f3n inteligente y cuantificable. <\/p>\n<h4 style=\"padding-left: 40px\">Alineaci\u00f3n GTM entre proveedores<\/h4>\n<p style=\"padding-left: 40px\">Cuando tus soluciones implican a socios o dependen de ecosistemas m\u00e1s amplios, nos aseguramos de que tu plan de salida al mercado (GTM) se alinee con todos los proveedores. Colaboramos con los equipos de ventas y t\u00e9cnicos para crear campa\u00f1as conjuntas que impulsen el \u00e9xito compartido. <\/p>\n<p>No nos limitamos a dise\u00f1ar planes: los ejecutamos y gestionamos de principio a fin, y nos mantenemos comprometidos para mejorar continuamente el rendimiento. Tanto si necesitas orientaci\u00f3n estrat\u00e9gica, ejecuci\u00f3n de contenidos o gesti\u00f3n integral de proyectos, OpusAris te ofrece un marketing que funciona a tu medida. <\/p>\n<p>[\/et_pb_text][\/et_pb_column][et_pb_column type=\u00bb1_3&#8243; _builder_version=\u00bb4.27.4&#8243; _module_preset=\u00bbdefault\u00bb global_colors_info=\u00bb{}\u00bb][et_pb_image src=\u00bbhttps:\/\/opusaris.com\/wp-content\/uploads\/2025\/07\/OpusStrategy.jpg\u00bb title_text=\u00bbPiezas de ajedrez sobre tablero en azul\u00bb _builder_version=\u00bb4.27.4&#8243; _module_preset=\u00bbdefault\u00bb global_colors_info=\u00bb{}\u00bb][\/et_pb_image][\/et_pb_column][\/et_pb_row][et_pb_row column_structure=\u00bb2_5,3_5&#8243; _builder_version=\u00bb4.27.4&#8243; _module_preset=\u00bbdefault\u00bb global_colors_info=\u00bb{}\u00bb][et_pb_column type=\u00bb2_5&#8243; _builder_version=\u00bb4.27.4&#8243; _module_preset=\u00bbdefault\u00bb global_colors_info=\u00bb{}\u00bb][et_pb_divider _builder_version=\u00bb4.27.4&#8243; _module_preset=\u00bbdefault\u00bb global_colors_info=\u00bb{}\u00bb][\/et_pb_divider][\/et_pb_column][et_pb_column type=\u00bb3_5&#8243; _builder_version=\u00bb4.27.4&#8243; _module_preset=\u00bbdefault\u00bb global_colors_info=\u00bb{}\u00bb][\/et_pb_column][\/et_pb_row][et_pb_row column_structure=\u00bb1_3,2_3&#8243; _builder_version=\u00bb4.27.4&#8243; _module_preset=\u00bbdefault\u00bb global_colors_info=\u00bb{}\u00bb][et_pb_column type=\u00bb1_3&#8243; _builder_version=\u00bb4.27.4&#8243; _module_preset=\u00bbdefault\u00bb global_colors_info=\u00bb{}\u00bb][et_pb_image src=\u00bbhttps:\/\/opusaris.com\/wp-content\/uploads\/2025\/07\/OpusContent.jpg\u00bb title_text=\u00bbJoven corredora o entrenadora se\u00f1alando uno de los papeles con diagramas de flujo\u00bb _builder_version=\u00bb4.27.4&#8243; _module_preset=\u00bbdefault\u00bb global_colors_info=\u00bb{}\u00bb][\/et_pb_image][\/et_pb_column][et_pb_column type=\u00bb2_3&#8243; _builder_version=\u00bb4.27.4&#8243; _module_preset=\u00bbdefault\u00bb global_colors_info=\u00bb{}\u00bb][et_pb_text module_id=\u00bbcampaign\u00bb _builder_version=\u00bb4.27.4&#8243; _module_preset=\u00bbdefault\u00bb header_4_font=\u00bb|600|||||||\u00bb global_colors_info=\u00bb{}\u00bb]<\/p>\n<h1>Campa\u00f1as atractivas que generan resultados<\/h1>\n<p data-start=\"188\" data-end=\"446\">Creamos y gestionamos campa\u00f1as que se abren paso a trav\u00e9s del ruido, dise\u00f1adas espec\u00edficamente para socios de TI y audiencias centradas en la tecnolog\u00eda. Tanto si quieres aumentar la concienciaci\u00f3n como acelerar las ventas, adaptamos cada actividad a tus objetivos, p\u00fablico y entorno de proveedores. <\/p>\n<p data-start=\"448\" data-end=\"593\">Nuestro enfoque es pr\u00e1ctico: trabajamos con tu equipo y tus socios proveedores para garantizar un mensaje coherente, un calendario alineado y una ejecuci\u00f3n sin fisuras.<\/p>\n<p data-start=\"595\" data-end=\"858\" style=\"padding-left: 40px\"><strong data-start=\"595\" data-end=\"624\">Seminarios web y eventos digitales<\/strong><br data-start=\"624\" data-end=\"627\">Planificamos, promocionamos y organizamos seminarios web de principio a fin, desde la coordinaci\u00f3n de los ponentes y la configuraci\u00f3n de la plataforma hasta la promoci\u00f3n creativa y el seguimiento posterior al evento. Nuestros seminarios web centrados en la tecnolog\u00eda est\u00e1n dise\u00f1ados para educar, implicar y generar oportunidades. <\/p>\n<p data-start=\"860\" data-end=\"1124\" style=\"padding-left: 40px\"><strong data-start=\"860\" data-end=\"891\">V\u00eddeo y narraci\u00f3n visual<\/strong><br data-start=\"891\" data-end=\"894\">Desde explicadores de productos hasta animaciones de casos pr\u00e1cticos y demostraciones, convertimos ideas complejas en contenidos visuales convincentes. Trabajamos con las partes interesadas t\u00e9cnicas para garantizar la precisi\u00f3n y, al mismo tiempo, mantener un contenido atractivo y f\u00e1cil de digerir. <\/p>\n<p data-start=\"1126\" data-end=\"1395\" style=\"padding-left: 40px\"><strong data-start=\"1126\" data-end=\"1156\">Redes sociales y boletines<\/strong><br data-start=\"1156\" data-end=\"1159\">Te ayudamos a mantenerte conectado con tu audiencia mediante actualizaciones peri\u00f3dicas, liderazgo de pensamiento curado y contenido de campa\u00f1a adaptado a LinkedIn, correo electr\u00f3nico u otros canales. Escribimos, dise\u00f1amos y gestionamos todo, desde la planificaci\u00f3n hasta la publicaci\u00f3n. <\/p>\n<p data-start=\"1397\" data-end=\"1641\">Gestionamos por completo cada campa\u00f1a, desde el concepto inicial hasta los informes de seguimiento, para garantizar que nada se escape y que se optimice cada detalle. Actuamos como tu equipo de marketing integrado, alineando la estrategia con la ejecuci\u00f3n para ofrecer un impacto claro y coherente. <\/p>\n<p>[\/et_pb_text][\/et_pb_column][\/et_pb_row][et_pb_row column_structure=\u00bb2_5,3_5&#8243; _builder_version=\u00bb4.27.4&#8243; _module_preset=\u00bbdefault\u00bb global_colors_info=\u00bb{}\u00bb][et_pb_column type=\u00bb2_5&#8243; _builder_version=\u00bb4.27.4&#8243; _module_preset=\u00bbdefault\u00bb global_colors_info=\u00bb{}\u00bb][et_pb_divider _builder_version=\u00bb4.27.4&#8243; _module_preset=\u00bbdefault\u00bb global_colors_info=\u00bb{}\u00bb][\/et_pb_divider][\/et_pb_column][et_pb_column type=\u00bb3_5&#8243; _builder_version=\u00bb4.27.4&#8243; _module_preset=\u00bbdefault\u00bb global_colors_info=\u00bb{}\u00bb][\/et_pb_column][\/et_pb_row][et_pb_row column_structure=\u00bb2_3,1_3&#8243; _builder_version=\u00bb4.27.4&#8243; _module_preset=\u00bbdefault\u00bb global_colors_info=\u00bb{}\u00bb][et_pb_column type=\u00bb2_3&#8243; _builder_version=\u00bb4.27.4&#8243; _module_preset=\u00bbdefault\u00bb global_colors_info=\u00bb{}\u00bb][et_pb_text module_id=\u00bbenablement\u00bb _builder_version=\u00bb4.27.4&#8243; _module_preset=\u00bbdefault\u00bb header_4_font=\u00bb|600|||||||\u00bb global_colors_info=\u00bb{}\u00bb]<\/p>\n<h1>Equipar a los equipos t\u00e9cnicos y de ventas para impulsar los resultados<\/h1>\n<p data-start=\"212\" data-end=\"515\">En OpusAris, apoyamos el recorrido completo del cliente -desde la concienciaci\u00f3n de marketing hasta la conversi\u00f3n en ventas- proporcionando a tus equipos las herramientas, los conocimientos y la confianza para tener \u00e9xito. Nuestros servicios de capacitaci\u00f3n se adaptan a los socios de TI y sus proveedores, ayudando a los profesionales t\u00e9cnicos y de ventas a participar de forma eficaz. <\/p>\n<p data-start=\"517\" data-end=\"678\">Trabajamos en estrecha colaboraci\u00f3n con expertos en la materia para convertir ofertas complejas en material claro y utilizable que se ajuste a tu mensaje y estrategia de salida al mercado.<\/p>\n<p data-start=\"680\" data-end=\"977\" style=\"padding-left: 40px\"><strong data-start=\"680\" data-end=\"712\">Fichas de producto y presentaciones de ventas<\/strong><br data-start=\"712\" data-end=\"715\">Creamos recursos limpios y persuasivos que facilitan la presentaci\u00f3n del valor t\u00e9cnico en formatos orientados al cliente. Ya sea para infraestructura empresarial, software o soluciones h\u00edbridas, adaptamos el contenido para su uso real en conversaciones de ventas y reuniones con socios. <\/p>\n<p data-start=\"979\" data-end=\"1218\" style=\"padding-left: 40px\"><strong data-start=\"979\" data-end=\"1010\">Libros de jugadas y secuencias de correo electr\u00f3nico<\/strong><br data-start=\"1010\" data-end=\"1013\">Nuestros libros de jugadas proporcionan mensajes estructurados, personajes, informaci\u00f3n sobre la competencia, guiones de llamadas y plantillas de correo electr\u00f3nico que ayudan a los vendedores a hacer avanzar los acuerdos, especialmente en escenarios con m\u00faltiples partes interesadas o varios proveedores.<\/p>\n<p data-start=\"1220\" data-end=\"1512\" style=\"padding-left: 40px\"><strong data-start=\"1220\" data-end=\"1250\">Formaci\u00f3n comercial y t\u00e9cnica<\/strong><br data-start=\"1250\" data-end=\"1253\">Impartimos sesiones de formaci\u00f3n, talleres y m\u00f3dulos a la carta para equipos comerciales y t\u00e9cnicos. Desde el posicionamiento de ventas y la gesti\u00f3n de objeciones hasta los recorridos t\u00e9cnicos de conceptos y principios, construimos el conocimiento necesario para ganar confianza y cerrar tratos. <\/p>\n<p data-start=\"1514\" data-end=\"1715\">Como tu socio de marketing integrado, nos aseguramos de que los materiales de capacitaci\u00f3n y la formaci\u00f3n est\u00e9n en consonancia con tu GTM, el flujo de la campa\u00f1a y la hoja de ruta del producto, facilitando que todos mantengan el mensaje y el rumbo.<\/p>\n<p>[\/et_pb_text][\/et_pb_column][et_pb_column type=\u00bb1_3&#8243; _builder_version=\u00bb4.27.4&#8243; _module_preset=\u00bbdefault\u00bb global_colors_info=\u00bb{}\u00bb][et_pb_image src=\u00bbhttps:\/\/opusaris.com\/wp-content\/uploads\/2025\/07\/OpusTraining.jpg\u00bb title_text=\u00bbJoven ejecutivo masculino haciendo una presentaci\u00f3n a sus colegas\u00bb _builder_version=\u00bb4.27.4&#8243; _module_preset=\u00bbdefault\u00bb global_colors_info=\u00bb{}\u00bb][\/et_pb_image][\/et_pb_column][\/et_pb_row][et_pb_row column_structure=\u00bb2_5,3_5&#8243; _builder_version=\u00bb4.27.4&#8243; _module_preset=\u00bbdefault\u00bb global_colors_info=\u00bb{}\u00bb][et_pb_column type=\u00bb2_5&#8243; _builder_version=\u00bb4.27.4&#8243; _module_preset=\u00bbdefault\u00bb global_colors_info=\u00bb{}\u00bb][et_pb_divider _builder_version=\u00bb4.27.4&#8243; _module_preset=\u00bbdefault\u00bb global_colors_info=\u00bb{}\u00bb][\/et_pb_divider][\/et_pb_column][et_pb_column type=\u00bb3_5&#8243; _builder_version=\u00bb4.27.4&#8243; _module_preset=\u00bbdefault\u00bb global_colors_info=\u00bb{}\u00bb][\/et_pb_column][\/et_pb_row][et_pb_row column_structure=\u00bb1_3,2_3&#8243; _builder_version=\u00bb4.27.4&#8243; _module_preset=\u00bbdefault\u00bb global_colors_info=\u00bb{}\u00bb][et_pb_column type=\u00bb1_3&#8243; _builder_version=\u00bb4.27.4&#8243; _module_preset=\u00bbdefault\u00bb global_colors_info=\u00bb{}\u00bb][et_pb_image src=\u00bbhttps:\/\/opusaris.com\/wp-content\/uploads\/2025\/07\/OpusCreation.jpg\u00bb title_text=\u00bbc\u00e1mara\u00bb _builder_version=\u00bb4.27.4&#8243; _module_preset=\u00bbdefault\u00bb global_colors_info=\u00bb{}\u00bb][\/et_pb_image][\/et_pb_column][et_pb_column type=\u00bb2_3&#8243; _builder_version=\u00bb4.27.4&#8243; _module_preset=\u00bbdefault\u00bb global_colors_info=\u00bb{}\u00bb][et_pb_text module_id=\u00bbcontent\u00bb _builder_version=\u00bb4.27.4&#8243; _module_preset=\u00bbdefault\u00bb header_4_font=\u00bb|600|||||||\u00bb global_colors_info=\u00bb{}\u00bb]<\/p>\n<h1>Contenidos que informan, atraen y convierten<\/h1>\n<p data-start=\"187\" data-end=\"425\">Creamos contenidos que se dirigen a los responsables de la toma de decisiones de TI, salvando las distancias entre la profundidad t\u00e9cnica y la relevancia empresarial. Tanto si est\u00e1s creando conciencia como facilitando las ventas, nuestro contenido est\u00e1 dise\u00f1ado para educar, diferenciar e impulsar la acci\u00f3n. <\/p>\n<p data-start=\"427\" data-end=\"589\">Trabajando en estrecha colaboraci\u00f3n con tus equipos de producto y marketing, nos aseguramos de que cada pieza est\u00e9 en consonancia con tu marco de mensajer\u00eda, los requisitos de los proveedores y la estrategia de salida al mercado.<\/p>\n<p data-start=\"591\" data-end=\"850\" style=\"padding-left: 40px\"><strong data-start=\"591\" data-end=\"613\">Liderazgo del pensamiento<\/strong><br data-start=\"613\" data-end=\"616\">Elaboramos art\u00edculos perspicaces, gu\u00edas y art\u00edculos de opini\u00f3n que posicionan tu marca como experta en su campo. Nuestro contenido te ayuda a liderar conversaciones sobre tendencias de TI empresarial, estrategias de transformaci\u00f3n e innovaci\u00f3n entre proveedores. <\/p>\n<p data-start=\"852\" data-end=\"1154\" style=\"padding-left: 40px\"><strong data-start=\"852\" data-end=\"891\">Demostraciones Break\/Fix (Sesiones grabadas)<\/strong><br data-start=\"891\" data-end=\"894\">Guionizamos, grabamos y editamos demostraciones pr\u00e1cticas que muestran la resoluci\u00f3n de problemas del mundo real, como arreglar un problema de SAN, restaurar copias de seguridad o resolver la corrupci\u00f3n de una base de datos. Estos v\u00eddeos crean credibilidad y hacen que las capacidades t\u00e9cnicas complejas sean accesibles y tangibles. <\/p>\n<p data-start=\"1156\" data-end=\"1437\" style=\"padding-left: 40px\"><strong data-start=\"1156\" data-end=\"1194\">Infograf\u00edas y explicaciones de soluciones<\/strong><br data-start=\"1194\" data-end=\"1197\">Visualizamos tus soluciones mediante gr\u00e1ficos y explicaciones claros y atractivos que simplifican la complejidad, ideales para ventas, redes sociales y p\u00e1ginas de aterrizaje de campa\u00f1as. Ya se trate de arquitectura, ventajas o casos de uso, le damos vida visualmente. <\/p>\n<p data-start=\"1439\" data-end=\"1678\">OpusAris planifica, crea y gestiona todo el contenido, desde el concepto hasta la entrega, para que t\u00fa puedas centrarte en la ejecuci\u00f3n. Como tu equipo de marketing integrado, nos aseguramos de que tu contenido no s\u00f3lo respalde las campa\u00f1as, sino que a\u00f1ada valor a largo plazo en todos los canales. <\/p>\n<p>[\/et_pb_text][\/et_pb_column][\/et_pb_row][\/et_pb_section]<\/p>\n","protected":false},"excerpt":{"rendered":"<p>Nuestros servicios Somos una agencia de marketing de servicio completo que ayuda a los proveedores de TI a llevar a cabo un marketing de nivel empresarial. Actuando como un departamento de marketing integrado, gestionamos la estrategia, las campa\u00f1as, los contenidos y la creatividad mientras estamos plenamente integrados con tu equipo. Piensa en nosotros como tu [&hellip;]<\/p>\n","protected":false},"author":1,"featured_media":0,"parent":0,"menu_order":0,"comment_status":"closed","ping_status":"closed","template":"","meta":{"_et_pb_use_builder":"on","_et_pb_old_content":"","_et_gb_content_width":"","footnotes":""},"class_list":["post-898","page","type-page","status-publish","hentry"],"_links":{"self":[{"href":"https:\/\/opusaris.com\/es\/wp-json\/wp\/v2\/pages\/898","targetHints":{"allow":["GET"]}}],"collection":[{"href":"https:\/\/opusaris.com\/es\/wp-json\/wp\/v2\/pages"}],"about":[{"href":"https:\/\/opusaris.com\/es\/wp-json\/wp\/v2\/types\/page"}],"author":[{"embeddable":true,"href":"https:\/\/opusaris.com\/es\/wp-json\/wp\/v2\/users\/1"}],"replies":[{"embeddable":true,"href":"https:\/\/opusaris.com\/es\/wp-json\/wp\/v2\/comments?post=898"}],"version-history":[{"count":27,"href":"https:\/\/opusaris.com\/es\/wp-json\/wp\/v2\/pages\/898\/revisions"}],"predecessor-version":[{"id":2812,"href":"https:\/\/opusaris.com\/es\/wp-json\/wp\/v2\/pages\/898\/revisions\/2812"}],"wp:attachment":[{"href":"https:\/\/opusaris.com\/es\/wp-json\/wp\/v2\/media?parent=898"}],"curies":[{"name":"wp","href":"https:\/\/api.w.org\/{rel}","templated":true}]}}