{"id":895,"date":"2025-07-25T11:03:04","date_gmt":"2025-07-25T11:03:04","guid":{"rendered":"https:\/\/opusaris.com\/obmondo\/"},"modified":"2026-01-26T22:42:09","modified_gmt":"2026-01-26T22:42:09","slug":"obmondo","status":"publish","type":"page","link":"https:\/\/opusaris.com\/es\/obmondo\/","title":{"rendered":"Obmondo"},"content":{"rendered":"<p>[et_pb_section fb_built=\u00bb1&#8243; _builder_version=\u00bb4.27.4&#8243; _module_preset=\u00bbdefault\u00bb use_background_color_gradient=\u00bbon\u00bb background_color_gradient_direction=\u00bb58deg\u00bb background_color_gradient_stops=\u00bbgcid-58417ebb-1391-40ba-ae2f-2c799fdb5efa 33%|rgba(255,255,255,0) 66%\u00bb background_image=\u00bbhttps:\/\/opusaris.com\/wp-content\/uploads\/2025\/07\/Nyhavn.webp\u00bb background_blend=\u00bboverlay\u00bb hover_enabled=\u00bb0&#8243; global_colors_info=\u00bb{%22gcid-58417ebb-1391-40ba-ae2f-2c799fdb5efa%22:%91%22background_color_gradient_stops%22%93}\u00bb theme_builder_area=\u00bbpost_content\u00bb title_text=\u00bbNyhavn\u00bb sticky_enabled=\u00bb0&#8243;][et_pb_row column_structure=\u00bb2_5,3_5&#8243; _builder_version=\u00bb4.27.4&#8243; _module_preset=\u00bbdefault\u00bb global_colors_info=\u00bb{}\u00bb theme_builder_area=\u00bbpost_content\u00bb][et_pb_column type=\u00bb2_5&#8243; _builder_version=\u00bb4.27.4&#8243; _module_preset=\u00bbdefault\u00bb global_colors_info=\u00bb{}\u00bb theme_builder_area=\u00bbpost_content\u00bb][et_pb_heading title=\u00bbObmondo Dinamarca\u00bb _builder_version=\u00bb4.27.4&#8243; _module_preset=\u00bbdefault\u00bb hover_enabled=\u00bb0&#8243; global_colors_info=\u00bb{}\u00bb theme_builder_area=\u00bbpost_content\u00bb sticky_enabled=\u00bb0&#8243;][\/et_pb_heading][et_pb_text _builder_version=\u00bb4.27.4&#8243; _module_preset=\u00bbdefault\u00bb hover_enabled=\u00bb0&#8243; global_colors_info=\u00bb{}\u00bb theme_builder_area=\u00bbpost_content\u00bb sticky_enabled=\u00bb0&#8243;]<\/p>\n<p>Obmondo, una empresa de DevOps con sede en Dinamarca, se ha forjado una s\u00f3lida reputaci\u00f3n por ofrecer soluciones tecnol\u00f3gicas de vanguardia. Su notable crecimiento org\u00e1nico se ha visto impulsado por su experiencia t\u00e9cnica y su profundo enfoque en la innovaci\u00f3n y el desarrollo de c\u00f3digo abierto. Sin embargo, la empresa se enfrentaba a un reto importante: pasar de un crecimiento puramente org\u00e1nico a escalar un motor de ventas de alto rendimiento.  <\/p>\n<p>[\/et_pb_text][\/et_pb_column][et_pb_column type=\u00bb3_5&#8243; _builder_version=\u00bb4.27.4&#8243; _module_preset=\u00bbdefault\u00bb global_colors_info=\u00bb{}\u00bb theme_builder_area=\u00bbpost_content\u00bb][\/et_pb_column][\/et_pb_row][\/et_pb_section][et_pb_section fb_built=\u00bb1&#8243; _builder_version=\u00bb4.27.4&#8243; _module_preset=\u00bbdefault\u00bb global_colors_info=\u00bb{}\u00bb theme_builder_area=\u00bbpost_content\u00bb][et_pb_row column_structure=\u00bb1_2,1_2&#8243; _builder_version=\u00bb4.27.4&#8243; _module_preset=\u00bbdefault\u00bb global_colors_info=\u00bb{}\u00bb theme_builder_area=\u00bbpost_content\u00bb][et_pb_column type=\u00bb1_2&#8243; _builder_version=\u00bb4.27.4&#8243; _module_preset=\u00bbdefault\u00bb global_colors_info=\u00bb{}\u00bb theme_builder_area=\u00bbpost_content\u00bb][et_pb_text _builder_version=\u00bb4.27.4&#8243; _module_preset=\u00bbdefault\u00bb hover_enabled=\u00bb0&#8243; global_colors_info=\u00bb{}\u00bb theme_builder_area=\u00bbpost_content\u00bb sticky_enabled=\u00bb0&#8243;]<\/p>\n<h4>INTRO<\/h4>\n<h3>La colaboraci\u00f3n de Obmondo con OpusAris marca un momento crucial en la trayectoria de crecimiento de la empresa<\/h3>\n<p>[\/et_pb_text][et_pb_divider _builder_version=\u00bb4.27.4&#8243; _module_preset=\u00bbdefault\u00bb width=\u00bb20%\u00bb global_colors_info=\u00bb{}\u00bb theme_builder_area=\u00bbpost_content\u00bb][\/et_pb_divider][et_pb_text _builder_version=\u00bb4.27.4&#8243; _module_preset=\u00bbdefault\u00bb hover_enabled=\u00bb0&#8243; global_colors_info=\u00bb{}\u00bb theme_builder_area=\u00bbpost_content\u00bb sticky_enabled=\u00bb0&#8243;]<\/p>\n<p>Como organizaci\u00f3n centrada en la tecnolog\u00eda, Obmondo ten\u00eda dificultades para atraer y motivar a una fuerza de ventas orientada a los resultados. Su estructura de ventas carec\u00eda de los incentivos y la claridad necesarios para fomentar una cultura de ventas competitiva y de alto rendimiento. Este reto limitaba su capacidad para ofrecer constantemente nuevas oportunidades de negocio y mantener su impulso de crecimiento.  <\/p>\n<h3>El desaf\u00edo<\/h3>\n<ul>\n<li style=\"list-style-type: none\">\n<ul>\n<li>Desarrollar un modelo de ventas que se alinee con los ambiciosos objetivos de crecimiento de Obmondo.<\/li>\n<li>Crear una estructura que atraiga y motive a los perfiles de venta \u00abcazadores\u00bb.<\/li>\n<li>Equilibrar la sostenibilidad financiera del plan de incentivos con la necesidad de ofrecer un potencial de ingresos competitivo a los mejores.<\/li>\n<\/ul>\n<\/li>\n<\/ul>\n<h3>La soluci\u00f3n<\/h3>\n<p>Obmondo se asoci\u00f3 con OpusAris para dise\u00f1ar un modelo de incentivos de ventas competitivo y escalable. OpusAris realiz\u00f3 una evaluaci\u00f3n exhaustiva del mercado, los objetivos de crecimiento y la din\u00e1mica de ventas de Obmondo para elaborar una estrategia personalizada adaptada a las necesidades de la empresa. La soluci\u00f3n se centraba en dos aspectos:  <\/p>\n<ol>\n<li style=\"list-style-type: none\">\n<ol>\n<li>Atractivo potencial de ganancias: El modelo garantiza que los profesionales de ventas de mayor rendimiento puedan ganar un salario excelente, lo que convierte a Obmondo en un destino para talentos de alto calibre.<\/li>\n<li>Incentivos basados en el rendimiento: Al alinear la compensaci\u00f3n con claros hitos de ventas y objetivos empresariales, el modelo motiva a los representantes de ventas para que ofrezcan resultados constantes.<\/li>\n<\/ol>\n<\/li>\n<\/ol>\n<h3>Resultados clave<\/h3>\n<ul>\n<li style=\"list-style-type: none\">\n<ul>\n<li>Atracci\u00f3n de los mejores talentos: La competitiva estructura de incentivos atrajo a profesionales de ventas experimentados con un historial probado de \u00e9xito en funciones centradas en el crecimiento.<\/li>\n<li>Mayor rendimiento en las ventas: El plan de incentivos orientado a la caza crea una cultura de ventas impulsada por la responsabilidad y la ambici\u00f3n.<\/li>\n<li>Crecimiento empresarial sostenible: Con un motor de ventas funcional, Obmondo empieza a ver una afluencia constante de nuevas oportunidades de negocio, complementando su estrategia de crecimiento org\u00e1nico existente.<\/li>\n<\/ul>\n<\/li>\n<\/ul>\n<h3>Conclusi\u00f3n<\/h3>\n<p>La colaboraci\u00f3n de Obmondo con OpusAris marca un momento crucial en la trayectoria de crecimiento de la empresa. El modelo de ventas a medida les ha dado la ventaja competitiva necesaria para prosperar en un mercado cada vez m\u00e1s exigente. Este caso subraya el valor de combinar la innovaci\u00f3n t\u00e9cnica con la capacitaci\u00f3n estrat\u00e9gica en ventas para lograr un \u00e9xito empresarial sostenido. <\/p>\n<p>[\/et_pb_text][\/et_pb_column][et_pb_column type=\u00bb1_2&#8243; _builder_version=\u00bb4.27.4&#8243; _module_preset=\u00bbdefault\u00bb global_colors_info=\u00bb{}\u00bb theme_builder_area=\u00bbpost_content\u00bb][et_pb_image src=\u00bbhttps:\/\/opusaris.com\/wp-content\/uploads\/2025\/03\/logo-without-tagline-300&#215;65.png\u00bb title_text=\u00bblogo-sin-etiqueta\u00bb _builder_version=\u00bb4.27.4&#8243; _module_preset=\u00bbdefault\u00bb hover_enabled=\u00bb0&#8243; global_colors_info=\u00bb{}\u00bb theme_builder_area=\u00bbpost_content\u00bb sticky_enabled=\u00bb0&#8243;][\/et_pb_image][et_pb_testimonial author=\u00bbKlavs Klavsen\u00bb job_title=\u00bbCEO\u00bb company_name=\u00bbObmondo Dinamarca\u00bb url=\u00bbhttps:\/\/load.se\/\u00bb portrait_url=\u00bbhttps:\/\/opusaris.com\/wp-content\/uploads\/2025\/03\/KlavsKlavsenSQ.png\u00bb _builder_version=\u00bb4.27.4&#8243; _module_preset=\u00bbdefault\u00bb hover_enabled=\u00bb0&#8243; global_colors_info=\u00bb{}\u00bb theme_builder_area=\u00bbpost_content\u00bb title_text=\u00bbKlavsKlavsenSQ\u00bb sticky_enabled=\u00bb0&#8243;]<\/p>\n<p><span>Sab\u00edamos que crear un s\u00f3lido motor de ventas era fundamental para nuestra siguiente fase de crecimiento, pero carec\u00edamos de la experiencia necesaria para hacerlo realidad. OpusAris nos ayud\u00f3 a crear un modelo que no s\u00f3lo atra\u00eda el talento adecuado, sino que tambi\u00e9n capacitaba a nuestro equipo para rendir. Los resultados han sido transformadores.  <\/span><\/p>\n<p>[\/et_pb_testimonial][\/et_pb_column][\/et_pb_row][\/et_pb_section]<\/p>\n","protected":false},"excerpt":{"rendered":"<p>Obmondo, una empresa de DevOps con sede en Dinamarca, se ha forjado una s\u00f3lida reputaci\u00f3n por ofrecer soluciones tecnol\u00f3gicas de vanguardia. Su notable crecimiento org\u00e1nico se ha visto impulsado por su experiencia t\u00e9cnica y su profundo enfoque en la innovaci\u00f3n y el desarrollo de c\u00f3digo abierto. Sin embargo, la empresa se enfrentaba a un reto [&hellip;]<\/p>\n","protected":false},"author":1,"featured_media":0,"parent":0,"menu_order":0,"comment_status":"closed","ping_status":"closed","template":"","meta":{"_et_pb_use_builder":"on","_et_pb_old_content":"","_et_gb_content_width":"","footnotes":""},"class_list":["post-895","page","type-page","status-publish","hentry"],"_links":{"self":[{"href":"https:\/\/opusaris.com\/es\/wp-json\/wp\/v2\/pages\/895","targetHints":{"allow":["GET"]}}],"collection":[{"href":"https:\/\/opusaris.com\/es\/wp-json\/wp\/v2\/pages"}],"about":[{"href":"https:\/\/opusaris.com\/es\/wp-json\/wp\/v2\/types\/page"}],"author":[{"embeddable":true,"href":"https:\/\/opusaris.com\/es\/wp-json\/wp\/v2\/users\/1"}],"replies":[{"embeddable":true,"href":"https:\/\/opusaris.com\/es\/wp-json\/wp\/v2\/comments?post=895"}],"version-history":[{"count":14,"href":"https:\/\/opusaris.com\/es\/wp-json\/wp\/v2\/pages\/895\/revisions"}],"predecessor-version":[{"id":2565,"href":"https:\/\/opusaris.com\/es\/wp-json\/wp\/v2\/pages\/895\/revisions\/2565"}],"wp:attachment":[{"href":"https:\/\/opusaris.com\/es\/wp-json\/wp\/v2\/media?parent=895"}],"curies":[{"name":"wp","href":"https:\/\/api.w.org\/{rel}","templated":true}]}}