{"id":890,"date":"2025-07-25T10:13:20","date_gmt":"2025-07-25T10:13:20","guid":{"rendered":"https:\/\/opusaris.com\/sistema-de-carga-ab\/"},"modified":"2026-02-12T10:42:08","modified_gmt":"2026-02-12T10:42:08","slug":"sistema-de-carga-ab","status":"publish","type":"page","link":"https:\/\/opusaris.com\/es\/sistema-de-carga-ab\/","title":{"rendered":"Sistema de carga AB"},"content":{"rendered":"<p>[et_pb_section fb_built=\u00bb1&#8243; _builder_version=\u00bb4.27.4&#8243; _module_preset=\u00bbdefault\u00bb use_background_color_gradient=\u00bbon\u00bb background_color_gradient_direction=\u00bb58deg\u00bb background_color_gradient_stops=\u00bbgcid-58417ebb-1391-40ba-ae2f-2c799fdb5efa 33%|rgba(255,255,255,0) 66%\u00bb background_image=\u00bbhttps:\/\/opusaris.com\/wp-content\/uploads\/2025\/07\/StockholmSkyline.webp\u00bb background_blend=\u00bboverlay\u00bb global_colors_info=\u00bb{%22gcid-58417ebb-1391-40ba-ae2f-2c799fdb5efa%22:%91%22background_color_gradient_stops%22%93}\u00bb][et_pb_row column_structure=\u00bb2_5,3_5&#8243; _builder_version=\u00bb4.27.4&#8243; _module_preset=\u00bbdefault\u00bb global_colors_info=\u00bb{}\u00bb][et_pb_column type=\u00bb2_5&#8243; _builder_version=\u00bb4.27.4&#8243; _module_preset=\u00bbdefault\u00bb global_colors_info=\u00bb{}\u00bb][et_pb_heading title=\u00bbSistemas LOAD AB\u00bb _builder_version=\u00bb4.27.4&#8243; _module_preset=\u00bbdefault\u00bb global_colors_info=\u00bb{}\u00bb][\/et_pb_heading][et_pb_text _builder_version=\u00bb4.27.4&#8243; _module_preset=\u00bbdefault\u00bb global_colors_info=\u00bb{}\u00bb]<\/p>\n<p>LOAD ofrece soluciones de infraestructura inform\u00e1tica de gama alta, especializadas en automatizaci\u00f3n, servicios en la nube y operaciones sin tiempo de inactividad. Capacitan a las empresas con estrategias inform\u00e1ticas fiables e innovadoras para el rendimiento de sistemas cr\u00edticos. <\/p>\n<p>[\/et_pb_text][\/et_pb_column][et_pb_column type=\u00bb3_5&#8243; _builder_version=\u00bb4.27.4&#8243; _module_preset=\u00bbdefault\u00bb global_colors_info=\u00bb{}\u00bb][\/et_pb_column][\/et_pb_row][\/et_pb_section][et_pb_section fb_built=\u00bb1&#8243; _builder_version=\u00bb4.27.4&#8243; _module_preset=\u00bbdefault\u00bb global_colors_info=\u00bb{}\u00bb][et_pb_row column_structure=\u00bb1_2,1_2&#8243; _builder_version=\u00bb4.27.4&#8243; _module_preset=\u00bbdefault\u00bb global_colors_info=\u00bb{}\u00bb][et_pb_column type=\u00bb1_2&#8243; _builder_version=\u00bb4.27.4&#8243; _module_preset=\u00bbdefault\u00bb global_colors_info=\u00bb{}\u00bb][et_pb_text _builder_version=\u00bb4.27.4&#8243; _module_preset=\u00bbdefault\u00bb global_colors_info=\u00bb{}\u00bb]<\/p>\n<h4>INTRO<\/h4>\n<h3>LOAD Systems aprovecha la experiencia de OpusAris para el \u00e9xito de LinuxONE<\/h3>\n<p>[\/et_pb_text][et_pb_divider _builder_version=\u00bb4.27.4&#8243; _module_preset=\u00bbdefault\u00bb width=\u00bb20%\u00bb global_colors_info=\u00bb{}\u00bb][\/et_pb_divider][et_pb_text _builder_version=\u00bb4.27.4&#8243; _module_preset=\u00bbdefault\u00bb global_colors_info=\u00bb{}\u00bb]<\/p>\n<div>\n<p><span lang=\"EN-GB\">Trabajar con Opus Aris en nuestra campa\u00f1a IBM LinuxONE ha supuesto un cambio radical. Desde el principio, su experiencia y visi\u00f3n creativa brillaron con luz propia. Nos ayudaron a dise\u00f1ar y ejecutar una campa\u00f1a omnicanal en LinkedIn que capt\u00f3 a la perfecci\u00f3n la madurez y fiabilidad de Linux como plataforma empresarial para ejecutar aplicaciones cr\u00edticas.  <\/span><\/p>\n<p>Uno de los elementos destacados fue una serie de v\u00eddeos generados por IA de su autor\u00eda. Los innovadores efectos visuales dieron vida a la campa\u00f1a, ilustrando las capacidades de IBM LinuxONE de forma atractiva y f\u00e1cil de entender para nuestros clientes. Fue una mezcla perfecta de conocimientos t\u00e9cnicos y narraci\u00f3n creativa.  <\/p>\n<p>&nbsp;<\/p>\n<\/div>\n<div>\n<p>M\u00e1s all\u00e1 del v\u00eddeo, OpusAris tambi\u00e9n elabor\u00f3 mensajes InMail directos y p\u00e1ginas de aterrizaje muy espec\u00edficos que posicionaron a LinuxONE eficazmente en nuestro mercado. Su capacidad para comunicar soluciones complejas de forma clara y convincente marc\u00f3 la diferencia, impulsando el compromiso y el inter\u00e9s de las personas adecuadas. <\/p>\n<p>&nbsp;<\/p>\n<\/div>\n<div>\n<p>Gracias a OpusAris, pudimos mostrar LinuxONE como la plataforma empresarial que realmente es. Su enfoque estrat\u00e9gico, combinado con su profundo conocimiento del panorama inform\u00e1tico, les convirti\u00f3 en un socio inestimable en esta campa\u00f1a. No podr\u00edamos estar m\u00e1s contentos con el resultado y, sin duda, volveremos a trabajar con Opus Aris.  <\/p>\n<p><strong>Torbj\u00f6rn Appehl<\/strong><br \/>CEO LOAD Systems AB<\/p>\n<\/div>\n<p>[\/et_pb_text][et_pb_image src=\u00bbhttps:\/\/opusaris.com\/wp-content\/uploads\/2025\/07\/load-logo-dark.png\u00bb title_text=\u00bbcargar-logo-oscuro\u00bb _builder_version=\u00bb4.27.4&#8243; _module_preset=\u00bbdefault\u00bb global_colors_info=\u00bb{}\u00bb][\/et_pb_image][\/et_pb_column][et_pb_column type=\u00bb1_2&#8243; _builder_version=\u00bb4.27.4&#8243; _module_preset=\u00bbdefault\u00bb global_colors_info=\u00bb{}\u00bb][et_pb_testimonial author=\u00bbTorbj\u00f6rn Appehl\u00bb job_title=\u00bbCEO\u00bb company_name=\u00bbSistemas LOAD AB\u00bb url=\u00bbhttps:\/\/load.se\/\u00bb portrait_url=\u00bbhttps:\/\/opusaris.com\/wp-content\/uploads\/2025\/01\/torbjorn-appehl-1.jpg\u00bb _builder_version=\u00bb4.27.4&#8243; _module_preset=\u00bbdefault\u00bb global_colors_info=\u00bb{}\u00bb]<\/p>\n<p>Torbj\u00f6rn es un experimentado l\u00edder inform\u00e1tico especializado en IBM Power Systems y Almacenamiento. Con experiencia en ventas y desarrollo empresarial, impulsa soluciones inform\u00e1ticas innovadoras. <\/p>\n<p>[\/et_pb_testimonial][et_pb_video src=\u00bbhttps:\/\/opusaris.com\/wp-content\/uploads\/2025\/07\/LoadSomethingBig1.mp4&#8243; _builder_version=\u00bb4.27.4&#8243; _module_preset=\u00bbdefault\u00bb global_colors_info=\u00bb{}\u00bb][\/et_pb_video][\/et_pb_column][\/et_pb_row][\/et_pb_section]<\/p>\n","protected":false},"excerpt":{"rendered":"<p>LOAD ofrece soluciones de infraestructura inform\u00e1tica de gama alta, especializadas en automatizaci\u00f3n, servicios en la nube y operaciones sin tiempo de inactividad. Capacitan a las empresas con estrategias inform\u00e1ticas fiables e innovadoras para el rendimiento de sistemas cr\u00edticos. INTRO LOAD Systems aprovecha la experiencia de OpusAris para el \u00e9xito de LinuxONE Trabajar con Opus Aris [&hellip;]<\/p>\n","protected":false},"author":1,"featured_media":0,"parent":0,"menu_order":0,"comment_status":"closed","ping_status":"closed","template":"","meta":{"_et_pb_use_builder":"on","_et_pb_old_content":"","_et_gb_content_width":"","footnotes":""},"class_list":["post-890","page","type-page","status-publish","hentry"],"_links":{"self":[{"href":"https:\/\/opusaris.com\/es\/wp-json\/wp\/v2\/pages\/890","targetHints":{"allow":["GET"]}}],"collection":[{"href":"https:\/\/opusaris.com\/es\/wp-json\/wp\/v2\/pages"}],"about":[{"href":"https:\/\/opusaris.com\/es\/wp-json\/wp\/v2\/types\/page"}],"author":[{"embeddable":true,"href":"https:\/\/opusaris.com\/es\/wp-json\/wp\/v2\/users\/1"}],"replies":[{"embeddable":true,"href":"https:\/\/opusaris.com\/es\/wp-json\/wp\/v2\/comments?post=890"}],"version-history":[{"count":23,"href":"https:\/\/opusaris.com\/es\/wp-json\/wp\/v2\/pages\/890\/revisions"}],"predecessor-version":[{"id":2633,"href":"https:\/\/opusaris.com\/es\/wp-json\/wp\/v2\/pages\/890\/revisions\/2633"}],"wp:attachment":[{"href":"https:\/\/opusaris.com\/es\/wp-json\/wp\/v2\/media?parent=890"}],"curies":[{"name":"wp","href":"https:\/\/api.w.org\/{rel}","templated":true}]}}