{"id":883,"date":"2025-07-25T14:28:10","date_gmt":"2025-07-25T14:28:10","guid":{"rendered":"https:\/\/opusaris.com\/quienes-somos-2\/"},"modified":"2026-03-25T11:12:09","modified_gmt":"2026-03-25T11:12:09","slug":"quienes-somos-2","status":"publish","type":"page","link":"https:\/\/opusaris.com\/es\/quienes-somos-2\/","title":{"rendered":"Qui\u00e9nes somos"},"content":{"rendered":"<p>[et_pb_section fb_built=\u00bb1&#8243; _builder_version=\u00bb4.27.4&#8243; _module_preset=\u00bbdefault\u00bb use_background_color_gradient=\u00bbon\u00bb background_color_gradient_direction=\u00bb58deg\u00bb background_color_gradient_stops=\u00bbgcid-58417ebb-1391-40ba-ae2f-2c799fdb5efa 33%|rgba(255,255,255,0) 66%\u00bb background_image=\u00bbhttps:\/\/opusaris.com\/wp-content\/uploads\/2025\/07\/OpusBridge.webp\u00bb background_blend=\u00bboverlay\u00bb custom_padding=\u00bb|||0px||\u00bb global_colors_info=\u00bb{%22gcid-58417ebb-1391-40ba-ae2f-2c799fdb5efa%22:%91%22background_color_gradient_stops%22%93}\u00bb][et_pb_row column_structure=\u00bb2_5,3_5&#8243; _builder_version=\u00bb4.27.4&#8243; _module_preset=\u00bbdefault\u00bb global_colors_info=\u00bb{}\u00bb][et_pb_column type=\u00bb2_5&#8243; _builder_version=\u00bb4.27.4&#8243; _module_preset=\u00bbdefault\u00bb global_colors_info=\u00bb{}\u00bb][et_pb_heading title=\u00bbAcerca de OpusAris\u00bb _builder_version=\u00bb4.27.4&#8243; _module_preset=\u00bbdefault\u00bb global_colors_info=\u00bb{}\u00bb][\/et_pb_heading][et_pb_text _builder_version=\u00bb4.27.4&#8243; _module_preset=\u00bbdefault\u00bb global_colors_info=\u00bb{}\u00bb]<\/p>\n<p><strong>Opus Aris<\/strong><span>  se traduce como \u00abTrabajo de Excelencia\u00bb. Para nosotros, es m\u00e1s que un nombre: es una vocaci\u00f3n. Abordamos cada proyecto con un esp\u00edritu de servicio y una inquebrantable atenci\u00f3n al detalle, asegur\u00e1ndonos de que el trabajo que entregamos realmente a\u00f1ade valor. Combinando conocimientos basados en datos con experiencia pr\u00e1ctica en el sector, ayudamos a los proveedores de TI a crecer, impulsar las ventas y destacar en el mercado, todo ello manteniendo a nuestros clientes en el centro y preocup\u00e1ndonos sinceramente por su \u00e9xito.   <\/span><\/p>\n<p>[\/et_pb_text][\/et_pb_column][et_pb_column type=\u00bb3_5&#8243; _builder_version=\u00bb4.27.4&#8243; _module_preset=\u00bbdefault\u00bb global_colors_info=\u00bb{}\u00bb][\/et_pb_column][\/et_pb_row][\/et_pb_section][et_pb_section fb_built=\u00bb1&#8243; _builder_version=\u00bb4.27.4&#8243; _module_preset=\u00bbdefault\u00bb global_colors_info=\u00bb{}\u00bb][et_pb_row column_structure=\u00bb1_2,1_2&#8243; _builder_version=\u00bb4.27.4&#8243; _module_preset=\u00bbdefault\u00bb global_colors_info=\u00bb{}\u00bb][et_pb_column type=\u00bb1_2&#8243; _builder_version=\u00bb4.27.4&#8243; _module_preset=\u00bbdefault\u00bb global_colors_info=\u00bb{}\u00bb][et_pb_text _builder_version=\u00bb4.27.4&#8243; _module_preset=\u00bbdefault\u00bb global_colors_info=\u00bb{}\u00bb]<\/p>\n<h4>OpusAris<\/h4>\n<h2>C\u00f3mo mantengo OpusAris \u00e1gil, centrado y creativo<\/h2>\n<p>[\/et_pb_text][et_pb_divider _builder_version=\u00bb4.27.4&#8243; _module_preset=\u00bbdefault\u00bb width=\u00bb20%\u00bb global_colors_info=\u00bb{}\u00bb][\/et_pb_divider][et_pb_text _builder_version=\u00bb4.27.4&#8243; _module_preset=\u00bbdefault\u00bb global_colors_info=\u00bb{}\u00bb]<\/p>\n<p data-start=\"238\" data-end=\"632\" class=\"\">He construido OpusAris para que sea intencionadamente \u00e1gil y colaborativa. Mantenemos nuestro n\u00facleo unido, con gerentes de proyectos experimentados en plantilla que aportan estructura, coherencia e impulso a cada proyecto. En torno a ellos, re\u00fano equipos de creativos aut\u00f3nomos especializados: dise\u00f1adores, escritores, desarrolladores e incluso cineastas. De este modo, siempre aportamos las habilidades adecuadas para la tarea en cuesti\u00f3n.   <\/p>\n<p data-start=\"634\" data-end=\"901\" class=\"\">La IA es tambi\u00e9n una parte clave de nuestro flujo de trabajo. La utilizamos para mejorar el resultado creativo, acelerar la producci\u00f3n y mejorar la precisi\u00f3n en todo, desde el desarrollo del concepto hasta la ejecuci\u00f3n de la campa\u00f1a. Nos ayuda a trabajar de forma m\u00e1s inteligente y nos libera m\u00e1s tiempo para el pensamiento real y el valor creativo.  <\/p>\n<p data-start=\"903\" data-end=\"1111\" class=\"\">Esta configuraci\u00f3n nos permite movernos con rapidez, ser flexibles y adaptarnos a las necesidades de cada cliente. Tambi\u00e9n significa que evitamos gastos generales innecesarios. Nuestra energ\u00eda se dedica a hacer un gran trabajo, no a mantener una gran estructura.  <\/p>\n<p data-start=\"1113\" data-end=\"1358\" class=\"\">La transparencia es esencial para m\u00ed. Todos los clientes tienen acceso a un panel de control personalizado del proyecto donde pueden seguir el progreso en tiempo real: plazos, fechas de entrega, entregables, presupuestos y gasto real. Se trata de claridad, control e impulso compartido.  <\/p>\n<p data-start=\"1360\" data-end=\"1471\" class=\"\">As\u00ed es como dirijo OpusAris. Clara, creativa, receptiva y siempre centrada en lo que m\u00e1s importa a nuestros clientes. <\/p>\n<p>[\/et_pb_text][\/et_pb_column][et_pb_column type=\u00bb1_2&#8243; _builder_version=\u00bb4.27.4&#8243; _module_preset=\u00bbdefault\u00bb global_colors_info=\u00bb{}\u00bb][et_pb_testimonial author=\u00bbJan V. Christensen\u00bb job_title=\u00bbCEO\u00bb company_name=\u00bbOpusAris AB\u00bb url=\u00bbhttps:\/\/load.se\/\u00bb portrait_url=\u00bbhttps:\/\/opusaris.com\/wp-content\/uploads\/2024\/12\/jvc0107.jpg\u00bb _builder_version=\u00bb4.27.4&#8243; _module_preset=\u00bbdefault\u00bb global_colors_info=\u00bb{}\u00bb]<\/p>\n<p>He desarrollado mi carrera en el sector global de las TI, trabajando con algunos de los principales proveedores del mundo para promover soluciones avanzadas entre socios y clientes de todo el mundo. En OpusAris, utilizo mis conocimientos t\u00e9cnicos y mi visi\u00f3n empresarial para ayudar a los socios y proveedores de TI a crear iniciativas de marketing y ventas eficaces y orientadas a los resultados. He dirigido con \u00e9xito campa\u00f1as entre proveedores, apoyado a socios de distintos sectores y trabajado con partes interesadas de todos los niveles, desde operaciones hasta direcci\u00f3n ejecutiva. A trav\u00e9s de OpusAris, actuamos como un departamento de marketing especializado para nuestros clientes, ayud\u00e1ndoles a competir muy por encima de sus posibilidades.   <\/p>\n<p>[\/et_pb_testimonial][\/et_pb_column][\/et_pb_row][et_pb_row _builder_version=\u00bb4.27.4&#8243; _module_preset=\u00bbdefault\u00bb global_colors_info=\u00bb{}\u00bb][et_pb_column type=\u00bb4_4&#8243; _builder_version=\u00bb4.27.4&#8243; _module_preset=\u00bbdefault\u00bb global_colors_info=\u00bb{}\u00bb][et_pb_divider _builder_version=\u00bb4.27.4&#8243; _module_preset=\u00bbdefault\u00bb global_colors_info=\u00bb{}\u00bb][\/et_pb_divider][\/et_pb_column][\/et_pb_row][et_pb_row column_structure=\u00bb3_5,2_5&#8243; _builder_version=\u00bb4.27.4&#8243; _module_preset=\u00bbdefault\u00bb global_colors_info=\u00bb{}\u00bb][et_pb_column type=\u00bb3_5&#8243; _builder_version=\u00bb4.27.4&#8243; _module_preset=\u00bbdefault\u00bb global_colors_info=\u00bb{}\u00bb][et_pb_text _builder_version=\u00bb4.27.4&#8243; _module_preset=\u00bbdefault\u00bb global_colors_info=\u00bb{}\u00bb]<\/p>\n<h6>C\u00d3MO TRABAJAMOS<\/h6>\n<h1>Socio de DMI<\/h1>\n<p>Como socio oficial del Digital Marketing Institute (DMI), OpusAris se mantiene a la vanguardia de las mejores pr\u00e1cticas, formaci\u00f3n y estrategia de marketing digital. Esta asociaci\u00f3n refleja nuestro compromiso con la prestaci\u00f3n de servicios de marketing de alta calidad, basados en datos y fundamentados en normas mundialmente reconocidas y en el aprendizaje continuo. <\/p>\n<p>[\/et_pb_text][et_pb_divider _builder_version=\u00bb4.27.4&#8243; _module_preset=\u00bbdefault\u00bb width=\u00bb30%\u00bb global_colors_info=\u00bb{}\u00bb][\/et_pb_divider][\/et_pb_column][et_pb_column type=\u00bb2_5&#8243; _builder_version=\u00bb4.27.4&#8243; _module_preset=\u00bbdefault\u00bb global_colors_info=\u00bb{}\u00bb][et_pb_image src=\u00bbhttps:\/\/opusaris.com\/wp-content\/uploads\/2025\/07\/DMI-partner-logo.png\u00bb title_text=\u00bbDMI-logotipo-socio\u00bb _builder_version=\u00bb4.27.4&#8243; _module_preset=\u00bbdefault\u00bb hover_enabled=\u00bb0&#8243; global_colors_info=\u00bb{}\u00bb url=\u00bbhttps:\/\/my.digitalmarketinginstitute.com\/members\/jan-christensen\u00bb sticky_enabled=\u00bb0&#8243;][\/et_pb_image][\/et_pb_column][\/et_pb_row][\/et_pb_section]<\/p>\n","protected":false},"excerpt":{"rendered":"<p>Opus Aris se traduce como \u00abTrabajo de Excelencia\u00bb. Para nosotros, es m\u00e1s que un nombre: es una vocaci\u00f3n. Abordamos cada proyecto con un esp\u00edritu de servicio y una inquebrantable atenci\u00f3n al detalle, asegur\u00e1ndonos de que el trabajo que entregamos realmente a\u00f1ade valor. Combinando conocimientos basados en datos con experiencia pr\u00e1ctica en el sector, ayudamos a [&hellip;]<\/p>\n","protected":false},"author":1,"featured_media":0,"parent":0,"menu_order":0,"comment_status":"closed","ping_status":"closed","template":"","meta":{"_et_pb_use_builder":"on","_et_pb_old_content":"","_et_gb_content_width":"","footnotes":""},"class_list":["post-883","page","type-page","status-publish","hentry"],"_links":{"self":[{"href":"https:\/\/opusaris.com\/es\/wp-json\/wp\/v2\/pages\/883","targetHints":{"allow":["GET"]}}],"collection":[{"href":"https:\/\/opusaris.com\/es\/wp-json\/wp\/v2\/pages"}],"about":[{"href":"https:\/\/opusaris.com\/es\/wp-json\/wp\/v2\/types\/page"}],"author":[{"embeddable":true,"href":"https:\/\/opusaris.com\/es\/wp-json\/wp\/v2\/users\/1"}],"replies":[{"embeddable":true,"href":"https:\/\/opusaris.com\/es\/wp-json\/wp\/v2\/comments?post=883"}],"version-history":[{"count":43,"href":"https:\/\/opusaris.com\/es\/wp-json\/wp\/v2\/pages\/883\/revisions"}],"predecessor-version":[{"id":2790,"href":"https:\/\/opusaris.com\/es\/wp-json\/wp\/v2\/pages\/883\/revisions\/2790"}],"wp:attachment":[{"href":"https:\/\/opusaris.com\/es\/wp-json\/wp\/v2\/media?parent=883"}],"curies":[{"name":"wp","href":"https:\/\/api.w.org\/{rel}","templated":true}]}}