{"id":987,"date":"2025-07-25T10:13:20","date_gmt":"2025-07-25T10:13:20","guid":{"rendered":"https:\/\/opusaris.com\/load-system-ab\/"},"modified":"2026-02-12T10:42:08","modified_gmt":"2026-02-12T10:42:08","slug":"load-system-ab","status":"publish","type":"page","link":"https:\/\/opusaris.com\/da\/load-system-ab\/","title":{"rendered":"Load system AB"},"content":{"rendered":"<p>[et_pb_section fb_built=&#8221;1&#8243; _builder_version=&#8221;4.27.4&#8243; _module_preset=&#8221;default&#8221; use_background_color_gradient=&#8221;on&#8221; background_color_gradient_direction=&#8221;58deg&#8221; background_color_gradient_stops=&#8221;gcid-58417ebb-1391-40ba-ae2f-2c799fdb5efa 33%|rgba(255,255,255,0) 66%&#8221; background_image=&#8221;https:\/\/opusaris.com\/wp-content\/uploads\/2025\/07\/StockholmSkyline.webp&#8221; background_blend=&#8221;overlay&#8221; global_colors_info=&#8221;{%22gcid-58417ebb-1391-40ba-ae2f-2c799fdb5efa%22:%91%22background_color_gradient_stops%22%93}&#8221;][et_pb_row column_structure=&#8221;2_5,3_5&#8243; _builder_version=&#8221;4.27.4&#8243; _module_preset=&#8221;default&#8221; global_colors_info=&#8221;{}&#8221;][et_pb_column type=&#8221;2_5&#8243; _builder_version=&#8221;4.27.4&#8243; _module_preset=&#8221;default&#8221; global_colors_info=&#8221;{}&#8221;][et_pb_heading title=&#8221;LOAD systems AB&#8221; _builder_version=&#8221;4.27.4&#8243; _module_preset=&#8221;default&#8221; global_colors_info=&#8221;{}&#8221;][\/et_pb_heading][et_pb_text _builder_version=&#8221;4.27.4&#8243; _module_preset=&#8221;default&#8221; global_colors_info=&#8221;{}&#8221;]<\/p>\n<p>LOAD leverer high-end IT-infrastrukturl\u00f8sninger med speciale i automatisering, cloud-tjenester og nul-nedetid drift. De styrker virksomheder med p\u00e5lidelige, innovative IT-strategier for kritisk systemydeevne. <\/p>\n<p>[\/et_pb_text][\/et_pb_column][et_pb_column type=&#8221;3_5&#8243; _builder_version=&#8221;4.27.4&#8243; _module_preset=&#8221;default&#8221; global_colors_info=&#8221;{}&#8221;][\/et_pb_column][\/et_pb_row][\/et_pb_section][et_pb_section fb_built=&#8221;1&#8243; _builder_version=&#8221;4.27.4&#8243; _module_preset=&#8221;default&#8221; global_colors_info=&#8221;{}&#8221;][et_pb_row column_structure=&#8221;1_2,1_2&#8243; _builder_version=&#8221;4.27.4&#8243; _module_preset=&#8221;default&#8221; global_colors_info=&#8221;{}&#8221;][et_pb_column type=&#8221;1_2&#8243; _builder_version=&#8221;4.27.4&#8243; _module_preset=&#8221;default&#8221; global_colors_info=&#8221;{}&#8221;][et_pb_text _builder_version=&#8221;4.27.4&#8243; _module_preset=&#8221;default&#8221; global_colors_info=&#8221;{}&#8221;]<\/p>\n<h4>INTRO<\/h4>\n<h3>LOAD systems udnytter OpusAris&#8217; ekspertise til LinuxONE-succes<\/h3>\n<p>[\/et_pb_text][et_pb_divider _builder_version=&#8221;4.27.4&#8243; _module_preset=&#8221;default&#8221; width=&#8221;20%&#8221; global_colors_info=&#8221;{}&#8221;][\/et_pb_divider][et_pb_text _builder_version=&#8221;4.27.4&#8243; _module_preset=&#8221;default&#8221; global_colors_info=&#8221;{}&#8221;]<\/p>\n<div>\n<p><span lang=\"EN-GB\">At arbejde sammen med Opus Aris p\u00e5 vores IBM LinuxONE-kampagne har v\u00e6ret en absolut game-changer. Fra begyndelsen skinnede deres ekspertise og kreative vision igennem. De hjalp os med at designe og udf\u00f8re en omni-channel kampagne p\u00e5 LinkedIn, der perfekt indfangede modenheden og p\u00e5lideligheden af Linux som en enterprise-platform til at k\u00f8re kritiske applikationer.  <\/span><\/p>\n<p>Et af de fremtr\u00e6dende elementer var en serie af AI-genererede videoer, som de forfattede. De innovative visuelle elementer bragte kampagnen til live og illustrerede IBM LinuxONE&#8217;s muligheder p\u00e5 en m\u00e5de, der b\u00e5de var engagerende og let at forst\u00e5 for vores kunder. Det var en perfekt blanding af teknisk indsigt og kreativ historiefort\u00e6lling.  <\/p>\n<p>&nbsp;<\/p>\n<\/div>\n<div>\n<p>Ud over videoen udformede OpusAris ogs\u00e5 meget m\u00e5lrettede direkte InMail-beskeder og landingssider, der effektivt positionerede LinuxONE til vores marked. Deres evne til at kommunikere komplekse l\u00f8sninger p\u00e5 en klar og overbevisende m\u00e5de gjorde hele forskellen og drev engagement og interesse fra de rigtige personer. <\/p>\n<p>&nbsp;<\/p>\n<\/div>\n<div>\n<p>Takket v\u00e6re OpusAris kunne vi pr\u00e6sentere LinuxONE som den enterprise-platform, den virkelig er. Deres strategiske tilgang kombineret med deres dybe forst\u00e5else af IT-landskabet gjorde dem til en uvurderlig partner i denne kampagne. Vi kunne ikke v\u00e6re mere tilfredse med resultatet og vil helt sikkert arbejde med Opus Aris igen!  <\/p>\n<p><strong>Torbj\u00f6rn appehl<\/strong><br \/>Administrerende direkt\u00f8r LOAD systems AB<\/p>\n<\/div>\n<p>[\/et_pb_text][et_pb_image src=&#8221;https:\/\/opusaris.com\/wp-content\/uploads\/2025\/07\/load-logo-dark-300&#215;54.png&#8221; title_text=&#8221;load-logo-m\u00f8rk&#8221; _builder_version=&#8221;4.27.4&#8243; _module_preset=&#8221;default&#8221; global_colors_info=&#8221;{}&#8221;][\/et_pb_image][\/et_pb_column][et_pb_column type=&#8221;1_2&#8243; _builder_version=&#8221;4.27.4&#8243; _module_preset=&#8221;default&#8221; global_colors_info=&#8221;{}&#8221;][et_pb_testimonial author=&#8221;Torbj\u00f6rn Appehl&#8221; job_title=&#8221;Administrerende direkt\u00f8r&#8221; company_name=&#8221;LOAD systems AB&#8221; url=&#8221;https:\/\/load.se\/&#8221; portrait_url=&#8221;https:\/\/opusaris.com\/wp-content\/uploads\/2025\/01\/torbjorn-appehl-1.jpg&#8221; _builder_version=&#8221;4.27.4&#8243; _module_preset=&#8221;default&#8221; global_colors_info=&#8221;{}&#8221;]<\/p>\n<p>Torbj\u00f6rn er en erfaren IT-leder med speciale i IBM Power Systems og Storage. Med ekspertise inden for salg og forretningsudvikling driver han innovative IT-l\u00f8sninger. <\/p>\n<p>[\/et_pb_testimonial][et_pb_video src=&#8221;https:\/\/opusaris.com\/wp-content\/uploads\/2025\/07\/LoadSomethingBig1.mp4&#8243; _builder_version=&#8221;4.27.4&#8243; _module_preset=&#8221;default&#8221; global_colors_info=&#8221;{}&#8221;][\/et_pb_video][\/et_pb_column][\/et_pb_row][\/et_pb_section]<\/p>\n","protected":false},"excerpt":{"rendered":"<p>LOAD leverer high-end IT-infrastrukturl\u00f8sninger med speciale i automatisering, cloud-tjenester og nul-nedetid drift. De styrker virksomheder med p\u00e5lidelige, innovative IT-strategier for kritisk systemydeevne. INTRO LOAD systems udnytter OpusAris&#8217; ekspertise til LinuxONE-succes At arbejde sammen med Opus Aris p\u00e5 vores IBM LinuxONE-kampagne har v\u00e6ret en absolut game-changer. Fra begyndelsen skinnede deres ekspertise og kreative vision igennem. De [&hellip;]<\/p>\n","protected":false},"author":1,"featured_media":0,"parent":0,"menu_order":0,"comment_status":"closed","ping_status":"closed","template":"","meta":{"_et_pb_use_builder":"on","_et_pb_old_content":"","_et_gb_content_width":"","footnotes":""},"class_list":["post-987","page","type-page","status-publish","hentry"],"_links":{"self":[{"href":"https:\/\/opusaris.com\/da\/wp-json\/wp\/v2\/pages\/987","targetHints":{"allow":["GET"]}}],"collection":[{"href":"https:\/\/opusaris.com\/da\/wp-json\/wp\/v2\/pages"}],"about":[{"href":"https:\/\/opusaris.com\/da\/wp-json\/wp\/v2\/types\/page"}],"author":[{"embeddable":true,"href":"https:\/\/opusaris.com\/da\/wp-json\/wp\/v2\/users\/1"}],"replies":[{"embeddable":true,"href":"https:\/\/opusaris.com\/da\/wp-json\/wp\/v2\/comments?post=987"}],"version-history":[{"count":20,"href":"https:\/\/opusaris.com\/da\/wp-json\/wp\/v2\/pages\/987\/revisions"}],"predecessor-version":[{"id":2629,"href":"https:\/\/opusaris.com\/da\/wp-json\/wp\/v2\/pages\/987\/revisions\/2629"}],"wp:attachment":[{"href":"https:\/\/opusaris.com\/da\/wp-json\/wp\/v2\/media?parent=987"}],"curies":[{"name":"wp","href":"https:\/\/api.w.org\/{rel}","templated":true}]}}