{"id":1103,"date":"2025-07-25T14:28:10","date_gmt":"2025-07-25T14:28:10","guid":{"rendered":"https:\/\/opusaris.com\/om-os\/"},"modified":"2026-03-25T11:12:07","modified_gmt":"2026-03-25T11:12:07","slug":"om-os","status":"publish","type":"page","link":"https:\/\/opusaris.com\/da\/om-os\/","title":{"rendered":"Om os"},"content":{"rendered":"<p>[et_pb_section fb_built=&#8221;1&#8243; _builder_version=&#8221;4.27.4&#8243; _module_preset=&#8221;default&#8221; use_background_color_gradient=&#8221;on&#8221; background_color_gradient_direction=&#8221;58deg&#8221; background_color_gradient_stops=&#8221;gcid-58417ebb-1391-40ba-ae2f-2c799fdb5efa 33%|rgba(255,255,255,0) 66%&#8221; background_image=&#8221;https:\/\/opusaris.com\/wp-content\/uploads\/2025\/07\/OpusBridge.webp&#8221; background_blend=&#8221;overlay&#8221; custom_padding=&#8221;|||0px||&#8221; global_colors_info=&#8221;{%22gcid-58417ebb-1391-40ba-ae2f-2c799fdb5efa%22:%91%22background_color_gradient_stops%22%93}&#8221;][et_pb_row column_structure=&#8221;2_5,3_5&#8243; _builder_version=&#8221;4.27.4&#8243; _module_preset=&#8221;default&#8221; global_colors_info=&#8221;{}&#8221;][et_pb_column type=&#8221;2_5&#8243; _builder_version=&#8221;4.27.4&#8243; _module_preset=&#8221;default&#8221; global_colors_info=&#8221;{}&#8221;][et_pb_heading title=&#8221;Om OpusAris&#8221; _builder_version=&#8221;4.27.4&#8243; _module_preset=&#8221;default&#8221; global_colors_info=&#8221;{}&#8221;][\/et_pb_heading][et_pb_text _builder_version=&#8221;4.27.4&#8243; _module_preset=&#8221;default&#8221; global_colors_info=&#8221;{}&#8221;]<\/p>\n<p><strong>Opus Aris<\/strong><span>  betyder \u00bbFremragende arbejde.\u00ab For os er det mere end et navn &#8211; det er et kald. Vi g\u00e5r til hvert projekt med en \u00e5nd af service og ufravigelig opm\u00e6rksomhed p\u00e5 detaljer, og sikrer at det arbejde, vi leverer, virkelig tilf\u00f8rer v\u00e6rdi. Ved at kombinere datadrevne indsigter med praktisk brancheekspertise hj\u00e6lper vi IT-leverand\u00f8rer med at vokse, \u00f8ge salget og skille sig ud p\u00e5 markedet &#8211; alt imens vi holder vores kunder i centrum og oprigtigt interesserer os for deres succes.   <\/span><\/p>\n<p>[\/et_pb_text][\/et_pb_column][et_pb_column type=&#8221;3_5&#8243; _builder_version=&#8221;4.27.4&#8243; _module_preset=&#8221;default&#8221; global_colors_info=&#8221;{}&#8221;][\/et_pb_column][\/et_pb_row][\/et_pb_section][et_pb_section fb_built=&#8221;1&#8243; _builder_version=&#8221;4.27.4&#8243; _module_preset=&#8221;default&#8221; global_colors_info=&#8221;{}&#8221;][et_pb_row column_structure=&#8221;1_2,1_2&#8243; _builder_version=&#8221;4.27.4&#8243; _module_preset=&#8221;default&#8221; global_colors_info=&#8221;{}&#8221;][et_pb_column type=&#8221;1_2&#8243; _builder_version=&#8221;4.27.4&#8243; _module_preset=&#8221;default&#8221; global_colors_info=&#8221;{}&#8221;][et_pb_text _builder_version=&#8221;4.27.4&#8243; _module_preset=&#8221;default&#8221; global_colors_info=&#8221;{}&#8221;]<\/p>\n<h4>OpusAris<\/h4>\n<h2>Hvordan jeg holder OpusAris agil, fokuseret og kreativ<\/h2>\n<p>[\/et_pb_text][et_pb_divider _builder_version=&#8221;4.27.4&#8243; _module_preset=&#8221;default&#8221; width=&#8221;20%&#8221; global_colors_info=&#8221;{}&#8221;][\/et_pb_divider][et_pb_text _builder_version=&#8221;4.27.4&#8243; _module_preset=&#8221;default&#8221; global_colors_info=&#8221;{}&#8221;]<\/p>\n<p data-start=\"238\" data-end=\"632\" class=\"\">Jeg har opbygget OpusAris til at v\u00e6re bevidst agil og samarbejdsorienteret. Vi holder vores kerne tight, med erfarne projektledere ansat, som bringer struktur, konsistens og fremdrift til hvert projekt. Omkring det sammens\u00e6tter jeg teams af freelance kreative skr\u00e6ddersyet til hver opgave: designere, forfattere, udviklere og endda filmskabere. P\u00e5 denne m\u00e5de bringer vi altid de rette kompetencer til den givne opgave.   <\/p>\n<p data-start=\"634\" data-end=\"901\" class=\"\">AI er ogs\u00e5 en central del af vores arbejdsgang. Vi bruger det til at forbedre kreativt output, \u00f8ge produktionshastigheden og forbedre pr\u00e6cisionen i alt fra konceptudvikling til kampagneudf\u00f8relse. Det hj\u00e6lper os med at arbejde smartere og frigiver mere tid til reel t\u00e6nkning og kreativ v\u00e6rdi.  <\/p>\n<p data-start=\"903\" data-end=\"1111\" class=\"\">Denne ops\u00e6tning g\u00f8r det muligt for os at bev\u00e6ge os hurtigt, forblive fleksible og tilpasse os det, hver kunde har brug for. Det betyder ogs\u00e5, at vi undg\u00e5r un\u00f8dvendige overheadomkostninger. Vores energi g\u00e5r til at udf\u00f8re fremragende arbejde, ikke til at vedligeholde en stor struktur.  <\/p>\n<p data-start=\"1113\" data-end=\"1358\" class=\"\">Gennemsigtighed er afg\u00f8rende for mig. Hver kunde f\u00e5r adgang til et skr\u00e6ddersyet projektdashboard, hvor de kan f\u00f8lge fremskridt i realtid: tidslinjer, deadlines, leverancer, budgetter og faktiske udgifter. Det handler om klarhed, kontrol og f\u00e6lles fremdrift.  <\/p>\n<p data-start=\"1360\" data-end=\"1471\" class=\"\">Dette er, hvordan jeg driver OpusAris. Slank, kreativ, responsiv og altid fokuseret p\u00e5 det, der betyder mest for vores kunder. <\/p>\n<p>[\/et_pb_text][\/et_pb_column][et_pb_column type=&#8221;1_2&#8243; _builder_version=&#8221;4.27.4&#8243; _module_preset=&#8221;default&#8221; global_colors_info=&#8221;{}&#8221;][et_pb_testimonial author=&#8221;Jan v. Christensen&#8221; job_title=&#8221;Administrerende direkt\u00f8r&#8221; company_name=&#8221;OpusAris AB&#8221; url=&#8221;https:\/\/load.se\/&#8221; portrait_url=&#8221;https:\/\/opusaris.com\/wp-content\/uploads\/2024\/12\/jvc0107.jpg&#8221; _builder_version=&#8221;4.27.4&#8243; _module_preset=&#8221;default&#8221; global_colors_info=&#8221;{}&#8221;]<\/p>\n<p>Jeg har tilbragt min karriere i den globale IT-branche, hvor jeg har arbejdet med nogle af verdens f\u00f8rende leverand\u00f8rer for at promovere avancerede l\u00f8sninger til partnere og kunder verden over. Hos OpusAris bruger jeg min tekniske ekspertise og forretningsm\u00e6ssige indsigt til at hj\u00e6lpe IT-partnere og leverand\u00f8rer med at skabe effektive, resultatorienterede marketing- og salgsinitiativer. Jeg har ledet succesfulde kampagner p\u00e5 tv\u00e6rs af leverand\u00f8rer, st\u00f8ttet partnere p\u00e5 tv\u00e6rs af brancher og arbejdet med interessenter p\u00e5 alle niveauer &#8211; fra drift til ledelse. Gennem OpusAris fungerer vi som en dedikeret marketingafdeling for vores kunder og hj\u00e6lper dem med at konkurrere langt over deres v\u00e6gtklasse.   <\/p>\n<p>[\/et_pb_testimonial][\/et_pb_column][\/et_pb_row][et_pb_row _builder_version=&#8221;4.27.4&#8243; _module_preset=&#8221;default&#8221; global_colors_info=&#8221;{}&#8221;][et_pb_column type=&#8221;4_4&#8243; _builder_version=&#8221;4.27.4&#8243; _module_preset=&#8221;default&#8221; global_colors_info=&#8221;{}&#8221;][et_pb_divider _builder_version=&#8221;4.27.4&#8243; _module_preset=&#8221;default&#8221; global_colors_info=&#8221;{}&#8221;][\/et_pb_divider][\/et_pb_column][\/et_pb_row][et_pb_row column_structure=&#8221;3_5,2_5&#8243; _builder_version=&#8221;4.27.4&#8243; _module_preset=&#8221;default&#8221; global_colors_info=&#8221;{}&#8221;][et_pb_column type=&#8221;3_5&#8243; _builder_version=&#8221;4.27.4&#8243; _module_preset=&#8221;default&#8221; global_colors_info=&#8221;{}&#8221;][et_pb_text _builder_version=&#8221;4.27.4&#8243; _module_preset=&#8221;default&#8221; global_colors_info=&#8221;{}&#8221;]<\/p>\n<h6>S\u00c5DAN ARBEJDER VI<\/h6>\n<h1>DMI-partner<\/h1>\n<p>Som officiel partner af Digital Marketing Institute (DMI) holder OpusAris sig i front med bedste praksis, tr\u00e6ning og strategi inden for digital marketing. Dette partnerskab afspejler vores engagement i at levere marketingtjenester af h\u00f8j kvalitet, der er datadrevne og baseret p\u00e5 globalt anerkendte standarder og kontinuerlig l\u00e6ring. <\/p>\n<p>[\/et_pb_text][et_pb_divider _builder_version=&#8221;4.27.4&#8243; _module_preset=&#8221;default&#8221; width=&#8221;30%&#8221; global_colors_info=&#8221;{}&#8221;][\/et_pb_divider][\/et_pb_column][et_pb_column type=&#8221;2_5&#8243; _builder_version=&#8221;4.27.4&#8243; _module_preset=&#8221;default&#8221; global_colors_info=&#8221;{}&#8221;][et_pb_image src=&#8221;https:\/\/opusaris.com\/wp-content\/uploads\/2025\/07\/DMI-partner-logo-300&#215;169.png&#8221; title_text=&#8221;DMI-partner-logo&#8221; _builder_version=&#8221;4.27.4&#8243; _module_preset=&#8221;default&#8221; hover_enabled=&#8221;0&#8243; global_colors_info=&#8221;{}&#8221; url=&#8221;https:\/\/my.digitalmarketinginstitute.com\/members\/jan-christensen&#8221; sticky_enabled=&#8221;0&#8243;][\/et_pb_image][\/et_pb_column][\/et_pb_row][\/et_pb_section]<\/p>\n","protected":false},"excerpt":{"rendered":"<p>Opus Aris betyder \u00bbFremragende arbejde.\u00ab For os er det mere end et navn &#8211; det er et kald. Vi g\u00e5r til hvert projekt med en \u00e5nd af service og ufravigelig opm\u00e6rksomhed p\u00e5 detaljer, og sikrer at det arbejde, vi leverer, virkelig tilf\u00f8rer v\u00e6rdi. Ved at kombinere datadrevne indsigter med praktisk brancheekspertise hj\u00e6lper vi IT-leverand\u00f8rer med [&hellip;]<\/p>\n","protected":false},"author":1,"featured_media":0,"parent":0,"menu_order":0,"comment_status":"closed","ping_status":"closed","template":"","meta":{"_et_pb_use_builder":"on","_et_pb_old_content":"","_et_gb_content_width":"","footnotes":""},"class_list":["post-1103","page","type-page","status-publish","hentry"],"_links":{"self":[{"href":"https:\/\/opusaris.com\/da\/wp-json\/wp\/v2\/pages\/1103","targetHints":{"allow":["GET"]}}],"collection":[{"href":"https:\/\/opusaris.com\/da\/wp-json\/wp\/v2\/pages"}],"about":[{"href":"https:\/\/opusaris.com\/da\/wp-json\/wp\/v2\/types\/page"}],"author":[{"embeddable":true,"href":"https:\/\/opusaris.com\/da\/wp-json\/wp\/v2\/users\/1"}],"replies":[{"embeddable":true,"href":"https:\/\/opusaris.com\/da\/wp-json\/wp\/v2\/comments?post=1103"}],"version-history":[{"count":40,"href":"https:\/\/opusaris.com\/da\/wp-json\/wp\/v2\/pages\/1103\/revisions"}],"predecessor-version":[{"id":2786,"href":"https:\/\/opusaris.com\/da\/wp-json\/wp\/v2\/pages\/1103\/revisions\/2786"}],"wp:attachment":[{"href":"https:\/\/opusaris.com\/da\/wp-json\/wp\/v2\/media?parent=1103"}],"curies":[{"name":"wp","href":"https:\/\/api.w.org\/{rel}","templated":true}]}}