{"id":1033,"date":"2025-07-25T08:07:40","date_gmt":"2025-07-25T08:07:40","guid":{"rendered":"https:\/\/opusaris.com\/vores-ydelser\/"},"modified":"2026-03-30T04:15:14","modified_gmt":"2026-03-30T04:15:14","slug":"vores-ydelser","status":"publish","type":"page","link":"https:\/\/opusaris.com\/da\/vores-ydelser\/","title":{"rendered":"Vores ydelser"},"content":{"rendered":"<p>[et_pb_section fb_built=&#8221;1&#8243; _builder_version=&#8221;4.27.4&#8243; _module_preset=&#8221;default&#8221; global_colors_info=&#8221;{}&#8221;][et_pb_row column_structure=&#8221;3_5,2_5&#8243; _builder_version=&#8221;4.27.4&#8243; _module_preset=&#8221;default&#8221; global_colors_info=&#8221;{}&#8221;][et_pb_column type=&#8221;3_5&#8243; _builder_version=&#8221;4.27.4&#8243; _module_preset=&#8221;default&#8221; global_colors_info=&#8221;{}&#8221;][et_pb_text _builder_version=&#8221;4.27.4&#8243; _module_preset=&#8221;default&#8221; header_font_size=&#8221;42px&#8221; global_colors_info=&#8221;{}&#8221;]<\/p>\n<h1>Vores ydelser<\/h1>\n<p>Vi er et full-service marketingbureau, der hj\u00e6lper IT-leverand\u00f8rer med at k\u00f8re marketing p\u00e5 enterprise-niveau. Vi fungerer som en integreret marketingafdeling og styrer strategi, kampagner, indhold og kreativitet, mens vi er fuldt integreret med dit team. T\u00e6nk p\u00e5 os som din on-demand marketingafdeling, der leverer resultater uden at tilf\u00f8je personale.  <\/p>\n<p>[\/et_pb_text][et_pb_image src=&#8221;https:\/\/opusaris.com\/wp-content\/uploads\/2025\/07\/OpusOurService.jpg&#8221; title_text=&#8221;Koncept for v\u00e6kststrategi og forretningstendens. Forretningsmands h\u00e5nd p\u00e5 pil-investeringsikon. \u00d8g salgsmarkedsf\u00f8ring, \u00f8g succespotentiale, stig raket mod rigdom. Konkurrencedygtig forretningsplan for m\u00e5l   &#8221; _builder_version=&#8221;4.27.4&#8243; _module_preset=&#8221;default&#8221; global_colors_info=&#8221;{}&#8221;][\/et_pb_image][\/et_pb_column][et_pb_column type=&#8221;2_5&#8243; _builder_version=&#8221;4.27.4&#8243; _module_preset=&#8221;default&#8221; global_colors_info=&#8221;{}&#8221;][et_pb_blurb title=&#8221;Marketingstrategi for IT-leverand\u00f8rer&#8221; url=&#8221;#strategy&#8221; use_icon=&#8221;on&#8221; font_icon=&#8221;&#xe01c;||divi||400&#8243; icon_placement=&#8221;left&#8221; _builder_version=&#8221;4.27.4&#8243; _module_preset=&#8221;default&#8221; global_colors_info=&#8221;{}&#8221;]<\/p>\n<ul>\n<li data-start=\"1454\" data-end=\"1478\">\n<p data-start=\"1456\" data-end=\"1478\">Messaging-arkitektur<\/p>\n<\/li>\n<li data-start=\"1482\" data-end=\"1501\">\n<p data-start=\"1484\" data-end=\"1501\">Kampagneplanl\u00e6gning<\/p>\n<\/li>\n<li data-start=\"1505\" data-end=\"1533\">\n<p data-start=\"1507\" data-end=\"1533\">Cross-vendor GTM-tilpasning<\/p>\n<\/li>\n<\/ul>\n<p>[\/et_pb_blurb][et_pb_blurb title=&#8221;Kampagneudvikling&#8221; url=&#8221;#campaign&#8221; use_icon=&#8221;on&#8221; font_icon=&#8221;&#xf0eb;||fa||400&#8243; icon_placement=&#8221;left&#8221; _builder_version=&#8221;4.27.4&#8243; _module_preset=&#8221;default&#8221; global_colors_info=&#8221;{}&#8221;]<\/p>\n<ul>\n<li data-start=\"1564\" data-end=\"1593\">\n<p data-start=\"1566\" data-end=\"1593\">Webinarer og digitale events<\/p>\n<\/li>\n<li data-start=\"1597\" data-end=\"1626\">\n<p data-start=\"1599\" data-end=\"1626\">Video og visuel storytelling<\/p>\n<\/li>\n<li data-start=\"1630\" data-end=\"1658\">\n<p data-start=\"1632\" data-end=\"1658\">Sociale medier og nyhedsbreve<\/p>\n<\/li>\n<\/ul>\n<p>[\/et_pb_blurb][et_pb_blurb title=&#8221;Salgsst\u00f8tte&#8221; url=&#8221;#enablement&#8221; use_icon=&#8221;on&#8221; font_icon=&#8221;&#xf19c;||fa||900&#8243; icon_placement=&#8221;left&#8221; _builder_version=&#8221;4.27.4&#8243; _module_preset=&#8221;default&#8221; global_colors_info=&#8221;{}&#8221;]<\/p>\n<ul>\n<li data-start=\"1687\" data-end=\"1711\">\n<p data-start=\"1689\" data-end=\"1711\">Produktark og pr\u00e6sentationer<\/p>\n<\/li>\n<li data-start=\"1715\" data-end=\"1746\">\n<p data-start=\"1717\" data-end=\"1746\">Playbooks og e-mailsekvenser<\/p>\n<\/li>\n<li data-start=\"1750\" data-end=\"1785\">\n<p data-start=\"1752\" data-end=\"1785\">Tr\u00e6ning og coaching for s\u00e6lgere<\/p>\n<\/li>\n<\/ul>\n<p>[\/et_pb_blurb][et_pb_blurb title=&#8221;Indholdsudvikling&#8221; url=&#8221;#content&#8221; use_icon=&#8221;on&#8221; font_icon=&#8221;&#x69;||divi||400&#8243; icon_placement=&#8221;left&#8221; _builder_version=&#8221;4.27.4&#8243; _module_preset=&#8221;default&#8221; global_colors_info=&#8221;{}&#8221;]<\/p>\n<ul>\n<li data-start=\"1817\" data-end=\"1837\">\n<p data-start=\"1819\" data-end=\"1837\">Tankeledersskab<\/p>\n<\/li>\n<li data-start=\"1841\" data-end=\"1878\">\n<p data-start=\"1843\" data-end=\"1878\">Break\/fix-demoer (optagede sessioner)<\/p>\n<\/li>\n<li data-start=\"1882\" data-end=\"1918\">\n<p data-start=\"1884\" data-end=\"1918\">Infografikker og l\u00f8sningsforklaringer<\/p>\n<\/li>\n<\/ul>\n<p>[\/et_pb_blurb][\/et_pb_column][\/et_pb_row][et_pb_row column_structure=&#8221;2_3,1_3&#8243; _builder_version=&#8221;4.27.4&#8243; _module_preset=&#8221;default&#8221; global_colors_info=&#8221;{}&#8221;][et_pb_column type=&#8221;2_3&#8243; _builder_version=&#8221;4.27.4&#8243; _module_preset=&#8221;default&#8221; global_colors_info=&#8221;{}&#8221;][et_pb_divider _builder_version=&#8221;4.27.4&#8243; _module_preset=&#8221;default&#8221; global_colors_info=&#8221;{}&#8221;][\/et_pb_divider][\/et_pb_column][et_pb_column type=&#8221;1_3&#8243; _builder_version=&#8221;4.27.4&#8243; _module_preset=&#8221;default&#8221; global_colors_info=&#8221;{}&#8221;][\/et_pb_column][\/et_pb_row][et_pb_row column_structure=&#8221;2_3,1_3&#8243; _builder_version=&#8221;4.27.4&#8243; _module_preset=&#8221;default&#8221; global_colors_info=&#8221;{}&#8221;][et_pb_column type=&#8221;2_3&#8243; _builder_version=&#8221;4.27.4&#8243; _module_preset=&#8221;default&#8221; global_colors_info=&#8221;{}&#8221;][et_pb_text module_id=&#8221;strategy&#8221; _builder_version=&#8221;4.27.4&#8243; _module_preset=&#8221;default&#8221; header_4_font=&#8221;|600|||||||&#8221; global_colors_info=&#8221;{}&#8221;]<\/p>\n<h1>Strategisk marketing for IT-leverand\u00f8rer<\/h1>\n<p>Hos OpusAris leverer vi marketing p\u00e5 enterprise-niveau skr\u00e6ddersyet til IT-leverand\u00f8rer. Uanset om du lancerer en l\u00f8sning eller ekspanderer til nye markeder, integrerer vi os i din virksomhed som en forl\u00e6ngelse af dit eget marketingteam. <\/p>\n<p>Vi begynder med at forst\u00e5 dine produkter, positionering og eksisterende marketingindsats, ofte i direkte samarbejde med leverand\u00f8rer som IBM for at tilpasse vores tilgang til deres messaging og strategiske retning. Dette sikrer konsistens, relevans og trov\u00e6rdighed fra dag \u00e9t. <\/p>\n<h2>Vores ydelser omfatter:<\/h2>\n<h4 style=\"padding-left: 40px\">Marketingstrategi<\/h4>\n<p style=\"padding-left: 40px\">Vi designer klare, handlingsorienterede marketingstrategier, der underst\u00f8tter dine forretningsm\u00e5l, engagerer de rigtige m\u00e5lgrupper og genererer reelle resultater. Uanset om du s\u00e6lger infrastruktur, software eller tjenester, udformer vi kampagner, der flytter n\u00e5len. <\/p>\n<h4 style=\"padding-left: 40px\">Messaging-arkitektur<\/h4>\n<p style=\"padding-left: 40px\">Vi udarbejder struktureret, konsistent messaging, der taler til dine m\u00e5lpersoner. Vores messaging-rammer forenkler komplekse l\u00f8sninger og forener kommunikation p\u00e5 tv\u00e6rs af salg og marketing. <\/p>\n<h4 style=\"padding-left: 40px\">Kampagneplanl\u00e6gning<\/h4>\n<p style=\"padding-left: 40px\">Fra webinarer og e-mails til fuldskala multikanalkampagner h\u00e5ndterer vi det hele. Vi kortl\u00e6gger hver detalje, afstemmer med interessenter og bringer dit budskab til live med smart, m\u00e5lbar eksekvering. <\/p>\n<h4 style=\"padding-left: 40px\">Cross-vendor GTM-tilpasning<\/h4>\n<p style=\"padding-left: 40px\">N\u00e5r dine l\u00f8sninger involverer partnere eller er afh\u00e6ngige af bredere \u00f8kosystemer, sikrer vi, at din go-to-market (GTM) plan er tilpasset p\u00e5 tv\u00e6rs af leverand\u00f8rer. Vi samarbejder med salgs- og tekniske teams for at opbygge sammenh\u00e6ngende kampagner, der driver f\u00e6lles succes. <\/p>\n<p>Vi designer ikke bare planer &#8211; vi eksekverer og styrer dem fra start til slut og forbliver engagerede for konstant at forbedre ydeevnen. Uanset om du har brug for strategisk vejledning, indholdseksekvering eller end-to-end projektledelse, leverer OpusAris marketing, der virker p\u00e5 dine pr\u00e6misser. <\/p>\n<p>[\/et_pb_text][\/et_pb_column][et_pb_column type=&#8221;1_3&#8243; _builder_version=&#8221;4.27.4&#8243; _module_preset=&#8221;default&#8221; global_colors_info=&#8221;{}&#8221;][et_pb_image src=&#8221;https:\/\/opusaris.com\/wp-content\/uploads\/2025\/07\/OpusStrategy.jpg&#8221; title_text=&#8221;Skakbrikker p\u00e5 br\u00e6t i bl\u00e5 nuancer&#8221; _builder_version=&#8221;4.27.4&#8243; _module_preset=&#8221;default&#8221; global_colors_info=&#8221;{}&#8221;][\/et_pb_image][\/et_pb_column][\/et_pb_row][et_pb_row column_structure=&#8221;2_5,3_5&#8243; _builder_version=&#8221;4.27.4&#8243; _module_preset=&#8221;default&#8221; global_colors_info=&#8221;{}&#8221;][et_pb_column type=&#8221;2_5&#8243; _builder_version=&#8221;4.27.4&#8243; _module_preset=&#8221;default&#8221; global_colors_info=&#8221;{}&#8221;][et_pb_divider _builder_version=&#8221;4.27.4&#8243; _module_preset=&#8221;default&#8221; global_colors_info=&#8221;{}&#8221;][\/et_pb_divider][\/et_pb_column][et_pb_column type=&#8221;3_5&#8243; _builder_version=&#8221;4.27.4&#8243; _module_preset=&#8221;default&#8221; global_colors_info=&#8221;{}&#8221;][\/et_pb_column][\/et_pb_row][et_pb_row column_structure=&#8221;1_3,2_3&#8243; _builder_version=&#8221;4.27.4&#8243; _module_preset=&#8221;default&#8221; global_colors_info=&#8221;{}&#8221;][et_pb_column type=&#8221;1_3&#8243; _builder_version=&#8221;4.27.4&#8243; _module_preset=&#8221;default&#8221; global_colors_info=&#8221;{}&#8221;][et_pb_image src=&#8221;https:\/\/opusaris.com\/wp-content\/uploads\/2025\/07\/OpusContent.jpg&#8221; title_text=&#8221;Ung kvindelig m\u00e6gler eller coach, der peger p\u00e5 et af papirerne med flowdiagrammer&#8221; _builder_version=&#8221;4.27.4&#8243; _module_preset=&#8221;default&#8221; global_colors_info=&#8221;{}&#8221;][\/et_pb_image][\/et_pb_column][et_pb_column type=&#8221;2_3&#8243; _builder_version=&#8221;4.27.4&#8243; _module_preset=&#8221;default&#8221; global_colors_info=&#8221;{}&#8221;][et_pb_text module_id=&#8221;campaign&#8221; _builder_version=&#8221;4.27.4&#8243; _module_preset=&#8221;default&#8221; header_4_font=&#8221;|600|||||||&#8221; global_colors_info=&#8221;{}&#8221;]<\/p>\n<h1>Engagerende kampagner, der driver resultater<\/h1>\n<p data-start=\"188\" data-end=\"446\">Vi skaber og styrer kampagner, der sk\u00e6rer gennem st\u00f8jen &#8211; designet specifikt til IT-partnere og teknologifokuserede m\u00e5lgrupper. Uanset om du opbygger bevidsthed eller accelererer salg, skr\u00e6ddersyer vi hver aktivitet til dine m\u00e5l, m\u00e5lgrupper og leverand\u00f8rlandskab. <\/p>\n<p data-start=\"448\" data-end=\"593\">Vores tilgang er praktisk: vi arbejder sammen med dit team og dine leverand\u00f8rpartnere for at sikre konsistent messaging, tilpasset timing og problemfri eksekvering.<\/p>\n<p data-start=\"595\" data-end=\"858\" style=\"padding-left: 40px\"><strong data-start=\"595\" data-end=\"624\">Webinarer og digitale events<\/strong><br data-start=\"624\" data-end=\"627\">Vi planl\u00e6gger, promoverer og k\u00f8rer end-to-end webinar-oplevelser &#8211; fra koordinering af talere og ops\u00e6tning af platform til kreativ promovering og opf\u00f8lgning efter eventet. Vores teknologifokuserede webinarer er designet til at uddanne, engagere og generere pipeline. <\/p>\n<p data-start=\"860\" data-end=\"1124\" style=\"padding-left: 40px\"><strong data-start=\"860\" data-end=\"891\">Video og visuel storytelling<\/strong><br data-start=\"891\" data-end=\"894\">Fra produktforklaringer til case study-animationer og demo-gennemgange, omdanner vi komplekse id\u00e9er til overbevisende visuelt indhold. Vi arbejder sammen med tekniske interessenter for at sikre n\u00f8jagtighed, samtidig med at vi holder tingene engagerende og nemme at ford\u00f8je. <\/p>\n<p data-start=\"1126\" data-end=\"1395\" style=\"padding-left: 40px\"><strong data-start=\"1126\" data-end=\"1156\">Sociale medier og nyhedsbreve<\/strong><br data-start=\"1156\" data-end=\"1159\">Vi hj\u00e6lper dig med at holde forbindelsen til dit publikum gennem regelm\u00e6ssige opdateringer, kurateret tankeledersskab og kampagneindhold skr\u00e6ddersyet til LinkedIn, e-mail eller andre kanaler. Vi skriver, designer og styrer alt &#8211; fra planl\u00e6gning til publicering. <\/p>\n<p data-start=\"1397\" data-end=\"1641\">Hver kampagne styres fuldt ud af os &#8211; fra indledende koncept til opf\u00f8lgningsrapportering &#8211; for at sikre, at intet glider og hver detalje optimeres. Vi fungerer som dit integrerede marketingteam og tilpasser strategi med eksekvering for at levere klar, konsistent effekt. <\/p>\n<p>[\/et_pb_text][\/et_pb_column][\/et_pb_row][et_pb_row column_structure=&#8221;2_5,3_5&#8243; _builder_version=&#8221;4.27.4&#8243; _module_preset=&#8221;default&#8221; global_colors_info=&#8221;{}&#8221;][et_pb_column type=&#8221;2_5&#8243; _builder_version=&#8221;4.27.4&#8243; _module_preset=&#8221;default&#8221; global_colors_info=&#8221;{}&#8221;][et_pb_divider _builder_version=&#8221;4.27.4&#8243; _module_preset=&#8221;default&#8221; global_colors_info=&#8221;{}&#8221;][\/et_pb_divider][\/et_pb_column][et_pb_column type=&#8221;3_5&#8243; _builder_version=&#8221;4.27.4&#8243; _module_preset=&#8221;default&#8221; global_colors_info=&#8221;{}&#8221;][\/et_pb_column][\/et_pb_row][et_pb_row column_structure=&#8221;2_3,1_3&#8243; _builder_version=&#8221;4.27.4&#8243; _module_preset=&#8221;default&#8221; global_colors_info=&#8221;{}&#8221;][et_pb_column type=&#8221;2_3&#8243; _builder_version=&#8221;4.27.4&#8243; _module_preset=&#8221;default&#8221; global_colors_info=&#8221;{}&#8221;][et_pb_text module_id=&#8221;enablement&#8221; _builder_version=&#8221;4.27.4&#8243; _module_preset=&#8221;default&#8221; header_4_font=&#8221;|600|||||||&#8221; global_colors_info=&#8221;{}&#8221;]<\/p>\n<h1>Udrustning af salgs- og tekniske teams til at drive resultater<\/h1>\n<p data-start=\"212\" data-end=\"515\">Hos OpusAris underst\u00f8tter vi hele kunderejsen &#8211; fra marketingbevidsthed til salgskonvertering &#8211; ved at give dine teams de v\u00e6rkt\u00f8jer, den viden og den selvtillid, de skal bruge for at lykkes. Vores enablement-tjenester er skr\u00e6ddersyet til IT-partnere og deres leverand\u00f8rer og hj\u00e6lper b\u00e5de salgs- og tekniske fagfolk med at engagere sig effektivt. <\/p>\n<p data-start=\"517\" data-end=\"678\">Vi arbejder t\u00e6t sammen med emneeksperter for at omdanne komplekse tilbud til klart, brugbart materiale, der er i overensstemmelse med din messaging og go-to-market-strategi.<\/p>\n<p data-start=\"680\" data-end=\"977\" style=\"padding-left: 40px\"><strong data-start=\"680\" data-end=\"712\">Produktark og salgspr\u00e6sentationer<\/strong><br data-start=\"712\" data-end=\"715\">Vi skaber rene, overbevisende aktiver, der g\u00f8r det nemt at pr\u00e6sentere teknisk v\u00e6rdi i kundevendte formater. Uanset om det er til enterprise-infrastruktur, software eller hybride l\u00f8sninger, skr\u00e6ddersyr vi indholdet til reel brug i salgssamtaler og partnerm\u00f8der. <\/p>\n<p data-start=\"979\" data-end=\"1218\" style=\"padding-left: 40px\"><strong data-start=\"979\" data-end=\"1010\">Playbooks og e-mailsekvenser<\/strong><br data-start=\"1010\" data-end=\"1013\">Vores playbooks giver struktureret messaging, personas, konkurrenceindsigter, opkaldsscripts og e-mailskabeloner, der hj\u00e6lper s\u00e6lgere med at flytte handler fremad &#8211; is\u00e6r i scenarier med flere interessenter eller p\u00e5 tv\u00e6rs af leverand\u00f8rer.<\/p>\n<p data-start=\"1220\" data-end=\"1512\" style=\"padding-left: 40px\"><strong data-start=\"1220\" data-end=\"1250\">Salgs- og teknisk tr\u00e6ning<\/strong><br data-start=\"1250\" data-end=\"1253\">Vi leverer tr\u00e6ningssessioner, workshops og on-demand moduler til b\u00e5de kommercielle og tekniske teams. Fra salgspositionering og h\u00e5ndtering af indvendinger til tekniske gennemgange af koncepter og principper opbygger vi den viden, der er n\u00f8dvendig for at vinde tillid og lukke handler. <\/p>\n<p data-start=\"1514\" data-end=\"1715\">Som din integrerede marketingpartner sikrer vi, at enablement-materialer og tr\u00e6ning er i overensstemmelse med din GTM, kampagneflow og produktvejkort &#8211; hvilket g\u00f8r det nemt for alle at holde sig til budskabet og p\u00e5 sporet.<\/p>\n<p>[\/et_pb_text][\/et_pb_column][et_pb_column type=&#8221;1_3&#8243; _builder_version=&#8221;4.27.4&#8243; _module_preset=&#8221;default&#8221; global_colors_info=&#8221;{}&#8221;][et_pb_image src=&#8221;https:\/\/opusaris.com\/wp-content\/uploads\/2025\/07\/OpusTraining.jpg&#8221; title_text=&#8221;Ung, mandlig leder giver pr\u00e6sentation for kolleger&#8221; _builder_version=&#8221;4.27.4&#8243; _module_preset=&#8221;default&#8221; global_colors_info=&#8221;{}&#8221;][\/et_pb_image][\/et_pb_column][\/et_pb_row][et_pb_row column_structure=&#8221;2_5,3_5&#8243; _builder_version=&#8221;4.27.4&#8243; _module_preset=&#8221;default&#8221; global_colors_info=&#8221;{}&#8221;][et_pb_column type=&#8221;2_5&#8243; _builder_version=&#8221;4.27.4&#8243; _module_preset=&#8221;default&#8221; global_colors_info=&#8221;{}&#8221;][et_pb_divider _builder_version=&#8221;4.27.4&#8243; _module_preset=&#8221;default&#8221; global_colors_info=&#8221;{}&#8221;][\/et_pb_divider][\/et_pb_column][et_pb_column type=&#8221;3_5&#8243; _builder_version=&#8221;4.27.4&#8243; _module_preset=&#8221;default&#8221; global_colors_info=&#8221;{}&#8221;][\/et_pb_column][\/et_pb_row][et_pb_row column_structure=&#8221;1_3,2_3&#8243; _builder_version=&#8221;4.27.4&#8243; _module_preset=&#8221;default&#8221; global_colors_info=&#8221;{}&#8221;][et_pb_column type=&#8221;1_3&#8243; _builder_version=&#8221;4.27.4&#8243; _module_preset=&#8221;default&#8221; global_colors_info=&#8221;{}&#8221;][et_pb_image src=&#8221;https:\/\/opusaris.com\/wp-content\/uploads\/2025\/07\/OpusCreation.jpg&#8221; title_text=&#8221;kamera&#8221; _builder_version=&#8221;4.27.4&#8243; _module_preset=&#8221;default&#8221; global_colors_info=&#8221;{}&#8221;][\/et_pb_image][\/et_pb_column][et_pb_column type=&#8221;2_3&#8243; _builder_version=&#8221;4.27.4&#8243; _module_preset=&#8221;default&#8221; global_colors_info=&#8221;{}&#8221;][et_pb_text module_id=&#8221;content&#8221; _builder_version=&#8221;4.27.4&#8243; _module_preset=&#8221;default&#8221; header_4_font=&#8221;|600|||||||&#8221; global_colors_info=&#8221;{}&#8221;]<\/p>\n<h1>Indhold der informerer, engagerer og konverterer<\/h1>\n<p data-start=\"187\" data-end=\"425\">Vi skaber indhold, der taler til IT-beslutningstagere &#8211; og bygger bro mellem teknisk dybde og forretningsm\u00e6ssig relevans. Uanset om du opbygger bevidsthed eller muligg\u00f8r salg, er vores indhold designet til at uddanne, differentiere og drive handling. <\/p>\n<p data-start=\"427\" data-end=\"589\">I t\u00e6t samarbejde med dine produkt- og marketingteams sikrer vi, at hvert stykke er i overensstemmelse med din messaging-ramme, leverand\u00f8rkrav og go-to-market-strategi.<\/p>\n<p data-start=\"591\" data-end=\"850\" style=\"padding-left: 40px\"><strong data-start=\"591\" data-end=\"613\">Tankeledersskab<\/strong><br data-start=\"613\" data-end=\"616\">Vi udarbejder indsigtsfulde artikler, guider og meningsindl\u00e6g, der positionerer dit brand som en ekspert p\u00e5 sit felt. Vores indhold hj\u00e6lper dig med at lede samtaler om enterprise IT-tendenser, transformationsstrategier og tv\u00e6rg\u00e5ende leverand\u00f8rinnovation. <\/p>\n<p data-start=\"852\" data-end=\"1154\" style=\"padding-left: 40px\"><strong data-start=\"852\" data-end=\"891\">Break\/fix-demoer (optagede sessioner)<\/strong><br data-start=\"891\" data-end=\"894\">Vi skriver manuskript til, optager og redigerer praktiske demoer, der viser probleml\u00f8sning i den virkelige verden &#8211; s\u00e5som at l\u00f8se et SAN-problem, gendanne backups eller l\u00f8se databasekorruption. Disse videoer opbygger trov\u00e6rdighed og g\u00f8r komplekse tekniske funktioner tilg\u00e6ngelige og h\u00e5ndgribelige. <\/p>\n<p data-start=\"1156\" data-end=\"1437\" style=\"padding-left: 40px\"><strong data-start=\"1156\" data-end=\"1194\">Infografikker og l\u00f8sningsforklaringer<\/strong><br data-start=\"1194\" data-end=\"1197\">Vi visualiserer dine l\u00f8sninger gennem klare, engagerende grafikker og forklaringer, der forenkler kompleksitet &#8211; ideelt til salg, sociale medier og kampagnelandingssider. Uanset om det er arkitektur, fordele eller use cases, bringer vi det til live visuelt. <\/p>\n<p data-start=\"1439\" data-end=\"1678\">Alt indhold planl\u00e6gges, skabes og styres af OpusAris &#8211; fra koncept til levering &#8211; s\u00e5 du kan fokusere p\u00e5 eksekvering. Som dit integrerede marketingteam sikrer vi, at dit indhold ikke kun underst\u00f8tter kampagner, men tilf\u00f8jer langsigtet v\u00e6rdi p\u00e5 tv\u00e6rs af kanaler. <\/p>\n<p>[\/et_pb_text][\/et_pb_column][\/et_pb_row][\/et_pb_section]<\/p>\n","protected":false},"excerpt":{"rendered":"<p>Vores ydelser Vi er et full-service marketingbureau, der hj\u00e6lper IT-leverand\u00f8rer med at k\u00f8re marketing p\u00e5 enterprise-niveau. Vi fungerer som en integreret marketingafdeling og styrer strategi, kampagner, indhold og kreativitet, mens vi er fuldt integreret med dit team. T\u00e6nk p\u00e5 os som din on-demand marketingafdeling, der leverer resultater uden at tilf\u00f8je personale. Messaging-arkitektur Kampagneplanl\u00e6gning Cross-vendor GTM-tilpasning [&hellip;]<\/p>\n","protected":false},"author":1,"featured_media":0,"parent":0,"menu_order":0,"comment_status":"closed","ping_status":"closed","template":"","meta":{"_et_pb_use_builder":"on","_et_pb_old_content":"","_et_gb_content_width":"","footnotes":""},"class_list":["post-1033","page","type-page","status-publish","hentry"],"_links":{"self":[{"href":"https:\/\/opusaris.com\/da\/wp-json\/wp\/v2\/pages\/1033","targetHints":{"allow":["GET"]}}],"collection":[{"href":"https:\/\/opusaris.com\/da\/wp-json\/wp\/v2\/pages"}],"about":[{"href":"https:\/\/opusaris.com\/da\/wp-json\/wp\/v2\/types\/page"}],"author":[{"embeddable":true,"href":"https:\/\/opusaris.com\/da\/wp-json\/wp\/v2\/users\/1"}],"replies":[{"embeddable":true,"href":"https:\/\/opusaris.com\/da\/wp-json\/wp\/v2\/comments?post=1033"}],"version-history":[{"count":25,"href":"https:\/\/opusaris.com\/da\/wp-json\/wp\/v2\/pages\/1033\/revisions"}],"predecessor-version":[{"id":2813,"href":"https:\/\/opusaris.com\/da\/wp-json\/wp\/v2\/pages\/1033\/revisions\/2813"}],"wp:attachment":[{"href":"https:\/\/opusaris.com\/da\/wp-json\/wp\/v2\/media?parent=1033"}],"curies":[{"name":"wp","href":"https:\/\/api.w.org\/{rel}","templated":true}]}}