{"id":1005,"date":"2025-07-25T11:03:04","date_gmt":"2025-07-25T11:03:04","guid":{"rendered":"https:\/\/opusaris.com\/obmondo\/"},"modified":"2026-01-26T22:42:09","modified_gmt":"2026-01-26T22:42:09","slug":"obmondo","status":"publish","type":"page","link":"https:\/\/opusaris.com\/da\/obmondo\/","title":{"rendered":"Obmondo"},"content":{"rendered":"<p>[et_pb_section fb_built=&#8221;1&#8243; _builder_version=&#8221;4.27.4&#8243; _module_preset=&#8221;default&#8221; use_background_color_gradient=&#8221;on&#8221; background_color_gradient_direction=&#8221;58deg&#8221; background_color_gradient_stops=&#8221;gcid-58417ebb-1391-40ba-ae2f-2c799fdb5efa 33%|rgba(255,255,255,0) 66%&#8221; background_image=&#8221;https:\/\/opusaris.com\/wp-content\/uploads\/2025\/07\/Nyhavn.webp&#8221; background_blend=&#8221;overlay&#8221; hover_enabled=&#8221;0&#8243; global_colors_info=&#8221;{%22gcid-58417ebb-1391-40ba-ae2f-2c799fdb5efa%22:%91%22background_color_gradient_stops%22%93}&#8221; theme_builder_area=&#8221;post_content&#8221; title_text=&#8221;Nyhavn&#8221; sticky_enabled=&#8221;0&#8243;][et_pb_row column_structure=&#8221;2_5,3_5&#8243; _builder_version=&#8221;4.27.4&#8243; _module_preset=&#8221;default&#8221; global_colors_info=&#8221;{}&#8221; theme_builder_area=&#8221;post_content&#8221;][et_pb_column type=&#8221;2_5&#8243; _builder_version=&#8221;4.27.4&#8243; _module_preset=&#8221;default&#8221; global_colors_info=&#8221;{}&#8221; theme_builder_area=&#8221;post_content&#8221;][et_pb_heading title=&#8221;Obmondo Danmark&#8221; _builder_version=&#8221;4.27.4&#8243; _module_preset=&#8221;default&#8221; hover_enabled=&#8221;0&#8243; global_colors_info=&#8221;{}&#8221; theme_builder_area=&#8221;post_content&#8221; sticky_enabled=&#8221;0&#8243;][\/et_pb_heading][et_pb_text _builder_version=&#8221;4.27.4&#8243; _module_preset=&#8221;default&#8221; hover_enabled=&#8221;0&#8243; global_colors_info=&#8221;{}&#8221; theme_builder_area=&#8221;post_content&#8221; sticky_enabled=&#8221;0&#8243;]<\/p>\n<p>Obmondo, en DevOps-virksomhed baseret i Danmark, har etableret et st\u00e6rkt omd\u00f8mme for at levere banebrydende teknologil\u00f8sninger. Deres bem\u00e6rkelsesv\u00e6rdige organiske v\u00e6kst har v\u00e6ret drevet af deres tekniske ekspertise og dybe fokus p\u00e5 open source-innovation og -udvikling. Virksomheden stod dog over for en betydelig udfordring: at overg\u00e5 fra ren organisk v\u00e6kst til at skalere en h\u00f8jtydende salgsmotor.  <\/p>\n<p>[\/et_pb_text][\/et_pb_column][et_pb_column type=&#8221;3_5&#8243; _builder_version=&#8221;4.27.4&#8243; _module_preset=&#8221;default&#8221; global_colors_info=&#8221;{}&#8221; theme_builder_area=&#8221;post_content&#8221;][\/et_pb_column][\/et_pb_row][\/et_pb_section][et_pb_section fb_built=&#8221;1&#8243; _builder_version=&#8221;4.27.4&#8243; _module_preset=&#8221;default&#8221; global_colors_info=&#8221;{}&#8221; theme_builder_area=&#8221;post_content&#8221;][et_pb_row column_structure=&#8221;1_2,1_2&#8243; _builder_version=&#8221;4.27.4&#8243; _module_preset=&#8221;default&#8221; global_colors_info=&#8221;{}&#8221; theme_builder_area=&#8221;post_content&#8221;][et_pb_column type=&#8221;1_2&#8243; _builder_version=&#8221;4.27.4&#8243; _module_preset=&#8221;default&#8221; global_colors_info=&#8221;{}&#8221; theme_builder_area=&#8221;post_content&#8221;][et_pb_text _builder_version=&#8221;4.27.4&#8243; _module_preset=&#8221;default&#8221; hover_enabled=&#8221;0&#8243; global_colors_info=&#8221;{}&#8221; theme_builder_area=&#8221;post_content&#8221; sticky_enabled=&#8221;0&#8243;]<\/p>\n<h4>INTRO<\/h4>\n<h3>Obmondos samarbejde med OpusAris markerer et afg\u00f8rende \u00f8jeblik i virksomhedens v\u00e6kstrejse<\/h3>\n<p>[\/et_pb_text][et_pb_divider _builder_version=&#8221;4.27.4&#8243; _module_preset=&#8221;default&#8221; width=&#8221;20%&#8221; global_colors_info=&#8221;{}&#8221; theme_builder_area=&#8221;post_content&#8221;][\/et_pb_divider][et_pb_text _builder_version=&#8221;4.27.4&#8243; _module_preset=&#8221;default&#8221; hover_enabled=&#8221;0&#8243; global_colors_info=&#8221;{}&#8221; theme_builder_area=&#8221;post_content&#8221; sticky_enabled=&#8221;0&#8243;]<\/p>\n<p>Som en teknologicentreret organisation fandt Obmondo det sv\u00e6rt at tiltr\u00e6kke og motivere en resultatorienteret salgsstyrke. Deres eksisterende salgsstruktur manglede de incitamenter og den klarhed, der kr\u00e6ves for at fremme en konkurrencedygtig, h\u00f8jtpr\u00e6sterende salgskultur. Denne udfordring begr\u00e6nsede deres evne til konsekvent at bringe nye forretningsmuligheder til bordet og opretholde deres v\u00e6kstmomentum.  <\/p>\n<h3>Udfordringen<\/h3>\n<ul>\n<li style=\"list-style-type: none\">\n<ul>\n<li>Udvikle en salgsmodel, der er i overensstemmelse med Obmondos ambiti\u00f8se v\u00e6kstm\u00e5l.<\/li>\n<li>Skabe en struktur, der tiltr\u00e6kker og motiverer \u00bbjagende\u00ab salgsprofiler.<\/li>\n<li>Balancere den \u00f8konomiske b\u00e6redygtighed af incitamentsplanen med behovet for at tilbyde konkurrencedygtige indtjeningsmuligheder for topud\u00f8vere.<\/li>\n<\/ul>\n<\/li>\n<\/ul>\n<h3>L\u00f8sningen<\/h3>\n<p>Obmondo indgik partnerskab med OpusAris for at designe en konkurrencedygtig, skalerbar salgsincitamentsmodel. OpusAris gennemf\u00f8rte en grundig evaluering af Obmondos marked, v\u00e6kstm\u00e5l og salgsdynamik for at udarbejde en skr\u00e6ddersyet strategi tilpasset virksomhedens behov. Fokus for l\u00f8sningen var todelt:  <\/p>\n<ol>\n<li style=\"list-style-type: none\">\n<ol>\n<li>Attraktivt indtjeningspotentiale: Modellen sikrer, at toppr\u00e6sterende salgsprofessionelle kan tjene en fremragende l\u00f8n, hvilket g\u00f8r Obmondo til en destination for talent af h\u00f8j kaliber.<\/li>\n<li>Pr\u00e6stationsdrevne incitamenter: Ved at afstemme kompensation med klare salgsmilestene og forretningsm\u00e5l motiverer modellen salgsrepr\u00e6sentanter til at levere konsistente resultater.<\/li>\n<\/ol>\n<\/li>\n<\/ol>\n<h3>N\u00f8gleresultater<\/h3>\n<ul>\n<li style=\"list-style-type: none\">\n<ul>\n<li>Tiltr\u00e6kning af toptalent: Den konkurrencedygtige incitamentsstruktur tiltrak erfarne salgsprofessionelle med dokumenterede resultater i v\u00e6kstfokuserede roller.<\/li>\n<li>Forbedret salgspr\u00e6station: Den jagtorienterede incitamentsplan skaber en salgskultur drevet af ansvarlighed og ambition.<\/li>\n<li>B\u00e6redygtig forretningsv\u00e6kst: Med en funktionel salgsmotor begyndte Obmondo at se en stabil tilstr\u00f8mning af nye forretningsmuligheder, der komplementerer deres eksisterende organiske v\u00e6kststrategi.<\/li>\n<\/ul>\n<\/li>\n<\/ul>\n<h3>Konklusion<\/h3>\n<p>Obmondos samarbejde med OpusAris markerer et afg\u00f8rende \u00f8jeblik i virksomhedens v\u00e6kstrejse. Den skr\u00e6ddersyede salgsmodel har givet dem den konkurrencem\u00e6ssige fordel, der er n\u00f8dvendig for at trives i et stadig mere kr\u00e6vende marked. Denne case understreger v\u00e6rdien af at kombinere teknisk innovation med strategisk salgsaktivering for vedvarende forretningsm\u00e6ssig succes.  <\/p>\n<p>[\/et_pb_text][\/et_pb_column][et_pb_column type=&#8221;1_2&#8243; _builder_version=&#8221;4.27.4&#8243; _module_preset=&#8221;default&#8221; global_colors_info=&#8221;{}&#8221; theme_builder_area=&#8221;post_content&#8221;][et_pb_image src=&#8221;https:\/\/opusaris.com\/wp-content\/uploads\/2025\/03\/logo-without-tagline-300&#215;65.png&#8221; title_text=&#8221;logo-uden-slogan&#8221; _builder_version=&#8221;4.27.4&#8243; _module_preset=&#8221;default&#8221; hover_enabled=&#8221;0&#8243; global_colors_info=&#8221;{}&#8221; theme_builder_area=&#8221;post_content&#8221; sticky_enabled=&#8221;0&#8243;][\/et_pb_image][et_pb_testimonial author=&#8221;Klavs Klavsen&#8221; job_title=&#8221;Administrerende direkt\u00f8r&#8221; company_name=&#8221;Obmondo Danmark&#8221; url=&#8221;https:\/\/load.se\/&#8221; portrait_url=&#8221;https:\/\/opusaris.com\/wp-content\/uploads\/2025\/03\/KlavsKlavsenSQ.png&#8221; _builder_version=&#8221;4.27.4&#8243; _module_preset=&#8221;default&#8221; hover_enabled=&#8221;0&#8243; global_colors_info=&#8221;{}&#8221; theme_builder_area=&#8221;post_content&#8221; title_text=&#8221;KlavsKlavsenSQ&#8221; sticky_enabled=&#8221;0&#8243;]<\/p>\n<p><span>Vi vidste, at opbygningen af en st\u00e6rk salgsmotor var afg\u00f8rende for vores n\u00e6ste v\u00e6kstfase, men vi manglede ekspertisen til at f\u00e5 det til at ske. OpusAris hjalp os med at skabe en model, der ikke kun tiltrak det rigtige talent, men ogs\u00e5 bemyndigede vores team til at pr\u00e6stere. Resultaterne har v\u00e6ret transformerende.  <\/span><\/p>\n<p>[\/et_pb_testimonial][\/et_pb_column][\/et_pb_row][\/et_pb_section]<\/p>\n","protected":false},"excerpt":{"rendered":"<p>Obmondo, en DevOps-virksomhed baseret i Danmark, har etableret et st\u00e6rkt omd\u00f8mme for at levere banebrydende teknologil\u00f8sninger. Deres bem\u00e6rkelsesv\u00e6rdige organiske v\u00e6kst har v\u00e6ret drevet af deres tekniske ekspertise og dybe fokus p\u00e5 open source-innovation og -udvikling. Virksomheden stod dog over for en betydelig udfordring: at overg\u00e5 fra ren organisk v\u00e6kst til at skalere en h\u00f8jtydende salgsmotor. [&hellip;]<\/p>\n","protected":false},"author":1,"featured_media":0,"parent":0,"menu_order":0,"comment_status":"closed","ping_status":"closed","template":"","meta":{"_et_pb_use_builder":"on","_et_pb_old_content":"","_et_gb_content_width":"","footnotes":""},"class_list":["post-1005","page","type-page","status-publish","hentry"],"_links":{"self":[{"href":"https:\/\/opusaris.com\/da\/wp-json\/wp\/v2\/pages\/1005","targetHints":{"allow":["GET"]}}],"collection":[{"href":"https:\/\/opusaris.com\/da\/wp-json\/wp\/v2\/pages"}],"about":[{"href":"https:\/\/opusaris.com\/da\/wp-json\/wp\/v2\/types\/page"}],"author":[{"embeddable":true,"href":"https:\/\/opusaris.com\/da\/wp-json\/wp\/v2\/users\/1"}],"replies":[{"embeddable":true,"href":"https:\/\/opusaris.com\/da\/wp-json\/wp\/v2\/comments?post=1005"}],"version-history":[{"count":12,"href":"https:\/\/opusaris.com\/da\/wp-json\/wp\/v2\/pages\/1005\/revisions"}],"predecessor-version":[{"id":2564,"href":"https:\/\/opusaris.com\/da\/wp-json\/wp\/v2\/pages\/1005\/revisions\/2564"}],"wp:attachment":[{"href":"https:\/\/opusaris.com\/da\/wp-json\/wp\/v2\/media?parent=1005"}],"curies":[{"name":"wp","href":"https:\/\/api.w.org\/{rel}","templated":true}]}}